{"id":2123,"date":"2021-06-15T07:26:59","date_gmt":"2021-06-15T06:26:59","guid":{"rendered":"https:\/\/www.varprovence-cruise.com\/fr\/domaine-dorves-an-extraordinary-garden-next-door-to-the-ports-of-toulon-bay"},"modified":"2022-05-04T11:39:16","modified_gmt":"2022-05-04T09:39:16","slug":"domaine-dorves-un-jardin-remarquable-aux-portes-de-la-rade-de-toulon","status":"publish","type":"page","link":"https:\/\/www.varprovence-cruise.com\/fr\/experience-var-provence\/idees-dexcursions\/domaine-dorves-un-jardin-remarquable-aux-portes-de-la-rade-de-toulon\/","title":{"rendered":"Domaine d&rsquo;Orv\u00e8s : un jardin remarquable aux portes de la rade de Toulon"},"content":{"rendered":"<h2>Le Domaine d\u2019Orv\u00e8s<\/h2>\n<p>Charm\u00e9 par la maison et ses 8 hectares, l&rsquo;artiste-peintre Pierre Duval rach\u00e8te le domaine en 1925 et y installe son atelier. De nos jours, les descendants du peintre perp\u00e9tuent l&rsquo;histoire passionn\u00e9e du lieu, tout en transformant une partie du domaine en un jardin majestueux.<\/p>\n<p>La maison du XVIIe si\u00e8cle, une bastide proven\u00e7ale, est class\u00e9e Monument Historique depuis 1993, et le jardin est class\u00e9 \u00ab Jardin Remarquable \u00bb par le Minist\u00e8re de la Culture depuis 2005.<\/p>\n<p><img loading=\"lazy\" class=\"alignnone  wp-image-4998\" src=\"https:\/\/www.varprovence-cruise.com\/fr\/wp-content\/uploads\/sites\/2\/2020\/07\/domaine-dorves-cdomaine-dorves-2.jpg\" alt=\"\" width=\"1578\" height=\"1183\" srcset=\"https:\/\/www.varprovence-cruise.com\/fr\/wp-content\/uploads\/sites\/2\/2020\/07\/domaine-dorves-cdomaine-dorves-2.jpg 4000w, https:\/\/www.varprovence-cruise.com\/fr\/wp-content\/uploads\/sites\/2\/2020\/07\/domaine-dorves-cdomaine-dorves-2-300x225.jpg 300w, https:\/\/www.varprovence-cruise.com\/fr\/wp-content\/uploads\/sites\/2\/2020\/07\/domaine-dorves-cdomaine-dorves-2-768x576.jpg 768w, https:\/\/www.varprovence-cruise.com\/fr\/wp-content\/uploads\/sites\/2\/2020\/07\/domaine-dorves-cdomaine-dorves-2-1024x768.jpg 1024w, https:\/\/www.varprovence-cruise.com\/fr\/wp-content\/uploads\/sites\/2\/2020\/07\/domaine-dorves-cdomaine-dorves-2-767x575.jpg 767w, https:\/\/www.varprovence-cruise.com\/fr\/wp-content\/uploads\/sites\/2\/2020\/07\/domaine-dorves-cdomaine-dorves-2-1023x767.jpg 1023w, https:\/\/www.varprovence-cruise.com\/fr\/wp-content\/uploads\/sites\/2\/2020\/07\/domaine-dorves-cdomaine-dorves-2-1800x1350.jpg 1800w, https:\/\/www.varprovence-cruise.com\/fr\/wp-content\/uploads\/sites\/2\/2020\/07\/domaine-dorves-cdomaine-dorves-2-180x135.jpg 180w, https:\/\/www.varprovence-cruise.com\/fr\/wp-content\/uploads\/sites\/2\/2020\/07\/domaine-dorves-cdomaine-dorves-2-315x236.jpg 315w, https:\/\/www.varprovence-cruise.com\/fr\/wp-content\/uploads\/sites\/2\/2020\/07\/domaine-dorves-cdomaine-dorves-2-380x285.jpg 380w, https:\/\/www.varprovence-cruise.com\/fr\/wp-content\/uploads\/sites\/2\/2020\/07\/domaine-dorves-cdomaine-dorves-2-44x33.jpg 44w, https:\/\/www.varprovence-cruise.com\/fr\/wp-content\/uploads\/sites\/2\/2020\/07\/domaine-dorves-cdomaine-dorves-2-80x60.jpg 80w, https:\/\/www.varprovence-cruise.com\/fr\/wp-content\/uploads\/sites\/2\/2020\/07\/domaine-dorves-cdomaine-dorves-2-83x62.jpg 83w, https:\/\/www.varprovence-cruise.com\/fr\/wp-content\/uploads\/sites\/2\/2020\/07\/domaine-dorves-cdomaine-dorves-2-165x124.jpg 165w, https:\/\/www.varprovence-cruise.com\/fr\/wp-content\/uploads\/sites\/2\/2020\/07\/domaine-dorves-cdomaine-dorves-2-40x30.jpg 40w, https:\/\/www.varprovence-cruise.com\/fr\/wp-content\/uploads\/sites\/2\/2020\/07\/domaine-dorves-cdomaine-dorves-2-86x65.jpg 86w\" sizes=\"(max-width: 1578px) 100vw, 1578px\" \/><\/p>\n<h3>Caract\u00e9ristiques du Domaine d\u2019Orv\u00e8s<\/h3>\n<p>Le domaine est connu des amoureux de la nature pour la vari\u00e9t\u00e9 de sa v\u00e9g\u00e9tation (rosiers, arbousiers, mimosas\u2026) et la beaut\u00e9 de son sentier (environ 20 min de marche) qui traverse une oliveraie, un bois, et une prairie. Fontaines, abreuvoirs et ancienne chapelle se dressent dans le jardin.<\/p>\n<p>Les visiteurs peuvent \u00e9galement venir dans la \u00ab Bastide \u00bb pour visiter l&rsquo;ancien atelier de Pierre Duval, et en apprendre davantage sur ce peintre post-impressionniste fran\u00e7ais. Une partie de son travail est expos\u00e9e dans la maison, et des ateliers d&rsquo;Art sont propos\u00e9s.<\/p>\n<p>La cuisine traditionnelle proven\u00e7ale en bois est l&rsquo;endroit id\u00e9al pour cuisiner des plats locaux avec un Chef, et le salon offre 2 pianos pour les musiciens<\/p>\n<h3>QUE FAIRE<\/h3>\n<ul>\n<li>Visite guid\u00e9e du domaine avec ateliers de jardinage.<\/li>\n<li>Cours de cuisine avec un Chef, \u00e0 l&rsquo;int\u00e9rieur de la maison (dans la cuisine traditionnelle proven\u00e7ale) ou \u00e0 l&rsquo;ext\u00e9rieur (en terrasse).<\/li>\n<li>Ateliers d&rsquo;art avec un artiste local.<\/li>\n<li>S\u00e9ances musicales dans le salon de la Bastide.<\/li>\n<\/ul>\n","protected":false},"excerpt":{"rendered":"<p>Le Domaine d\u2019Orv\u00e8s Charm\u00e9 par la maison et ses 8 hectares, l&rsquo;artiste-peintre Pierre Duval rach\u00e8te le domaine en 1925 et y installe son atelier. De nos jours, les descendants du peintre perp\u00e9tuent l&rsquo;histoire passionn\u00e9e du lieu, tout en transformant une partie du domaine en un jardin majestueux. La maison du XVIIe si\u00e8cle, une bastide proven\u00e7ale, [&hellip;]<\/p>\n","protected":false},"author":1,"featured_media":4997,"parent":147,"menu_order":0,"comment_status":"closed","ping_status":"closed","template":"","meta":[],"_links":{"self":[{"href":"https:\/\/www.varprovence-cruise.com\/fr\/wp-json\/wp\/v2\/pages\/2123"}],"collection":[{"href":"https:\/\/www.varprovence-cruise.com\/fr\/wp-json\/wp\/v2\/pages"}],"about":[{"href":"https:\/\/www.varprovence-cruise.com\/fr\/wp-json\/wp\/v2\/types\/page"}],"author":[{"embeddable":true,"href":"https:\/\/www.varprovence-cruise.com\/fr\/wp-json\/wp\/v2\/users\/1"}],"replies":[{"embeddable":true,"href":"https:\/\/www.varprovence-cruise.com\/fr\/wp-json\/wp\/v2\/comments?post=2123"}],"version-history":[{"count":5,"href":"https:\/\/www.varprovence-cruise.com\/fr\/wp-json\/wp\/v2\/pages\/2123\/revisions"}],"predecessor-version":[{"id":17740,"href":"https:\/\/www.varprovence-cruise.com\/fr\/wp-json\/wp\/v2\/pages\/2123\/revisions\/17740"}],"up":[{"embeddable":true,"href":"https:\/\/www.varprovence-cruise.com\/fr\/wp-json\/wp\/v2\/pages\/147"}],"wp:featuredmedia":[{"embeddable":true,"href":"https:\/\/www.varprovence-cruise.com\/fr\/wp-json\/wp\/v2\/media\/4997"}],"wp:attachment":[{"href":"https:\/\/www.varprovence-cruise.com\/fr\/wp-json\/wp\/v2\/media?parent=2123"}],"curies":[{"name":"wp","href":"https:\/\/api.w.org\/{rel}","templated":true}]}}