{"id":2121,"date":"2021-06-15T07:26:59","date_gmt":"2021-06-15T06:26:59","guid":{"rendered":"https:\/\/www.varprovence-cruise.com\/fr\/gorges-du-verdon-the-most-beautiful-canyon-in-europe"},"modified":"2022-05-02T00:10:56","modified_gmt":"2022-05-01T22:10:56","slug":"gorges-du-verdon-le-plus-beau-canyon-deurope","status":"publish","type":"page","link":"https:\/\/www.varprovence-cruise.com\/fr\/experience-var-provence\/idees-dexcursions\/gorges-du-verdon-le-plus-beau-canyon-deurope\/","title":{"rendered":"Gorges du Verdon : Le plus beau canyon d&rsquo;Europe"},"content":{"rendered":"<h2><strong>Les Gorges du Verdon <\/strong><\/h2>\n<p>Le Grand Canyon du Verdon est consid\u00e9r\u00e9 comme le canyon le plus beau et le plus profond d&rsquo;Europe. Enjambant deux d\u00e9partements (les Alpes de Haute Provence et le Var), le canyon a \u00e9t\u00e9 creus\u00e9 par le Verdon pendant des milliers d&rsquo;ann\u00e9es. Il mesure aujourd&rsquo;hui 50 km de long avec certaines parties allant jusqu&rsquo;\u00e0 700 m\u00e8tres de profondeur. Ce site unique est class\u00e9 \u00ab\u00a0Grand Site de France\u00a0\u00bb. Un vrai joyau \u00e0 d\u00e9couvrir!<\/p>\n<p>Il existe de nombreuses fa\u00e7ons de d\u00e9couvrir les Gorges du Verdon. Les visiteurs peuvent admirer la vue spectaculaire sur la route panoramique. Le \u00ab Point Sublime \u00bb est une halte appr\u00e9ci\u00e9e pour profiter d&rsquo;une vue imprenable sur le \u00ab Couloir Samson \u00bb (une falaise profonde) ou pour d\u00e9buter une randonn\u00e9e sur le \u00ab Sentier Martel \u00bb.<\/p>\n<p>Pour ceux qui n&rsquo;ont qu&rsquo;une escale d&rsquo;une journ\u00e9e, la partie la plus int\u00e9ressante des Gorges du Verdon se situe autour du lac de Sainte-Croix. Le village typique de Moustiers-Sainte-Marie, cit\u00e9 de la Poterie, est un incontournable : Quel plaisir de fl\u00e2ner dans les ruelles aux multiples boutiques et caf\u00e9s ! Aussi, le village d&rsquo;Aiguines m\u00e9rite une visite en raison de sa vue sur le lac et son prestigieux ch\u00e2teau perch\u00e9.<\/p>\n<p><strong>Atouts du Verdon<\/strong><\/p>\n<p>Le lac de Sainte-Croix, porte des gorges du Verdon, est l&rsquo;endroit id\u00e9al pour se baigner ou entrer dans le canyon par la rivi\u00e8re (cano\u00eb ou p\u00e9dalo).<\/p>\n<p><img loading=\"lazy\" class=\"aligncenter  wp-image-3523\" src=\"https:\/\/www.varprovence-cruise.com\/fr\/wp-content\/uploads\/sites\/2\/2020\/04\/lac-saint-croix-verdon-cvarttourisme.jpg\" alt=\"\" width=\"913\" height=\"685\" srcset=\"https:\/\/www.varprovence-cruise.com\/fr\/wp-content\/uploads\/sites\/2\/2020\/04\/lac-saint-croix-verdon-cvarttourisme.jpg 4928w, https:\/\/www.varprovence-cruise.com\/fr\/wp-content\/uploads\/sites\/2\/2020\/04\/lac-saint-croix-verdon-cvarttourisme-300x225.jpg 300w, https:\/\/www.varprovence-cruise.com\/fr\/wp-content\/uploads\/sites\/2\/2020\/04\/lac-saint-croix-verdon-cvarttourisme-768x576.jpg 768w, https:\/\/www.varprovence-cruise.com\/fr\/wp-content\/uploads\/sites\/2\/2020\/04\/lac-saint-croix-verdon-cvarttourisme-1024x768.jpg 1024w, https:\/\/www.varprovence-cruise.com\/fr\/wp-content\/uploads\/sites\/2\/2020\/04\/lac-saint-croix-verdon-cvarttourisme-767x575.jpg 767w, https:\/\/www.varprovence-cruise.com\/fr\/wp-content\/uploads\/sites\/2\/2020\/04\/lac-saint-croix-verdon-cvarttourisme-1023x767.jpg 1023w, https:\/\/www.varprovence-cruise.com\/fr\/wp-content\/uploads\/sites\/2\/2020\/04\/lac-saint-croix-verdon-cvarttourisme-1800x1350.jpg 1800w, https:\/\/www.varprovence-cruise.com\/fr\/wp-content\/uploads\/sites\/2\/2020\/04\/lac-saint-croix-verdon-cvarttourisme-180x135.jpg 180w, https:\/\/www.varprovence-cruise.com\/fr\/wp-content\/uploads\/sites\/2\/2020\/04\/lac-saint-croix-verdon-cvarttourisme-315x236.jpg 315w, https:\/\/www.varprovence-cruise.com\/fr\/wp-content\/uploads\/sites\/2\/2020\/04\/lac-saint-croix-verdon-cvarttourisme-380x285.jpg 380w, https:\/\/www.varprovence-cruise.com\/fr\/wp-content\/uploads\/sites\/2\/2020\/04\/lac-saint-croix-verdon-cvarttourisme-44x33.jpg 44w, https:\/\/www.varprovence-cruise.com\/fr\/wp-content\/uploads\/sites\/2\/2020\/04\/lac-saint-croix-verdon-cvarttourisme-80x60.jpg 80w, https:\/\/www.varprovence-cruise.com\/fr\/wp-content\/uploads\/sites\/2\/2020\/04\/lac-saint-croix-verdon-cvarttourisme-83x62.jpg 83w, https:\/\/www.varprovence-cruise.com\/fr\/wp-content\/uploads\/sites\/2\/2020\/04\/lac-saint-croix-verdon-cvarttourisme-165x124.jpg 165w, https:\/\/www.varprovence-cruise.com\/fr\/wp-content\/uploads\/sites\/2\/2020\/04\/lac-saint-croix-verdon-cvarttourisme-40x30.jpg 40w, https:\/\/www.varprovence-cruise.com\/fr\/wp-content\/uploads\/sites\/2\/2020\/04\/lac-saint-croix-verdon-cvarttourisme-86x65.jpg 86w\" sizes=\"(max-width: 913px) 100vw, 913px\" \/><\/p>\n<h3>QUE FAIRE:<\/h3>\n<ul>\n<li>Route panoramique + village de Moustiers-Sainte-Marie, cit\u00e9 de la poterie + lac Sainte-Croix.<\/li>\n<li>Activit\u00e9s sur le lac de Sainte-Croix : cano\u00eb ou p\u00e9dalo \u00e0 travers le canyon.<\/li>\n<li>Pour en savoir plus : visite du Ch\u00e2teau d&rsquo;Aiguines. Prestations haut de gamme : sauna, piscine, cave \u00e0 vin, mus\u00e9e d&rsquo;art.<\/li>\n<li>Pour en savoir plus : de juin \u00e0 fin juillet, c&rsquo;est le temps de la lavande ! Sur la route du Verdon, le plateau de Valensole est le meilleur endroit pour voir les \u00e9tendues de champs violets!<\/li>\n<\/ul>\n","protected":false},"excerpt":{"rendered":"<p>Les Gorges du Verdon Le Grand Canyon du Verdon est consid\u00e9r\u00e9 comme le canyon le plus beau et le plus profond d&rsquo;Europe. Enjambant deux d\u00e9partements (les Alpes de Haute Provence et le Var), le canyon a \u00e9t\u00e9 creus\u00e9 par le Verdon pendant des milliers d&rsquo;ann\u00e9es. Il mesure aujourd&rsquo;hui 50 km de long avec certaines parties [&hellip;]<\/p>\n","protected":false},"author":1,"featured_media":3521,"parent":147,"menu_order":0,"comment_status":"closed","ping_status":"closed","template":"","meta":[],"_links":{"self":[{"href":"https:\/\/www.varprovence-cruise.com\/fr\/wp-json\/wp\/v2\/pages\/2121"}],"collection":[{"href":"https:\/\/www.varprovence-cruise.com\/fr\/wp-json\/wp\/v2\/pages"}],"about":[{"href":"https:\/\/www.varprovence-cruise.com\/fr\/wp-json\/wp\/v2\/types\/page"}],"author":[{"embeddable":true,"href":"https:\/\/www.varprovence-cruise.com\/fr\/wp-json\/wp\/v2\/users\/1"}],"replies":[{"embeddable":true,"href":"https:\/\/www.varprovence-cruise.com\/fr\/wp-json\/wp\/v2\/comments?post=2121"}],"version-history":[{"count":7,"href":"https:\/\/www.varprovence-cruise.com\/fr\/wp-json\/wp\/v2\/pages\/2121\/revisions"}],"predecessor-version":[{"id":17400,"href":"https:\/\/www.varprovence-cruise.com\/fr\/wp-json\/wp\/v2\/pages\/2121\/revisions\/17400"}],"up":[{"embeddable":true,"href":"https:\/\/www.varprovence-cruise.com\/fr\/wp-json\/wp\/v2\/pages\/147"}],"wp:featuredmedia":[{"embeddable":true,"href":"https:\/\/www.varprovence-cruise.com\/fr\/wp-json\/wp\/v2\/media\/3521"}],"wp:attachment":[{"href":"https:\/\/www.varprovence-cruise.com\/fr\/wp-json\/wp\/v2\/media?parent=2121"}],"curies":[{"name":"wp","href":"https:\/\/api.w.org\/{rel}","templated":true}]}}