{"id":2115,"date":"2021-06-15T07:26:59","date_gmt":"2021-06-15T06:26:59","guid":{"rendered":"https:\/\/www.varprovence-cruise.com\/fr\/la-cadiere-dazur-best-kept-secret-provencal-village"},"modified":"2022-05-02T00:13:25","modified_gmt":"2022-05-01T22:13:25","slug":"la-cadiere-dazur-le-village-secret-de-provence","status":"publish","type":"page","link":"https:\/\/www.varprovence-cruise.com\/fr\/experience-var-provence\/idees-dexcursions\/la-cadiere-dazur-le-village-secret-de-provence\/","title":{"rendered":"La Cadi\u00e8re d&rsquo;Azur : Le village secret de Provence"},"content":{"rendered":"<h2>La Cadi\u00e8re d&rsquo;Azur<\/h2>\n<p>Situ\u00e9 au Sud-Ouest du Var, La Cadi\u00e8re d\u2019Azur est un village perch\u00e9 de caract\u00e8re typiquement proven\u00e7al. Avec sa luminosit\u00e9 exceptionnelle, il a \u00e9t\u00e9 immortalis\u00e9 par des peintres c\u00e9l\u00e8bres comme Lucien Fontanarosa, Andr\u00e9 Favory et Robert Lemercier.<\/p>\n<p>Ce village m\u00e9di\u00e9val est aussi la capitale g\u00e9ographique du vignoble \u00ab AOC Bandol \u00bb.<\/p>\n<p><img loading=\"lazy\" class=\"alignnone  wp-image-3677\" src=\"https:\/\/www.varprovence-cruise.com\/fr\/wp-content\/uploads\/sites\/2\/2020\/04\/rue-denfert-rochereau-la-cadiere-dazur-village-incontournable-cvar-tourisme-ot-la-cadiere.jpg\" alt=\"\" width=\"1109\" height=\"742\" srcset=\"https:\/\/www.varprovence-cruise.com\/fr\/wp-content\/uploads\/sites\/2\/2020\/04\/rue-denfert-rochereau-la-cadiere-dazur-village-incontournable-cvar-tourisme-ot-la-cadiere.jpg 3872w, https:\/\/www.varprovence-cruise.com\/fr\/wp-content\/uploads\/sites\/2\/2020\/04\/rue-denfert-rochereau-la-cadiere-dazur-village-incontournable-cvar-tourisme-ot-la-cadiere-300x201.jpg 300w, https:\/\/www.varprovence-cruise.com\/fr\/wp-content\/uploads\/sites\/2\/2020\/04\/rue-denfert-rochereau-la-cadiere-dazur-village-incontournable-cvar-tourisme-ot-la-cadiere-768x514.jpg 768w, https:\/\/www.varprovence-cruise.com\/fr\/wp-content\/uploads\/sites\/2\/2020\/04\/rue-denfert-rochereau-la-cadiere-dazur-village-incontournable-cvar-tourisme-ot-la-cadiere-1024x685.jpg 1024w, https:\/\/www.varprovence-cruise.com\/fr\/wp-content\/uploads\/sites\/2\/2020\/04\/rue-denfert-rochereau-la-cadiere-dazur-village-incontournable-cvar-tourisme-ot-la-cadiere-767x513.jpg 767w, https:\/\/www.varprovence-cruise.com\/fr\/wp-content\/uploads\/sites\/2\/2020\/04\/rue-denfert-rochereau-la-cadiere-dazur-village-incontournable-cvar-tourisme-ot-la-cadiere-1023x685.jpg 1023w, https:\/\/www.varprovence-cruise.com\/fr\/wp-content\/uploads\/sites\/2\/2020\/04\/rue-denfert-rochereau-la-cadiere-dazur-village-incontournable-cvar-tourisme-ot-la-cadiere-1800x1205.jpg 1800w, https:\/\/www.varprovence-cruise.com\/fr\/wp-content\/uploads\/sites\/2\/2020\/04\/rue-denfert-rochereau-la-cadiere-dazur-village-incontournable-cvar-tourisme-ot-la-cadiere-180x120.jpg 180w, https:\/\/www.varprovence-cruise.com\/fr\/wp-content\/uploads\/sites\/2\/2020\/04\/rue-denfert-rochereau-la-cadiere-dazur-village-incontournable-cvar-tourisme-ot-la-cadiere-315x211.jpg 315w, https:\/\/www.varprovence-cruise.com\/fr\/wp-content\/uploads\/sites\/2\/2020\/04\/rue-denfert-rochereau-la-cadiere-dazur-village-incontournable-cvar-tourisme-ot-la-cadiere-380x254.jpg 380w, https:\/\/www.varprovence-cruise.com\/fr\/wp-content\/uploads\/sites\/2\/2020\/04\/rue-denfert-rochereau-la-cadiere-dazur-village-incontournable-cvar-tourisme-ot-la-cadiere-44x29.jpg 44w, https:\/\/www.varprovence-cruise.com\/fr\/wp-content\/uploads\/sites\/2\/2020\/04\/rue-denfert-rochereau-la-cadiere-dazur-village-incontournable-cvar-tourisme-ot-la-cadiere-80x54.jpg 80w, https:\/\/www.varprovence-cruise.com\/fr\/wp-content\/uploads\/sites\/2\/2020\/04\/rue-denfert-rochereau-la-cadiere-dazur-village-incontournable-cvar-tourisme-ot-la-cadiere-83x56.jpg 83w, https:\/\/www.varprovence-cruise.com\/fr\/wp-content\/uploads\/sites\/2\/2020\/04\/rue-denfert-rochereau-la-cadiere-dazur-village-incontournable-cvar-tourisme-ot-la-cadiere-165x110.jpg 165w, https:\/\/www.varprovence-cruise.com\/fr\/wp-content\/uploads\/sites\/2\/2020\/04\/rue-denfert-rochereau-la-cadiere-dazur-village-incontournable-cvar-tourisme-ot-la-cadiere-45x30.jpg 45w, https:\/\/www.varprovence-cruise.com\/fr\/wp-content\/uploads\/sites\/2\/2020\/04\/rue-denfert-rochereau-la-cadiere-dazur-village-incontournable-cvar-tourisme-ot-la-cadiere-90x60.jpg 90w, https:\/\/www.varprovence-cruise.com\/fr\/wp-content\/uploads\/sites\/2\/2020\/04\/rue-denfert-rochereau-la-cadiere-dazur-village-incontournable-cvar-tourisme-ot-la-cadiere-86x58.jpg 86w\" sizes=\"(max-width: 1109px) 100vw, 1109px\" \/><\/p>\n<h3>Points forts de La Cadi\u00e8re d&rsquo;Azur<\/h3>\n<p>Village proven\u00e7al artisanal (peintres, tisserands, potiers) o\u00f9 vous pourrez d\u00e9couvrir les produits du terroir (vins de Bandol, brasserie, huilerie).<\/p>\n<h3>QUE FAIRE:<\/h3>\n<ul>\n<li>Au c\u0153ur du village : animations toute l&rsquo;ann\u00e9e avec ses ateliers d&rsquo;art.<\/li>\n<li>Louez un v\u00e9lo \u00e9lectrique et d\u00e9couvrez les environs, la campagne et les vignobles<\/li>\n<li>Profitez des saveurs et de la gastronomie locales ou d&rsquo;un cours de cuisine dans la renomm\u00e9e <a href=\"https:\/\/hotel-berard.com\/\" target=\"_blank\" rel=\"noopener\">Hostellerie B\u00e9rard &amp; spa 4*<\/a><\/li>\n<li>Visitez la cave \u00e0 vin de <a href=\"https:\/\/www.cadierenne.com\/\" target=\"_blank\" rel=\"noopener\">La Cadi\u00e9renne<\/a> et profitez d&rsquo;une d\u00e9gustation de vins<\/li>\n<li>Rendez-vous sur le <a href=\"https:\/\/www.varprovence-cruise.com\/fr\/experience-var-provence\/idees-dexcursions\/visite-du-circuit-paul-ricard-testez-le-circuit-de-course-automobile-le-plus-innovant-deurope\/\" target=\"_blank\" rel=\"noopener\">circuit F1 Paul Ricard<\/a> (visite guid\u00e9e, cours de pilotage, karting\u2026).<\/li>\n<\/ul>\n","protected":false},"excerpt":{"rendered":"<p>La Cadi\u00e8re d&rsquo;Azur Situ\u00e9 au Sud-Ouest du Var, La Cadi\u00e8re d\u2019Azur est un village perch\u00e9 de caract\u00e8re typiquement proven\u00e7al. Avec sa luminosit\u00e9 exceptionnelle, il a \u00e9t\u00e9 immortalis\u00e9 par des peintres c\u00e9l\u00e8bres comme Lucien Fontanarosa, Andr\u00e9 Favory et Robert Lemercier. Ce village m\u00e9di\u00e9val est aussi la capitale g\u00e9ographique du vignoble \u00ab AOC Bandol \u00bb. Points forts [&hellip;]<\/p>\n","protected":false},"author":1,"featured_media":3670,"parent":147,"menu_order":0,"comment_status":"closed","ping_status":"closed","template":"","meta":[],"_links":{"self":[{"href":"https:\/\/www.varprovence-cruise.com\/fr\/wp-json\/wp\/v2\/pages\/2115"}],"collection":[{"href":"https:\/\/www.varprovence-cruise.com\/fr\/wp-json\/wp\/v2\/pages"}],"about":[{"href":"https:\/\/www.varprovence-cruise.com\/fr\/wp-json\/wp\/v2\/types\/page"}],"author":[{"embeddable":true,"href":"https:\/\/www.varprovence-cruise.com\/fr\/wp-json\/wp\/v2\/users\/1"}],"replies":[{"embeddable":true,"href":"https:\/\/www.varprovence-cruise.com\/fr\/wp-json\/wp\/v2\/comments?post=2115"}],"version-history":[{"count":12,"href":"https:\/\/www.varprovence-cruise.com\/fr\/wp-json\/wp\/v2\/pages\/2115\/revisions"}],"predecessor-version":[{"id":17404,"href":"https:\/\/www.varprovence-cruise.com\/fr\/wp-json\/wp\/v2\/pages\/2115\/revisions\/17404"}],"up":[{"embeddable":true,"href":"https:\/\/www.varprovence-cruise.com\/fr\/wp-json\/wp\/v2\/pages\/147"}],"wp:featuredmedia":[{"embeddable":true,"href":"https:\/\/www.varprovence-cruise.com\/fr\/wp-json\/wp\/v2\/media\/3670"}],"wp:attachment":[{"href":"https:\/\/www.varprovence-cruise.com\/fr\/wp-json\/wp\/v2\/media?parent=2115"}],"curies":[{"name":"wp","href":"https:\/\/api.w.org\/{rel}","templated":true}]}}