{"id":2113,"date":"2021-06-15T07:26:59","date_gmt":"2021-06-15T06:26:59","guid":{"rendered":"https:\/\/www.varprovence-cruise.com\/fr\/national-marine-museum-the-maritime-history-of-toulon"},"modified":"2022-05-01T22:48:05","modified_gmt":"2022-05-01T20:48:05","slug":"musee-national-de-la-marine-lhistoire-maritime-de-toulon","status":"publish","type":"page","link":"https:\/\/www.varprovence-cruise.com\/fr\/experience-var-provence\/idees-dexcursions\/musee-national-de-la-marine-lhistoire-maritime-de-toulon\/","title":{"rendered":"Mus\u00e9e national de la Marine : L&rsquo;histoire maritime de Toulon"},"content":{"rendered":"<h2>Le Mus\u00e9e national de la Marine<\/h2>\n<p>Situ\u00e9 au c\u0153ur de Toulon, le mus\u00e9e retrace l&rsquo;histoire et l&rsquo;\u00e9volution de la Marine et de l&rsquo;arsenal de Toulon \u00e0 travers les si\u00e8cles. L&rsquo;\u00e9volution des navires de guerre est pr\u00e9sent\u00e9e par ordre chronologique, du rez-de-chauss\u00e9e au premier \u00e9tage.<\/p>\n<h3>Caract\u00e9ristiques du mus\u00e9e<\/h3>\n<p>D\u00e9couvrez l&rsquo;histoire de l&rsquo;arsenal, du port marchand au premier port militaire d&rsquo;Europe aujourd&rsquo;hui.<\/p>\n<p>Contemplez les peintures de Joseph Vernet. D\u00e9couvrez la plus grande cordonnerie de France con\u00e7ue par le c\u00e9l\u00e8bre Vauban, mais aussi les magnifiques mod\u00e8les construits pour l&rsquo;instruction des marins et les sculptures monumentales centenaires. Appr\u00e9ciez ensuite les innovations techniques lors de la r\u00e9volution industrielle du 19\u00e8me si\u00e8cle. Vivez la Seconde Guerre mondiale et le sabordage de la flotte fran\u00e7aise en 1942. Admirez enfin une torpille ainsi que des maquettes de sous-marins et de porte-avions.<\/p>\n<p><img loading=\"lazy\" width=\"5616\" height=\"3744\" class=\"alignnone size-full wp-image-3346\" src=\"https:\/\/www.varprovence-cruise.com\/fr\/wp-content\/uploads\/sites\/2\/2020\/04\/national-marine-museum-_toulon-cvar-tourisme-1.jpg\" alt=\"\" srcset=\"https:\/\/www.varprovence-cruise.com\/fr\/wp-content\/uploads\/sites\/2\/2020\/04\/national-marine-museum-_toulon-cvar-tourisme-1.jpg 5616w, https:\/\/www.varprovence-cruise.com\/fr\/wp-content\/uploads\/sites\/2\/2020\/04\/national-marine-museum-_toulon-cvar-tourisme-1-300x200.jpg 300w, https:\/\/www.varprovence-cruise.com\/fr\/wp-content\/uploads\/sites\/2\/2020\/04\/national-marine-museum-_toulon-cvar-tourisme-1-768x512.jpg 768w, https:\/\/www.varprovence-cruise.com\/fr\/wp-content\/uploads\/sites\/2\/2020\/04\/national-marine-museum-_toulon-cvar-tourisme-1-1024x683.jpg 1024w, https:\/\/www.varprovence-cruise.com\/fr\/wp-content\/uploads\/sites\/2\/2020\/04\/national-marine-museum-_toulon-cvar-tourisme-1-767x511.jpg 767w, https:\/\/www.varprovence-cruise.com\/fr\/wp-content\/uploads\/sites\/2\/2020\/04\/national-marine-museum-_toulon-cvar-tourisme-1-1023x682.jpg 1023w, https:\/\/www.varprovence-cruise.com\/fr\/wp-content\/uploads\/sites\/2\/2020\/04\/national-marine-museum-_toulon-cvar-tourisme-1-1800x1200.jpg 1800w, https:\/\/www.varprovence-cruise.com\/fr\/wp-content\/uploads\/sites\/2\/2020\/04\/national-marine-museum-_toulon-cvar-tourisme-1-180x120.jpg 180w, https:\/\/www.varprovence-cruise.com\/fr\/wp-content\/uploads\/sites\/2\/2020\/04\/national-marine-museum-_toulon-cvar-tourisme-1-315x210.jpg 315w, https:\/\/www.varprovence-cruise.com\/fr\/wp-content\/uploads\/sites\/2\/2020\/04\/national-marine-museum-_toulon-cvar-tourisme-1-380x253.jpg 380w, https:\/\/www.varprovence-cruise.com\/fr\/wp-content\/uploads\/sites\/2\/2020\/04\/national-marine-museum-_toulon-cvar-tourisme-1-44x29.jpg 44w, https:\/\/www.varprovence-cruise.com\/fr\/wp-content\/uploads\/sites\/2\/2020\/04\/national-marine-museum-_toulon-cvar-tourisme-1-80x53.jpg 80w, https:\/\/www.varprovence-cruise.com\/fr\/wp-content\/uploads\/sites\/2\/2020\/04\/national-marine-museum-_toulon-cvar-tourisme-1-83x55.jpg 83w, https:\/\/www.varprovence-cruise.com\/fr\/wp-content\/uploads\/sites\/2\/2020\/04\/national-marine-museum-_toulon-cvar-tourisme-1-165x110.jpg 165w, https:\/\/www.varprovence-cruise.com\/fr\/wp-content\/uploads\/sites\/2\/2020\/04\/national-marine-museum-_toulon-cvar-tourisme-1-45x30.jpg 45w, https:\/\/www.varprovence-cruise.com\/fr\/wp-content\/uploads\/sites\/2\/2020\/04\/national-marine-museum-_toulon-cvar-tourisme-1-90x60.jpg 90w, https:\/\/www.varprovence-cruise.com\/fr\/wp-content\/uploads\/sites\/2\/2020\/04\/national-marine-museum-_toulon-cvar-tourisme-1-86x57.jpg 86w\" sizes=\"(max-width: 5616px) 100vw, 5616px\" \/><\/p>\n<h3>QUE FAIRE<\/h3>\n<ul>\n<li>Visite guid\u00e9e du mus\u00e9e (audioguide en cinq langues \u2013 fran\u00e7ais, anglais, italien, espagnol, allemand)<\/li>\n<li>Visite de l&rsquo;exposition annuelle<\/li>\n<li>Visite \u00e9clair les dimanches<\/li>\n<\/ul>\n","protected":false},"excerpt":{"rendered":"<p>Le Mus\u00e9e national de la Marine Situ\u00e9 au c\u0153ur de Toulon, le mus\u00e9e retrace l&rsquo;histoire et l&rsquo;\u00e9volution de la Marine et de l&rsquo;arsenal de Toulon \u00e0 travers les si\u00e8cles. L&rsquo;\u00e9volution des navires de guerre est pr\u00e9sent\u00e9e par ordre chronologique, du rez-de-chauss\u00e9e au premier \u00e9tage. Caract\u00e9ristiques du mus\u00e9e D\u00e9couvrez l&rsquo;histoire de l&rsquo;arsenal, du port marchand au [&hellip;]<\/p>\n","protected":false},"author":1,"featured_media":3350,"parent":147,"menu_order":0,"comment_status":"closed","ping_status":"closed","template":"","meta":[],"_links":{"self":[{"href":"https:\/\/www.varprovence-cruise.com\/fr\/wp-json\/wp\/v2\/pages\/2113"}],"collection":[{"href":"https:\/\/www.varprovence-cruise.com\/fr\/wp-json\/wp\/v2\/pages"}],"about":[{"href":"https:\/\/www.varprovence-cruise.com\/fr\/wp-json\/wp\/v2\/types\/page"}],"author":[{"embeddable":true,"href":"https:\/\/www.varprovence-cruise.com\/fr\/wp-json\/wp\/v2\/users\/1"}],"replies":[{"embeddable":true,"href":"https:\/\/www.varprovence-cruise.com\/fr\/wp-json\/wp\/v2\/comments?post=2113"}],"version-history":[{"count":8,"href":"https:\/\/www.varprovence-cruise.com\/fr\/wp-json\/wp\/v2\/pages\/2113\/revisions"}],"predecessor-version":[{"id":17369,"href":"https:\/\/www.varprovence-cruise.com\/fr\/wp-json\/wp\/v2\/pages\/2113\/revisions\/17369"}],"up":[{"embeddable":true,"href":"https:\/\/www.varprovence-cruise.com\/fr\/wp-json\/wp\/v2\/pages\/147"}],"wp:featuredmedia":[{"embeddable":true,"href":"https:\/\/www.varprovence-cruise.com\/fr\/wp-json\/wp\/v2\/media\/3350"}],"wp:attachment":[{"href":"https:\/\/www.varprovence-cruise.com\/fr\/wp-json\/wp\/v2\/media?parent=2113"}],"curies":[{"name":"wp","href":"https:\/\/api.w.org\/{rel}","templated":true}]}}