{"id":2111,"date":"2021-06-15T07:26:59","date_gmt":"2021-06-15T06:26:59","guid":{"rendered":"https:\/\/www.varprovence-cruise.com\/fr\/memorial-museum-of-ww2-landing-in-provence"},"modified":"2022-10-21T10:33:50","modified_gmt":"2022-10-21T08:33:50","slug":"memorial-du-debarquement-de-la-seconde-guerre-mondiale-en-provence-2","status":"publish","type":"page","link":"https:\/\/www.varprovence-cruise.com\/fr\/experience-var-provence\/idees-dexcursions\/memorial-du-debarquement-de-la-seconde-guerre-mondiale-en-provence-2\/","title":{"rendered":"M\u00e9morial du D\u00e9barquement de la Seconde Guerre mondiale en Provence"},"content":{"rendered":"<h2>Le M\u00e9morial<\/h2>\n<p>Situ\u00e9 au sommet du Mont Faron, lieu surplombant Toulon avec un panorama exceptionnel sur le littoral varois, le m\u00e9morial est dot\u00e9 des derni\u00e8res avanc\u00e9es de la recherche historique et des technologies modernes pour plonger le visiteur au c\u0153ur du d\u00e9barquement de Provence.<\/p>\n<p><img loading=\"lazy\" class=\"alignnone  wp-image-3340\" src=\"https:\/\/www.varprovence-cruise.com\/fr\/wp-content\/uploads\/sites\/2\/2020\/04\/memorial-museum-faron-toulon-cjeremy.lempin-4.jpg\" alt=\"\" width=\"1088\" height=\"724\" srcset=\"https:\/\/www.varprovence-cruise.com\/fr\/wp-content\/uploads\/sites\/2\/2020\/04\/memorial-museum-faron-toulon-cjeremy.lempin-4.jpg 4755w, https:\/\/www.varprovence-cruise.com\/fr\/wp-content\/uploads\/sites\/2\/2020\/04\/memorial-museum-faron-toulon-cjeremy.lempin-4-300x200.jpg 300w, https:\/\/www.varprovence-cruise.com\/fr\/wp-content\/uploads\/sites\/2\/2020\/04\/memorial-museum-faron-toulon-cjeremy.lempin-4-768x511.jpg 768w, https:\/\/www.varprovence-cruise.com\/fr\/wp-content\/uploads\/sites\/2\/2020\/04\/memorial-museum-faron-toulon-cjeremy.lempin-4-1024x682.jpg 1024w, https:\/\/www.varprovence-cruise.com\/fr\/wp-content\/uploads\/sites\/2\/2020\/04\/memorial-museum-faron-toulon-cjeremy.lempin-4-767x511.jpg 767w, https:\/\/www.varprovence-cruise.com\/fr\/wp-content\/uploads\/sites\/2\/2020\/04\/memorial-museum-faron-toulon-cjeremy.lempin-4-1023x681.jpg 1023w, https:\/\/www.varprovence-cruise.com\/fr\/wp-content\/uploads\/sites\/2\/2020\/04\/memorial-museum-faron-toulon-cjeremy.lempin-4-1800x1198.jpg 1800w, https:\/\/www.varprovence-cruise.com\/fr\/wp-content\/uploads\/sites\/2\/2020\/04\/memorial-museum-faron-toulon-cjeremy.lempin-4-180x120.jpg 180w, https:\/\/www.varprovence-cruise.com\/fr\/wp-content\/uploads\/sites\/2\/2020\/04\/memorial-museum-faron-toulon-cjeremy.lempin-4-315x210.jpg 315w, https:\/\/www.varprovence-cruise.com\/fr\/wp-content\/uploads\/sites\/2\/2020\/04\/memorial-museum-faron-toulon-cjeremy.lempin-4-380x253.jpg 380w, https:\/\/www.varprovence-cruise.com\/fr\/wp-content\/uploads\/sites\/2\/2020\/04\/memorial-museum-faron-toulon-cjeremy.lempin-4-44x29.jpg 44w, https:\/\/www.varprovence-cruise.com\/fr\/wp-content\/uploads\/sites\/2\/2020\/04\/memorial-museum-faron-toulon-cjeremy.lempin-4-80x53.jpg 80w, https:\/\/www.varprovence-cruise.com\/fr\/wp-content\/uploads\/sites\/2\/2020\/04\/memorial-museum-faron-toulon-cjeremy.lempin-4-83x55.jpg 83w, https:\/\/www.varprovence-cruise.com\/fr\/wp-content\/uploads\/sites\/2\/2020\/04\/memorial-museum-faron-toulon-cjeremy.lempin-4-165x110.jpg 165w, https:\/\/www.varprovence-cruise.com\/fr\/wp-content\/uploads\/sites\/2\/2020\/04\/memorial-museum-faron-toulon-cjeremy.lempin-4-45x30.jpg 45w, https:\/\/www.varprovence-cruise.com\/fr\/wp-content\/uploads\/sites\/2\/2020\/04\/memorial-museum-faron-toulon-cjeremy.lempin-4-90x60.jpg 90w, https:\/\/www.varprovence-cruise.com\/fr\/wp-content\/uploads\/sites\/2\/2020\/04\/memorial-museum-faron-toulon-cjeremy.lempin-4-86x57.jpg 86w\" sizes=\"(max-width: 1088px) 100vw, 1088px\" \/><\/p>\n<h3>Points forts du M\u00e9morial<\/h3>\n<p>Le Mus\u00e9e est organis\u00e9 en 3 th\u00e9matiques : La pr\u00e9paration du d\u00e9barquement, le d\u00e9barquement, et le chemin de la victoire. Une s\u00e9rie de documents et d&rsquo;objets comm\u00e9more la lib\u00e9ration du sud-est de la France par les Alli\u00e9s en ao\u00fbt 1944. Le mus\u00e9e pr\u00e9sente \u00e9galement des expositions sur les soldats de la r\u00e9gion : britanniques, am\u00e9ricains, canadiens, fran\u00e7ais et allemands. Vous trouverez aussi un grand spectacle audiovisuel. Une visite interactive et \u00e9motionnelle qui charmera tous les publics !<\/p>\n<h3>Comment s&rsquo;y rendre ?<\/h3>\n<p>Montez \u00e0 bord du t\u00e9l\u00e9ph\u00e9rique rouge pour atteindre le sommet du Mont Faron et profiter de la vue panoramique sur la rade de Toulon<\/p>\n<h3>QUE FAIRE<\/h3>\n<ul>\n<li>Visite guid\u00e9e du m\u00e9morial<\/li>\n<li>Circuit p\u00e9destre en for\u00eat : sentier de d\u00e9couverte de la flore locale nomm\u00e9e \u00ab Garrigue \u00bb puis admirez la vue panoramique sur la rade de Toulon et la c\u00f4te varoise.<\/li>\n<li>Visite de la Chapelle Notre-Dame-du-Faron<\/li>\n<li>Visite du zoo du Mont Faron sp\u00e9cialis\u00e9 dans la reproduction des f\u00e9lins<\/li>\n<\/ul>\n","protected":false},"excerpt":{"rendered":"<p>Le M\u00e9morial Situ\u00e9 au sommet du Mont Faron, lieu surplombant Toulon avec un panorama exceptionnel sur le littoral varois, le m\u00e9morial est dot\u00e9 des derni\u00e8res avanc\u00e9es de la recherche historique et des technologies modernes pour plonger le visiteur au c\u0153ur du d\u00e9barquement de Provence. Points forts du M\u00e9morial Le Mus\u00e9e est organis\u00e9 en 3 th\u00e9matiques [&hellip;]<\/p>\n","protected":false},"author":1,"featured_media":3337,"parent":147,"menu_order":0,"comment_status":"closed","ping_status":"closed","template":"","meta":[],"_links":{"self":[{"href":"https:\/\/www.varprovence-cruise.com\/fr\/wp-json\/wp\/v2\/pages\/2111"}],"collection":[{"href":"https:\/\/www.varprovence-cruise.com\/fr\/wp-json\/wp\/v2\/pages"}],"about":[{"href":"https:\/\/www.varprovence-cruise.com\/fr\/wp-json\/wp\/v2\/types\/page"}],"author":[{"embeddable":true,"href":"https:\/\/www.varprovence-cruise.com\/fr\/wp-json\/wp\/v2\/users\/1"}],"replies":[{"embeddable":true,"href":"https:\/\/www.varprovence-cruise.com\/fr\/wp-json\/wp\/v2\/comments?post=2111"}],"version-history":[{"count":9,"href":"https:\/\/www.varprovence-cruise.com\/fr\/wp-json\/wp\/v2\/pages\/2111\/revisions"}],"predecessor-version":[{"id":19002,"href":"https:\/\/www.varprovence-cruise.com\/fr\/wp-json\/wp\/v2\/pages\/2111\/revisions\/19002"}],"up":[{"embeddable":true,"href":"https:\/\/www.varprovence-cruise.com\/fr\/wp-json\/wp\/v2\/pages\/147"}],"wp:featuredmedia":[{"embeddable":true,"href":"https:\/\/www.varprovence-cruise.com\/fr\/wp-json\/wp\/v2\/media\/3337"}],"wp:attachment":[{"href":"https:\/\/www.varprovence-cruise.com\/fr\/wp-json\/wp\/v2\/media?parent=2111"}],"curies":[{"name":"wp","href":"https:\/\/api.w.org\/{rel}","templated":true}]}}