{"id":2107,"date":"2021-06-15T07:26:59","date_gmt":"2021-06-15T06:26:59","guid":{"rendered":"https:\/\/www.varprovence-cruise.com\/fr\/toulon-opera-house-the-second-largest-opera-house-in-france"},"modified":"2022-12-01T09:24:17","modified_gmt":"2022-12-01T08:24:17","slug":"opera-de-toulon-le-deuxieme-plus-grand-opera-de-france","status":"publish","type":"page","link":"https:\/\/www.varprovence-cruise.com\/fr\/experience-var-provence\/idees-dexcursions\/opera-de-toulon-le-deuxieme-plus-grand-opera-de-france\/","title":{"rendered":"Op\u00e9ra de Toulon : Le deuxi\u00e8me plus grand op\u00e9ra de France"},"content":{"rendered":"<h2>L&rsquo;Op\u00e9ra de Toulon<\/h2>\n<p>L&rsquo;Op\u00e9ra de Toulon a \u00e9t\u00e9 inaugur\u00e9 en 1862. Il \u00e9tait \u00e0 l&rsquo;\u00e9poque le plus grand op\u00e9ra de France avec une salle principale de 1 797 places. L&rsquo;Op\u00e9ra Garnier de Paris a ouvert ses portes en 1875, soit 13 ans apr\u00e8s celui de Toulon, avec une capacit\u00e9 de 100 places suppl\u00e9mentaires seulement !<\/p>\n<p>L&rsquo;Op\u00e9ra de Toulon a \u00e9t\u00e9 construit dans un style typiquement Second Empire et est class\u00e9 Monument Historique depuis 1992. Les visiteurs peuvent observer de nombreux d\u00e9tails int\u00e9ressants sur le b\u00e2timent comme des frises g\u00e9om\u00e9triques, un exemple de l&rsquo;artisanat d&rsquo;inspiration byzantine \u00e0 la mode \u00e0 cette \u00e9poque.<\/p>\n<p>Le clou de la visite est la salle principale avec son incroyable plafond : le peintre Louis Duveau a repr\u00e9sent\u00e9 pas moins de 123 personnages de la mythologie et du th\u00e9\u00e2tre sur cette surface de 15 m\u00e8tres de diam\u00e8tre. C&rsquo;est un plaisir d&rsquo;entendre parler de sa r\u00e9alisation depuis les si\u00e8ges rev\u00eatus de rouge !<\/p>\n<p><img loading=\"lazy\" width=\"5616\" height=\"3744\" class=\"alignnone size-full wp-image-3973\" src=\"https:\/\/www.varprovence-cruise.com\/fr\/wp-content\/uploads\/sites\/2\/2017\/11\/grande-salle-de-lopera-toulon-cvartourisme.jpg\" alt=\"\" srcset=\"https:\/\/www.varprovence-cruise.com\/fr\/wp-content\/uploads\/sites\/2\/2017\/11\/grande-salle-de-lopera-toulon-cvartourisme.jpg 5616w, https:\/\/www.varprovence-cruise.com\/fr\/wp-content\/uploads\/sites\/2\/2017\/11\/grande-salle-de-lopera-toulon-cvartourisme-300x200.jpg 300w, https:\/\/www.varprovence-cruise.com\/fr\/wp-content\/uploads\/sites\/2\/2017\/11\/grande-salle-de-lopera-toulon-cvartourisme-768x512.jpg 768w, https:\/\/www.varprovence-cruise.com\/fr\/wp-content\/uploads\/sites\/2\/2017\/11\/grande-salle-de-lopera-toulon-cvartourisme-1024x683.jpg 1024w, https:\/\/www.varprovence-cruise.com\/fr\/wp-content\/uploads\/sites\/2\/2017\/11\/grande-salle-de-lopera-toulon-cvartourisme-767x511.jpg 767w, https:\/\/www.varprovence-cruise.com\/fr\/wp-content\/uploads\/sites\/2\/2017\/11\/grande-salle-de-lopera-toulon-cvartourisme-1023x682.jpg 1023w, https:\/\/www.varprovence-cruise.com\/fr\/wp-content\/uploads\/sites\/2\/2017\/11\/grande-salle-de-lopera-toulon-cvartourisme-1800x1200.jpg 1800w, https:\/\/www.varprovence-cruise.com\/fr\/wp-content\/uploads\/sites\/2\/2017\/11\/grande-salle-de-lopera-toulon-cvartourisme-180x120.jpg 180w, https:\/\/www.varprovence-cruise.com\/fr\/wp-content\/uploads\/sites\/2\/2017\/11\/grande-salle-de-lopera-toulon-cvartourisme-315x210.jpg 315w, https:\/\/www.varprovence-cruise.com\/fr\/wp-content\/uploads\/sites\/2\/2017\/11\/grande-salle-de-lopera-toulon-cvartourisme-380x253.jpg 380w, https:\/\/www.varprovence-cruise.com\/fr\/wp-content\/uploads\/sites\/2\/2017\/11\/grande-salle-de-lopera-toulon-cvartourisme-44x29.jpg 44w, https:\/\/www.varprovence-cruise.com\/fr\/wp-content\/uploads\/sites\/2\/2017\/11\/grande-salle-de-lopera-toulon-cvartourisme-80x53.jpg 80w, https:\/\/www.varprovence-cruise.com\/fr\/wp-content\/uploads\/sites\/2\/2017\/11\/grande-salle-de-lopera-toulon-cvartourisme-83x55.jpg 83w, https:\/\/www.varprovence-cruise.com\/fr\/wp-content\/uploads\/sites\/2\/2017\/11\/grande-salle-de-lopera-toulon-cvartourisme-165x110.jpg 165w, https:\/\/www.varprovence-cruise.com\/fr\/wp-content\/uploads\/sites\/2\/2017\/11\/grande-salle-de-lopera-toulon-cvartourisme-45x30.jpg 45w, https:\/\/www.varprovence-cruise.com\/fr\/wp-content\/uploads\/sites\/2\/2017\/11\/grande-salle-de-lopera-toulon-cvartourisme-90x60.jpg 90w, https:\/\/www.varprovence-cruise.com\/fr\/wp-content\/uploads\/sites\/2\/2017\/11\/grande-salle-de-lopera-toulon-cvartourisme-86x57.jpg 86w\" sizes=\"(max-width: 5616px) 100vw, 5616px\" \/><\/p>\n<h3>Points forts de l&rsquo;Op\u00e9ra<\/h3>\n<p>Outre son plafond et son architecture impressionnants, l&rsquo;op\u00e9ra dispose de 2 terrasses offrant une vue fantastique sur le vieux centre-ville de Toulon.<\/p>\n<p>Le magnifique Foyer Campra, qui est aujourd&rsquo;hui une salle de concert, abrite 3 lustres originaux de style Second Empire. Cela nous rappelle qu&rsquo;\u00e0 la fin du XIXe si\u00e8cle, l&rsquo;Op\u00e9ra de Toulon \u00e9tait \u00e0 la pointe du progr\u00e8s puisque la lumi\u00e8re et le chauffage fonctionnaient au gaz.<\/p>\n<h3>Que faire :<\/h3>\n<ul>\n<li>Visite guid\u00e9e de l&rsquo;Op\u00e9ra de Toulon : l&rsquo;impressionnant plafond de la salle principale, la monumentale fa\u00e7ade sud, les 2 terrasses avec vue panoramique sur le centre-ville, et le majestueux Foyer Campra o\u00f9 les musiciens r\u00e9p\u00e8tent.<\/li>\n<li>Le plus : la visite de l&rsquo;op\u00e9ra peut s&rsquo;inscrire dans une visite \u00e0 pied de Toulon. Rencontrez les commer\u00e7ants et d\u00e9gustez leurs sp\u00e9cialit\u00e9s locales. Par exemple, le \u00ab Comptoir de Mathilde \u00bb accueille les croisi\u00e9ristes dans une belle boutique de style proven\u00e7al avec huile d&rsquo;olive, tapenade, biscuits\u2026 et ap\u00e9ritif !<\/li>\n<\/ul>\n","protected":false},"excerpt":{"rendered":"<p>L&rsquo;Op\u00e9ra de Toulon L&rsquo;Op\u00e9ra de Toulon a \u00e9t\u00e9 inaugur\u00e9 en 1862. Il \u00e9tait \u00e0 l&rsquo;\u00e9poque le plus grand op\u00e9ra de France avec une salle principale de 1 797 places. L&rsquo;Op\u00e9ra Garnier de Paris a ouvert ses portes en 1875, soit 13 ans apr\u00e8s celui de Toulon, avec une capacit\u00e9 de 100 places suppl\u00e9mentaires seulement ! [&hellip;]<\/p>\n","protected":false},"author":1,"featured_media":3330,"parent":147,"menu_order":0,"comment_status":"closed","ping_status":"closed","template":"","meta":[],"_links":{"self":[{"href":"https:\/\/www.varprovence-cruise.com\/fr\/wp-json\/wp\/v2\/pages\/2107"}],"collection":[{"href":"https:\/\/www.varprovence-cruise.com\/fr\/wp-json\/wp\/v2\/pages"}],"about":[{"href":"https:\/\/www.varprovence-cruise.com\/fr\/wp-json\/wp\/v2\/types\/page"}],"author":[{"embeddable":true,"href":"https:\/\/www.varprovence-cruise.com\/fr\/wp-json\/wp\/v2\/users\/1"}],"replies":[{"embeddable":true,"href":"https:\/\/www.varprovence-cruise.com\/fr\/wp-json\/wp\/v2\/comments?post=2107"}],"version-history":[{"count":9,"href":"https:\/\/www.varprovence-cruise.com\/fr\/wp-json\/wp\/v2\/pages\/2107\/revisions"}],"predecessor-version":[{"id":19515,"href":"https:\/\/www.varprovence-cruise.com\/fr\/wp-json\/wp\/v2\/pages\/2107\/revisions\/19515"}],"up":[{"embeddable":true,"href":"https:\/\/www.varprovence-cruise.com\/fr\/wp-json\/wp\/v2\/pages\/147"}],"wp:featuredmedia":[{"embeddable":true,"href":"https:\/\/www.varprovence-cruise.com\/fr\/wp-json\/wp\/v2\/media\/3330"}],"wp:attachment":[{"href":"https:\/\/www.varprovence-cruise.com\/fr\/wp-json\/wp\/v2\/media?parent=2107"}],"curies":[{"name":"wp","href":"https:\/\/api.w.org\/{rel}","templated":true}]}}