{"id":2105,"date":"2021-06-15T07:26:59","date_gmt":"2021-06-15T06:26:59","guid":{"rendered":"https:\/\/www.varprovence-cruise.com\/fr\/frejus-a-city-with-2000-years-of-history"},"modified":"2022-05-04T11:33:38","modified_gmt":"2022-05-04T09:33:38","slug":"frejus-une-ville-avec-2000-ans-dhistoire","status":"publish","type":"page","link":"https:\/\/www.varprovence-cruise.com\/fr\/experience-var-provence\/idees-dexcursions\/frejus-une-ville-avec-2000-ans-dhistoire\/","title":{"rendered":"Fr\u00e9jus: une ville avec 2000 ans d&rsquo;histoire"},"content":{"rendered":"<h2>Fr\u00e9jus, 2000 ans d&rsquo;Histoire !<\/h2>\n<p>Fr\u00e9jus fut le premier port militaire romain du littoral m\u00e9diterran\u00e9en. C&rsquo;est aujourd&rsquo;hui une ville d&rsquo;art et de culture tr\u00e8s appr\u00e9ci\u00e9e pour ses nombreux monuments historiques \u00e0 visiter. Des sites romains comme l&rsquo;amphith\u00e9\u00e2tre ou l&rsquo;aqueduc c\u00f4toient des sites m\u00e9di\u00e9vaux ; la Cath\u00e9drale Saint-L\u00e9once et son clo\u00eetre sont un rare vestige de l&rsquo;\u00e9poque m\u00e9di\u00e9vale et du d\u00e9but du christianisme<\/p>\n<p>Apr\u00e8s une visite guid\u00e9e, les visiteurs peuvent fl\u00e2ner dans le centre historique de la ville, profiter de ses boutiques et de son march\u00e9 proven\u00e7al, puis se promener jusqu&rsquo;au nouveau port de plaisance appel\u00e9 \u00ab Port Fr\u00e9jus \u00bb pour prendre un verre ou une glace rafra\u00eechissante sur la plage !<\/p>\n<p><img loading=\"lazy\" class=\"alignnone  wp-image-3208\" src=\"https:\/\/www.varprovence-cruise.com\/fr\/wp-content\/uploads\/sites\/2\/2020\/04\/frejus-arenes-cot-frejus.jpg\" alt=\"\" width=\"1205\" height=\"904\" srcset=\"https:\/\/www.varprovence-cruise.com\/fr\/wp-content\/uploads\/sites\/2\/2020\/04\/frejus-arenes-cot-frejus.jpg 800w, https:\/\/www.varprovence-cruise.com\/fr\/wp-content\/uploads\/sites\/2\/2020\/04\/frejus-arenes-cot-frejus-300x225.jpg 300w, https:\/\/www.varprovence-cruise.com\/fr\/wp-content\/uploads\/sites\/2\/2020\/04\/frejus-arenes-cot-frejus-768x576.jpg 768w, https:\/\/www.varprovence-cruise.com\/fr\/wp-content\/uploads\/sites\/2\/2020\/04\/frejus-arenes-cot-frejus-767x575.jpg 767w, https:\/\/www.varprovence-cruise.com\/fr\/wp-content\/uploads\/sites\/2\/2020\/04\/frejus-arenes-cot-frejus-180x135.jpg 180w, https:\/\/www.varprovence-cruise.com\/fr\/wp-content\/uploads\/sites\/2\/2020\/04\/frejus-arenes-cot-frejus-315x236.jpg 315w, https:\/\/www.varprovence-cruise.com\/fr\/wp-content\/uploads\/sites\/2\/2020\/04\/frejus-arenes-cot-frejus-380x285.jpg 380w, https:\/\/www.varprovence-cruise.com\/fr\/wp-content\/uploads\/sites\/2\/2020\/04\/frejus-arenes-cot-frejus-44x33.jpg 44w, https:\/\/www.varprovence-cruise.com\/fr\/wp-content\/uploads\/sites\/2\/2020\/04\/frejus-arenes-cot-frejus-80x60.jpg 80w, https:\/\/www.varprovence-cruise.com\/fr\/wp-content\/uploads\/sites\/2\/2020\/04\/frejus-arenes-cot-frejus-83x62.jpg 83w, https:\/\/www.varprovence-cruise.com\/fr\/wp-content\/uploads\/sites\/2\/2020\/04\/frejus-arenes-cot-frejus-165x124.jpg 165w, https:\/\/www.varprovence-cruise.com\/fr\/wp-content\/uploads\/sites\/2\/2020\/04\/frejus-arenes-cot-frejus-40x30.jpg 40w, https:\/\/www.varprovence-cruise.com\/fr\/wp-content\/uploads\/sites\/2\/2020\/04\/frejus-arenes-cot-frejus-86x65.jpg 86w\" sizes=\"(max-width: 1205px) 100vw, 1205px\" \/><\/p>\n<h3>Points forts de Fr\u00e9jus<\/h3>\n<p>Fr\u00e9jus est id\u00e9alement situ\u00e9 au c\u0153ur de la C\u00f4te d&rsquo;Azur. Les Collines de l&rsquo;Est\u00e9rel ou le Sentier des douaniers le long du littoral offrent de magnifiques balades pour passer de belles journ\u00e9es. Pour ceux qui pr\u00e9f\u00e8rent se reposer, Fr\u00e9jus poss\u00e8de de nombreuses plages de sable fin. Plus loin, la c\u00f4te qui va de Fr\u00e9jus \u00e0 Th\u00e9oules rec\u00e8le des joyaux comme la \u00ab Baie d&rsquo;Agay \u00bb ou la \u00ab Plage de l&rsquo;Aiguille \u00bb. De plus, Fr\u00e9jus est entour\u00e9 de domaines viticoles c\u00e9l\u00e8bres tels que \u00ab\u00a0Le Clos des Roses\u00a0\u00bb ou \u00ab\u00a0Le Jas des Oliviers\u00a0\u00bb. Fr\u00e9jus est aussi la porte d&rsquo;entr\u00e9e id\u00e9ale vers le golfe de Saint-Tropez (\u00e0 50 minutes de route) ou vers la C\u00f4te d&rsquo;Azur (\u00e0 45 minutes de route).<\/p>\n<h3>QUE FAIRE:<\/h3>\n<ul>\n<li>Visite d&rsquo;un monument romain ou m\u00e9di\u00e9val + centre-ville historique + temps de repos \u00e0 la plage<\/li>\n<li>Faites une partie de p\u00e9tanque avec les locaux<\/li>\n<li>Le sentier des douaniers, un splendide sentier c\u00f4tier.<\/li>\n<li>Visite d&rsquo;un domaine viticole ou de la <a href=\"https:\/\/www.varprovence-cruise.com\/fr\/experience-var-provence\/idees-dexcursions\/maison-des-vins-cotes-de-provence-incontournable-de-la-provence-varoise\/\" target=\"_blank\" rel=\"noopener\">Maison des vins C\u00f4tes de Provence<\/a>\u00a0 situ\u00e9e aux Arcs-sur-Argens (cours d&rsquo;\u0153nologie, boutique de produits du terroir, oenoth\u00e8que\u2026).<\/li>\n<li>En plus : une balade vers le Golfe de Saint-Tropez (Saint-Tropez, Port-Grimaud) ou vers la C\u00f4te d&rsquo;Azur (Cannes, Nice).<\/li>\n<\/ul>\n","protected":false},"excerpt":{"rendered":"<p>Fr\u00e9jus, 2000 ans d&rsquo;Histoire ! Fr\u00e9jus fut le premier port militaire romain du littoral m\u00e9diterran\u00e9en. C&rsquo;est aujourd&rsquo;hui une ville d&rsquo;art et de culture tr\u00e8s appr\u00e9ci\u00e9e pour ses nombreux monuments historiques \u00e0 visiter. Des sites romains comme l&rsquo;amphith\u00e9\u00e2tre ou l&rsquo;aqueduc c\u00f4toient des sites m\u00e9di\u00e9vaux ; la Cath\u00e9drale Saint-L\u00e9once et son clo\u00eetre sont un rare vestige de [&hellip;]<\/p>\n","protected":false},"author":1,"featured_media":3183,"parent":147,"menu_order":0,"comment_status":"closed","ping_status":"closed","template":"","meta":[],"_links":{"self":[{"href":"https:\/\/www.varprovence-cruise.com\/fr\/wp-json\/wp\/v2\/pages\/2105"}],"collection":[{"href":"https:\/\/www.varprovence-cruise.com\/fr\/wp-json\/wp\/v2\/pages"}],"about":[{"href":"https:\/\/www.varprovence-cruise.com\/fr\/wp-json\/wp\/v2\/types\/page"}],"author":[{"embeddable":true,"href":"https:\/\/www.varprovence-cruise.com\/fr\/wp-json\/wp\/v2\/users\/1"}],"replies":[{"embeddable":true,"href":"https:\/\/www.varprovence-cruise.com\/fr\/wp-json\/wp\/v2\/comments?post=2105"}],"version-history":[{"count":6,"href":"https:\/\/www.varprovence-cruise.com\/fr\/wp-json\/wp\/v2\/pages\/2105\/revisions"}],"predecessor-version":[{"id":17746,"href":"https:\/\/www.varprovence-cruise.com\/fr\/wp-json\/wp\/v2\/pages\/2105\/revisions\/17746"}],"up":[{"embeddable":true,"href":"https:\/\/www.varprovence-cruise.com\/fr\/wp-json\/wp\/v2\/pages\/147"}],"wp:featuredmedia":[{"embeddable":true,"href":"https:\/\/www.varprovence-cruise.com\/fr\/wp-json\/wp\/v2\/media\/3183"}],"wp:attachment":[{"href":"https:\/\/www.varprovence-cruise.com\/fr\/wp-json\/wp\/v2\/media?parent=2105"}],"curies":[{"name":"wp","href":"https:\/\/api.w.org\/{rel}","templated":true}]}}