{"id":2103,"date":"2021-06-15T07:26:59","date_gmt":"2021-06-15T06:26:59","guid":{"rendered":"https:\/\/www.varprovence-cruise.com\/fr\/domaine-du-muy-a-contemporary-sculpture-park-nestled-in-the-forest"},"modified":"2022-05-02T00:07:30","modified_gmt":"2022-05-01T22:07:30","slug":"domaine-du-muy-un-parc-de-sculptures-contemporaines-au-coeur-de-la-foret","status":"publish","type":"page","link":"https:\/\/www.varprovence-cruise.com\/fr\/experience-var-provence\/idees-dexcursions\/domaine-du-muy-un-parc-de-sculptures-contemporaines-au-coeur-de-la-foret\/","title":{"rendered":"Domaine du Muy : Un parc de sculptures contemporaines au c\u0153ur de la for\u00eat"},"content":{"rendered":"<h2>Pr\u00e9sentation du Domaine du Muy<\/h2>\n<p>Imaginez un parc de 12 hectares nich\u00e9 dans une for\u00eat m\u00e9diterran\u00e9enne sauvage et pr\u00e9serv\u00e9e. En suivant un parcours de 2 km (environ 45 min de marche), les visiteurs auront la surprise de d\u00e9couvrir 37 sculptures g\u00e9antes, preuve de la pr\u00e9sence humaine dans un endroit o\u00f9 elle est le moins attendue! Le collectionneur d&rsquo;art et philanthrope Jean-Gabriel Mitterrand, fondateur du parc, souhaitait que les artistes exposent leurs \u0153uvres dans un site naturel \u00e9poustouflant\u2026 et son r\u00eave est devenu r\u00e9alit\u00e9 ! Les \u0153uvres d&rsquo;art rencontrent la nature d&rsquo;une mani\u00e8re \u00e9tonnante.<\/p>\n<p>Les visiteurs peuvent admirer toute une gamme d&rsquo;\u0153uvres d&rsquo;art, comprenant des artistes c\u00e9l\u00e8bres d\u00e9c\u00e9d\u00e9s comme Niki de Saint-Phalle ou Sol LeWitt, mais aussi des artistes \u00e9mergents comme Claudia Comte. Certaines sculptures sont pr\u00eat\u00e9es au parc par des galeries et des collectionneurs d&rsquo;art, mais la plupart d&rsquo;entre elles ont \u00e9t\u00e9 cr\u00e9\u00e9es pour \u00eatre expos\u00e9es in situ.<\/p>\n<p><img loading=\"lazy\" width=\"1024\" height=\"683\" class=\"alignnone size-full wp-image-4083\" src=\"https:\/\/www.varprovence-cruise.com\/fr\/wp-content\/uploads\/sites\/2\/2020\/05\/domaine-du-muy-ccciv-vpcc-2.jpg\" alt=\"\" srcset=\"https:\/\/www.varprovence-cruise.com\/fr\/wp-content\/uploads\/sites\/2\/2020\/05\/domaine-du-muy-ccciv-vpcc-2.jpg 1024w, https:\/\/www.varprovence-cruise.com\/fr\/wp-content\/uploads\/sites\/2\/2020\/05\/domaine-du-muy-ccciv-vpcc-2-300x200.jpg 300w, https:\/\/www.varprovence-cruise.com\/fr\/wp-content\/uploads\/sites\/2\/2020\/05\/domaine-du-muy-ccciv-vpcc-2-768x512.jpg 768w, https:\/\/www.varprovence-cruise.com\/fr\/wp-content\/uploads\/sites\/2\/2020\/05\/domaine-du-muy-ccciv-vpcc-2-767x512.jpg 767w, https:\/\/www.varprovence-cruise.com\/fr\/wp-content\/uploads\/sites\/2\/2020\/05\/domaine-du-muy-ccciv-vpcc-2-1023x682.jpg 1023w, https:\/\/www.varprovence-cruise.com\/fr\/wp-content\/uploads\/sites\/2\/2020\/05\/domaine-du-muy-ccciv-vpcc-2-180x120.jpg 180w, https:\/\/www.varprovence-cruise.com\/fr\/wp-content\/uploads\/sites\/2\/2020\/05\/domaine-du-muy-ccciv-vpcc-2-315x210.jpg 315w, https:\/\/www.varprovence-cruise.com\/fr\/wp-content\/uploads\/sites\/2\/2020\/05\/domaine-du-muy-ccciv-vpcc-2-380x253.jpg 380w, https:\/\/www.varprovence-cruise.com\/fr\/wp-content\/uploads\/sites\/2\/2020\/05\/domaine-du-muy-ccciv-vpcc-2-44x29.jpg 44w, https:\/\/www.varprovence-cruise.com\/fr\/wp-content\/uploads\/sites\/2\/2020\/05\/domaine-du-muy-ccciv-vpcc-2-80x53.jpg 80w, https:\/\/www.varprovence-cruise.com\/fr\/wp-content\/uploads\/sites\/2\/2020\/05\/domaine-du-muy-ccciv-vpcc-2-83x55.jpg 83w, https:\/\/www.varprovence-cruise.com\/fr\/wp-content\/uploads\/sites\/2\/2020\/05\/domaine-du-muy-ccciv-vpcc-2-165x110.jpg 165w, https:\/\/www.varprovence-cruise.com\/fr\/wp-content\/uploads\/sites\/2\/2020\/05\/domaine-du-muy-ccciv-vpcc-2-45x30.jpg 45w, https:\/\/www.varprovence-cruise.com\/fr\/wp-content\/uploads\/sites\/2\/2020\/05\/domaine-du-muy-ccciv-vpcc-2-90x60.jpg 90w, https:\/\/www.varprovence-cruise.com\/fr\/wp-content\/uploads\/sites\/2\/2020\/05\/domaine-du-muy-ccciv-vpcc-2-86x57.jpg 86w\" sizes=\"(max-width: 1024px) 100vw, 1024px\" \/><\/p>\n<h3>Caract\u00e9ristiques du Domaine du Muy<\/h3>\n<p>Ouvert en 2015, le parc de sculptures est con\u00e7u comme une galerie en plein air en constante \u00e9volution. De nouvelles \u0153uvres sont ajout\u00e9es au fur et \u00e0 mesure que celles pr\u00e9sentes sont vendues. En 2016, des jardins dessin\u00e9s par le paysagiste Louis Benech ont \u00e9t\u00e9 ajout\u00e9s au parc.<\/p>\n<p>Le parc de sculptures du Domaine du Muy est class\u00e9 dans le top 5 des \u00ab 5 fabuleuses destinations artistiques \u00e0 visiter sur la C\u00f4te d&rsquo;Azur \u00bb par le magazine Artnet.<\/p>\n<h3>QUE FAIRE:<\/h3>\n<ul>\n<li>Le sentier de deux kilom\u00e8tres qui m\u00e8ne aux sculptures contemporaines.<\/li>\n<li>La galerie d&rsquo;art situ\u00e9e dans le parc.<\/li>\n<li>Les plus : le c\u00e9l\u00e8bre et magnifique <a href=\"https:\/\/www.sainte-roseline.com\/\" target=\"_blank\" rel=\"noopener\">Ch\u00e2teau Sainte-Roseline<\/a> \u00e0 quelques kilom\u00e8tres. Il propose des visites de sa cave avec d\u00e9gustation de vins (C\u00f4tes de Provence). Les visiteurs apprendront les 3 \u00e9tapes de la d\u00e9gustation (avec les yeux, le bruit et la bouche) avec une \u00e9quipe bilingue.<\/li>\n<\/ul>\n","protected":false},"excerpt":{"rendered":"<p>Pr\u00e9sentation du Domaine du Muy Imaginez un parc de 12 hectares nich\u00e9 dans une for\u00eat m\u00e9diterran\u00e9enne sauvage et pr\u00e9serv\u00e9e. En suivant un parcours de 2 km (environ 45 min de marche), les visiteurs auront la surprise de d\u00e9couvrir 37 sculptures g\u00e9antes, preuve de la pr\u00e9sence humaine dans un endroit o\u00f9 elle est le moins attendue! [&hellip;]<\/p>\n","protected":false},"author":1,"featured_media":4084,"parent":147,"menu_order":0,"comment_status":"closed","ping_status":"closed","template":"","meta":[],"_links":{"self":[{"href":"https:\/\/www.varprovence-cruise.com\/fr\/wp-json\/wp\/v2\/pages\/2103"}],"collection":[{"href":"https:\/\/www.varprovence-cruise.com\/fr\/wp-json\/wp\/v2\/pages"}],"about":[{"href":"https:\/\/www.varprovence-cruise.com\/fr\/wp-json\/wp\/v2\/types\/page"}],"author":[{"embeddable":true,"href":"https:\/\/www.varprovence-cruise.com\/fr\/wp-json\/wp\/v2\/users\/1"}],"replies":[{"embeddable":true,"href":"https:\/\/www.varprovence-cruise.com\/fr\/wp-json\/wp\/v2\/comments?post=2103"}],"version-history":[{"count":5,"href":"https:\/\/www.varprovence-cruise.com\/fr\/wp-json\/wp\/v2\/pages\/2103\/revisions"}],"predecessor-version":[{"id":17397,"href":"https:\/\/www.varprovence-cruise.com\/fr\/wp-json\/wp\/v2\/pages\/2103\/revisions\/17397"}],"up":[{"embeddable":true,"href":"https:\/\/www.varprovence-cruise.com\/fr\/wp-json\/wp\/v2\/pages\/147"}],"wp:featuredmedia":[{"embeddable":true,"href":"https:\/\/www.varprovence-cruise.com\/fr\/wp-json\/wp\/v2\/media\/4084"}],"wp:attachment":[{"href":"https:\/\/www.varprovence-cruise.com\/fr\/wp-json\/wp\/v2\/media?parent=2103"}],"curies":[{"name":"wp","href":"https:\/\/api.w.org\/{rel}","templated":true}]}}