{"id":2097,"date":"2021-06-15T07:26:59","date_gmt":"2021-06-15T06:26:59","guid":{"rendered":"https:\/\/www.varprovence-cruise.com\/fr\/explore-the-ancient-mines-of-var-provence-when-history-meets-adventure-underground"},"modified":"2022-05-04T11:27:17","modified_gmt":"2022-05-04T09:27:17","slug":"explorez-les-anciennes-mines-de-la-provence-varoise-quand-lhistoire-rencontre-laventure-souterraine","status":"publish","type":"page","link":"https:\/\/www.varprovence-cruise.com\/fr\/experience-var-provence\/idees-dexcursions\/explorez-les-anciennes-mines-de-la-provence-varoise-quand-lhistoire-rencontre-laventure-souterraine\/","title":{"rendered":"Explorez les anciennes mines de la Provence varoise : Quand l&rsquo;histoire rencontre l&rsquo;aventure souterraine"},"content":{"rendered":"<h3>La Mine du Cap Garonne au Pradet (Cuivre et Plomb)<\/h3>\n<p>Selon les scientifiques, cette ancienne mine de cuivre et de plomb figure dans le top 5 des sites min\u00e9ralogiques connus \u00e0 ce jour, en raison de la richesse de ses min\u00e9raux. D&rsquo;authentiques documents d&rsquo;archives, des sc\u00e8nes de vie reconstitu\u00e9es et des expositions de pierres aident les visiteurs \u00e0 comprendre le travail des mineurs aux XIX\u1d49 et XX\u1d49 si\u00e8cles ainsi que les secrets des cristaux. Un site tr\u00e8s fr\u00e9quent\u00e9 avec 600 000 visiteurs\/an. \u00c0 voir absolument !<\/p>\n<p>La mine est situ\u00e9e au sommet de la colline du Cap Garonne dans un magnifique site m\u00e9diterran\u00e9en. Il offre une vue imprenable sur la mer, notamment les \u00eeles d&rsquo;Or d&rsquo;Hy\u00e8res et la rade de Toulon. Des sentiers de randonn\u00e9e sont disponibles tout autour du site.<\/p>\n<p><img loading=\"lazy\" width=\"2992\" height=\"1847\" class=\"alignnone size-full wp-image-4573\" src=\"https:\/\/www.varprovence-cruise.com\/fr\/wp-content\/uploads\/sites\/2\/2020\/06\/musee-de-la-mine-le-pradet-2-cap-garonne-cph-gregory-vuylsteker-5.jpg\" alt=\"\" srcset=\"https:\/\/www.varprovence-cruise.com\/fr\/wp-content\/uploads\/sites\/2\/2020\/06\/musee-de-la-mine-le-pradet-2-cap-garonne-cph-gregory-vuylsteker-5.jpg 2992w, https:\/\/www.varprovence-cruise.com\/fr\/wp-content\/uploads\/sites\/2\/2020\/06\/musee-de-la-mine-le-pradet-2-cap-garonne-cph-gregory-vuylsteker-5-300x185.jpg 300w, https:\/\/www.varprovence-cruise.com\/fr\/wp-content\/uploads\/sites\/2\/2020\/06\/musee-de-la-mine-le-pradet-2-cap-garonne-cph-gregory-vuylsteker-5-768x474.jpg 768w, https:\/\/www.varprovence-cruise.com\/fr\/wp-content\/uploads\/sites\/2\/2020\/06\/musee-de-la-mine-le-pradet-2-cap-garonne-cph-gregory-vuylsteker-5-1024x632.jpg 1024w, https:\/\/www.varprovence-cruise.com\/fr\/wp-content\/uploads\/sites\/2\/2020\/06\/musee-de-la-mine-le-pradet-2-cap-garonne-cph-gregory-vuylsteker-5-767x473.jpg 767w, https:\/\/www.varprovence-cruise.com\/fr\/wp-content\/uploads\/sites\/2\/2020\/06\/musee-de-la-mine-le-pradet-2-cap-garonne-cph-gregory-vuylsteker-5-1023x632.jpg 1023w, https:\/\/www.varprovence-cruise.com\/fr\/wp-content\/uploads\/sites\/2\/2020\/06\/musee-de-la-mine-le-pradet-2-cap-garonne-cph-gregory-vuylsteker-5-1800x1111.jpg 1800w, https:\/\/www.varprovence-cruise.com\/fr\/wp-content\/uploads\/sites\/2\/2020\/06\/musee-de-la-mine-le-pradet-2-cap-garonne-cph-gregory-vuylsteker-5-180x111.jpg 180w, https:\/\/www.varprovence-cruise.com\/fr\/wp-content\/uploads\/sites\/2\/2020\/06\/musee-de-la-mine-le-pradet-2-cap-garonne-cph-gregory-vuylsteker-5-315x194.jpg 315w, https:\/\/www.varprovence-cruise.com\/fr\/wp-content\/uploads\/sites\/2\/2020\/06\/musee-de-la-mine-le-pradet-2-cap-garonne-cph-gregory-vuylsteker-5-380x235.jpg 380w, https:\/\/www.varprovence-cruise.com\/fr\/wp-content\/uploads\/sites\/2\/2020\/06\/musee-de-la-mine-le-pradet-2-cap-garonne-cph-gregory-vuylsteker-5-44x27.jpg 44w, https:\/\/www.varprovence-cruise.com\/fr\/wp-content\/uploads\/sites\/2\/2020\/06\/musee-de-la-mine-le-pradet-2-cap-garonne-cph-gregory-vuylsteker-5-80x49.jpg 80w, https:\/\/www.varprovence-cruise.com\/fr\/wp-content\/uploads\/sites\/2\/2020\/06\/musee-de-la-mine-le-pradet-2-cap-garonne-cph-gregory-vuylsteker-5-83x51.jpg 83w, https:\/\/www.varprovence-cruise.com\/fr\/wp-content\/uploads\/sites\/2\/2020\/06\/musee-de-la-mine-le-pradet-2-cap-garonne-cph-gregory-vuylsteker-5-165x102.jpg 165w, https:\/\/www.varprovence-cruise.com\/fr\/wp-content\/uploads\/sites\/2\/2020\/06\/musee-de-la-mine-le-pradet-2-cap-garonne-cph-gregory-vuylsteker-5-49x30.jpg 49w, https:\/\/www.varprovence-cruise.com\/fr\/wp-content\/uploads\/sites\/2\/2020\/06\/musee-de-la-mine-le-pradet-2-cap-garonne-cph-gregory-vuylsteker-5-97x60.jpg 97w, https:\/\/www.varprovence-cruise.com\/fr\/wp-content\/uploads\/sites\/2\/2020\/06\/musee-de-la-mine-le-pradet-2-cap-garonne-cph-gregory-vuylsteker-5-86x53.jpg 86w\" sizes=\"(max-width: 2992px) 100vw, 2992px\" \/><\/p>\n<h3>La Mine des Gueules rouges \u00e0 Tourves (Bauxite)<\/h3>\n<p>Ce mus\u00e9e interactif propose une mani\u00e8re ludique gr\u00e2ce \u00e0 ses bornes digitales d&rsquo;en savoir plus sur l&rsquo;exploitation de la bauxite, l&rsquo;industrie majeure du d\u00e9partement du Var au XIX\u1d49 et au d\u00e9but du XX\u1d49 si\u00e8cle. La forme pure de l&rsquo;aluminium n&rsquo;existe pas naturellement dans la nature. Il \u00e9tait largement inconnu jusqu&rsquo;\u00e0 il y a encore 200 ans&rsquo; Les visiteurs d\u00e9couvriront l&rsquo;ancien proc\u00e9d\u00e9 qui servait \u00e0 transformer la bauxite en aluminium, et comment ce m\u00e9tal est encore utilis\u00e9 de nos jours.<\/p>\n<p>Ensuite, les visiteurs pourront enfiler leurs casques pour une visite guid\u00e9e des tunnels souterrains d&rsquo;une ancienne mine reconstitu\u00e9e, et d\u00e9couvrir la dure vie des ouvriers.<\/p>\n<h3>QUE FAIRE:<\/h3>\n<ul>\n<li>Visite guid\u00e9e d&rsquo;une ancienne mine pour en savoir plus sur les min\u00e9raux, ainsi que sur la vie des mineurs aux XIX\u1d49 et XX\u1d49 si\u00e8cles.<\/li>\n<li>Cap Garonne : balades exceptionnelles autour du site + belles plages \u00e0 proximit\u00e9 (10 min en voiture).<\/li>\n<li>Tourves : belles balades dans les Gorges du Caramy, le long de la rivi\u00e8re + Basilique Saint-Maximin (10 min en voiture)<\/li>\n<\/ul>\n<p><em>Astuce : n&rsquo;oubliez pas qu&rsquo;il fait assez frais dans les mines (entre 14\u00b0C et 16\u00b0C). Assurez-vous de prendre des v\u00eatements plus chauds m\u00eame en \u00e9t\u00e9.<\/em><\/p>\n","protected":false},"excerpt":{"rendered":"<p>La Mine du Cap Garonne au Pradet (Cuivre et Plomb) Selon les scientifiques, cette ancienne mine de cuivre et de plomb figure dans le top 5 des sites min\u00e9ralogiques connus \u00e0 ce jour, en raison de la richesse de ses min\u00e9raux. D&rsquo;authentiques documents d&rsquo;archives, des sc\u00e8nes de vie reconstitu\u00e9es et des expositions de pierres aident [&hellip;]<\/p>\n","protected":false},"author":1,"featured_media":3308,"parent":147,"menu_order":0,"comment_status":"closed","ping_status":"closed","template":"","meta":[],"_links":{"self":[{"href":"https:\/\/www.varprovence-cruise.com\/fr\/wp-json\/wp\/v2\/pages\/2097"}],"collection":[{"href":"https:\/\/www.varprovence-cruise.com\/fr\/wp-json\/wp\/v2\/pages"}],"about":[{"href":"https:\/\/www.varprovence-cruise.com\/fr\/wp-json\/wp\/v2\/types\/page"}],"author":[{"embeddable":true,"href":"https:\/\/www.varprovence-cruise.com\/fr\/wp-json\/wp\/v2\/users\/1"}],"replies":[{"embeddable":true,"href":"https:\/\/www.varprovence-cruise.com\/fr\/wp-json\/wp\/v2\/comments?post=2097"}],"version-history":[{"count":5,"href":"https:\/\/www.varprovence-cruise.com\/fr\/wp-json\/wp\/v2\/pages\/2097\/revisions"}],"predecessor-version":[{"id":17744,"href":"https:\/\/www.varprovence-cruise.com\/fr\/wp-json\/wp\/v2\/pages\/2097\/revisions\/17744"}],"up":[{"embeddable":true,"href":"https:\/\/www.varprovence-cruise.com\/fr\/wp-json\/wp\/v2\/pages\/147"}],"wp:featuredmedia":[{"embeddable":true,"href":"https:\/\/www.varprovence-cruise.com\/fr\/wp-json\/wp\/v2\/media\/3308"}],"wp:attachment":[{"href":"https:\/\/www.varprovence-cruise.com\/fr\/wp-json\/wp\/v2\/media?parent=2097"}],"curies":[{"name":"wp","href":"https:\/\/api.w.org\/{rel}","templated":true}]}}