{"id":2092,"date":"2021-06-15T07:26:59","date_gmt":"2021-06-15T06:26:59","guid":{"rendered":"https:\/\/www.varprovence-cruise.com\/fr\/le-lavandou-beaches-nautical-activities"},"modified":"2022-05-04T11:51:36","modified_gmt":"2022-05-04T09:51:36","slug":"le-lavandou-plages-activites-nautiques","status":"publish","type":"page","link":"https:\/\/www.varprovence-cruise.com\/fr\/experience-var-provence\/idees-dexcursions\/le-lavandou-plages-activites-nautiques\/","title":{"rendered":"Le Lavandou : Plages &#038; activit\u00e9s nautiques"},"content":{"rendered":"<h2>D\u00e9tente sur les plages du Lavandou<\/h2>\n<p>Le Lavandou est une station baln\u00e9aire exceptionnelle. La plage de Saint-Clair, bord\u00e9e de collines, est tr\u00e8s appr\u00e9ci\u00e9e des locaux comme des touristes. Pour une exp\u00e9rience d&rsquo;exception, de belles plages priv\u00e9es se dressent le long de la promenade du littoral entre l&rsquo;Office de Tourisme et le site de la Pointe de Gouron.<\/p>\n<p><iframe loading=\"lazy\" src=\"https:\/\/www.youtube.com\/embed\/uGEEfLbBwUI\" width=\"560\" height=\"315\" frameborder=\"0\" allowfullscreen=\"allowfullscreen\"><\/iframe><\/p>\n","protected":false},"excerpt":{"rendered":"<p>D\u00e9tente sur les plages du Lavandou Le Lavandou est une station baln\u00e9aire exceptionnelle. La plage de Saint-Clair, bord\u00e9e de collines, est tr\u00e8s appr\u00e9ci\u00e9e des locaux comme des touristes. Pour une exp\u00e9rience d&rsquo;exception, de belles plages priv\u00e9es se dressent le long de la promenade du littoral entre l&rsquo;Office de Tourisme et le site de la Pointe [&hellip;]<\/p>\n","protected":false},"author":1,"featured_media":3436,"parent":147,"menu_order":0,"comment_status":"closed","ping_status":"closed","template":"","meta":[],"_links":{"self":[{"href":"https:\/\/www.varprovence-cruise.com\/fr\/wp-json\/wp\/v2\/pages\/2092"}],"collection":[{"href":"https:\/\/www.varprovence-cruise.com\/fr\/wp-json\/wp\/v2\/pages"}],"about":[{"href":"https:\/\/www.varprovence-cruise.com\/fr\/wp-json\/wp\/v2\/types\/page"}],"author":[{"embeddable":true,"href":"https:\/\/www.varprovence-cruise.com\/fr\/wp-json\/wp\/v2\/users\/1"}],"replies":[{"embeddable":true,"href":"https:\/\/www.varprovence-cruise.com\/fr\/wp-json\/wp\/v2\/comments?post=2092"}],"version-history":[{"count":8,"href":"https:\/\/www.varprovence-cruise.com\/fr\/wp-json\/wp\/v2\/pages\/2092\/revisions"}],"predecessor-version":[{"id":17755,"href":"https:\/\/www.varprovence-cruise.com\/fr\/wp-json\/wp\/v2\/pages\/2092\/revisions\/17755"}],"up":[{"embeddable":true,"href":"https:\/\/www.varprovence-cruise.com\/fr\/wp-json\/wp\/v2\/pages\/147"}],"wp:featuredmedia":[{"embeddable":true,"href":"https:\/\/www.varprovence-cruise.com\/fr\/wp-json\/wp\/v2\/media\/3436"}],"wp:attachment":[{"href":"https:\/\/www.varprovence-cruise.com\/fr\/wp-json\/wp\/v2\/media?parent=2092"}],"curies":[{"name":"wp","href":"https:\/\/api.w.org\/{rel}","templated":true}]}}