{"id":2088,"date":"2021-06-15T07:26:59","date_gmt":"2021-06-15T06:26:59","guid":{"rendered":"https:\/\/www.varprovence-cruise.com\/fr\/porquerolles-hyeres-les-palmiers-must-see-in-var-provence"},"modified":"2022-05-02T20:51:46","modified_gmt":"2022-05-02T18:51:46","slug":"porquerolles-hyeres-les-palmiers-incontournable-de-la-provence-varoise","status":"publish","type":"page","link":"https:\/\/www.varprovence-cruise.com\/fr\/experience-var-provence\/idees-dexcursions\/porquerolles-hyeres-les-palmiers-incontournable-de-la-provence-varoise\/","title":{"rendered":"Porquerolles (Hy\u00e8res-les-Palmiers) : Incontournable de la Provence varoise"},"content":{"rendered":"<h2>Porquerolles<\/h2>\n<p>La plage Notre-Dame, situ\u00e9e sur l&rsquo;\u00eele de Porquerolles, a \u00e9t\u00e9 class\u00e9e n\u00b01 des \u00abPlus belles plages d&rsquo;Europe\u00bb par European Best Destination (devant Navagio en Gr\u00e8ce et Zlatni en Croatie). C&rsquo;est tout simplement le paradis !<\/p>\n<p>La plage d&rsquo;argent, de l&rsquo;autre c\u00f4t\u00e9 du port, est aussi magnifique mais g\u00e9n\u00e9ralement plus fr\u00e9quent\u00e9e que la plage Notre-Dame. Louer un v\u00e9lo pour visiter l&rsquo;\u00eele est un incontournable!<\/p>\n<p><img loading=\"lazy\" class=\"alignnone  wp-image-3744\" src=\"https:\/\/www.varprovence-cruise.com\/fr\/wp-content\/uploads\/sites\/2\/2020\/04\/porquerolles-chyerestourisme-5.jpg\" alt=\"\" width=\"1166\" height=\"532\" srcset=\"https:\/\/www.varprovence-cruise.com\/fr\/wp-content\/uploads\/sites\/2\/2020\/04\/porquerolles-chyerestourisme-5.jpg 1600w, https:\/\/www.varprovence-cruise.com\/fr\/wp-content\/uploads\/sites\/2\/2020\/04\/porquerolles-chyerestourisme-5-300x137.jpg 300w, https:\/\/www.varprovence-cruise.com\/fr\/wp-content\/uploads\/sites\/2\/2020\/04\/porquerolles-chyerestourisme-5-768x350.jpg 768w, https:\/\/www.varprovence-cruise.com\/fr\/wp-content\/uploads\/sites\/2\/2020\/04\/porquerolles-chyerestourisme-5-1024x467.jpg 1024w, https:\/\/www.varprovence-cruise.com\/fr\/wp-content\/uploads\/sites\/2\/2020\/04\/porquerolles-chyerestourisme-5-767x350.jpg 767w, https:\/\/www.varprovence-cruise.com\/fr\/wp-content\/uploads\/sites\/2\/2020\/04\/porquerolles-chyerestourisme-5-1023x466.jpg 1023w, https:\/\/www.varprovence-cruise.com\/fr\/wp-content\/uploads\/sites\/2\/2020\/04\/porquerolles-chyerestourisme-5-180x82.jpg 180w, https:\/\/www.varprovence-cruise.com\/fr\/wp-content\/uploads\/sites\/2\/2020\/04\/porquerolles-chyerestourisme-5-315x144.jpg 315w, https:\/\/www.varprovence-cruise.com\/fr\/wp-content\/uploads\/sites\/2\/2020\/04\/porquerolles-chyerestourisme-5-380x173.jpg 380w, https:\/\/www.varprovence-cruise.com\/fr\/wp-content\/uploads\/sites\/2\/2020\/04\/porquerolles-chyerestourisme-5-44x20.jpg 44w, https:\/\/www.varprovence-cruise.com\/fr\/wp-content\/uploads\/sites\/2\/2020\/04\/porquerolles-chyerestourisme-5-80x37.jpg 80w, https:\/\/www.varprovence-cruise.com\/fr\/wp-content\/uploads\/sites\/2\/2020\/04\/porquerolles-chyerestourisme-5-83x38.jpg 83w, https:\/\/www.varprovence-cruise.com\/fr\/wp-content\/uploads\/sites\/2\/2020\/04\/porquerolles-chyerestourisme-5-165x75.jpg 165w, https:\/\/www.varprovence-cruise.com\/fr\/wp-content\/uploads\/sites\/2\/2020\/04\/porquerolles-chyerestourisme-5-66x30.jpg 66w, https:\/\/www.varprovence-cruise.com\/fr\/wp-content\/uploads\/sites\/2\/2020\/04\/porquerolles-chyerestourisme-5-132x60.jpg 132w, https:\/\/www.varprovence-cruise.com\/fr\/wp-content\/uploads\/sites\/2\/2020\/04\/porquerolles-chyerestourisme-5-86x39.jpg 86w\" sizes=\"(max-width: 1166px) 100vw, 1166px\" \/><\/p>\n","protected":false},"excerpt":{"rendered":"<p>Porquerolles La plage Notre-Dame, situ\u00e9e sur l&rsquo;\u00eele de Porquerolles, a \u00e9t\u00e9 class\u00e9e n\u00b01 des \u00abPlus belles plages d&rsquo;Europe\u00bb par European Best Destination (devant Navagio en Gr\u00e8ce et Zlatni en Croatie). C&rsquo;est tout simplement le paradis ! La plage d&rsquo;argent, de l&rsquo;autre c\u00f4t\u00e9 du port, est aussi magnifique mais g\u00e9n\u00e9ralement plus fr\u00e9quent\u00e9e que la plage Notre-Dame. [&hellip;]<\/p>\n","protected":false},"author":1,"featured_media":3724,"parent":147,"menu_order":0,"comment_status":"closed","ping_status":"closed","template":"","meta":[],"_links":{"self":[{"href":"https:\/\/www.varprovence-cruise.com\/fr\/wp-json\/wp\/v2\/pages\/2088"}],"collection":[{"href":"https:\/\/www.varprovence-cruise.com\/fr\/wp-json\/wp\/v2\/pages"}],"about":[{"href":"https:\/\/www.varprovence-cruise.com\/fr\/wp-json\/wp\/v2\/types\/page"}],"author":[{"embeddable":true,"href":"https:\/\/www.varprovence-cruise.com\/fr\/wp-json\/wp\/v2\/users\/1"}],"replies":[{"embeddable":true,"href":"https:\/\/www.varprovence-cruise.com\/fr\/wp-json\/wp\/v2\/comments?post=2088"}],"version-history":[{"count":9,"href":"https:\/\/www.varprovence-cruise.com\/fr\/wp-json\/wp\/v2\/pages\/2088\/revisions"}],"predecessor-version":[{"id":17661,"href":"https:\/\/www.varprovence-cruise.com\/fr\/wp-json\/wp\/v2\/pages\/2088\/revisions\/17661"}],"up":[{"embeddable":true,"href":"https:\/\/www.varprovence-cruise.com\/fr\/wp-json\/wp\/v2\/pages\/147"}],"wp:featuredmedia":[{"embeddable":true,"href":"https:\/\/www.varprovence-cruise.com\/fr\/wp-json\/wp\/v2\/media\/3724"}],"wp:attachment":[{"href":"https:\/\/www.varprovence-cruise.com\/fr\/wp-json\/wp\/v2\/media?parent=2088"}],"curies":[{"name":"wp","href":"https:\/\/api.w.org\/{rel}","templated":true}]}}