{"id":2084,"date":"2021-06-15T07:26:59","date_gmt":"2021-06-15T06:26:59","guid":{"rendered":"https:\/\/www.varprovence-cruise.com\/fr\/domaines-viticoles-insolites-incontournable-en-var-provence"},"modified":"2022-05-02T22:31:59","modified_gmt":"2022-05-02T20:31:59","slug":"domaines-viticoles-insolites-incontournable-de-la-provence-varoise","status":"publish","type":"page","link":"https:\/\/www.varprovence-cruise.com\/fr\/experience-var-provence\/idees-dexcursions\/domaines-viticoles-insolites-incontournable-de-la-provence-varoise\/","title":{"rendered":"Domaines viticoles insolites : Incontournable de la Provence varoise"},"content":{"rendered":"<h2>Domaines viticoles insolites<\/h2>\n<p>La Maison des Vins Fabre compte 7 domaines viticoles r\u00e9partis sur 550 hectares autour de la ville de Hy\u00e8res. Le <a href=\"http:\/\/www.aumerade.com\/fr\/\" target=\"_blank\" rel=\"noopener\">Ch\u00e2teau de l&rsquo;Aum\u00e9rade<\/a> (\u00e0 Pierrefeu-du-Var) est ouvert au public et propose des visites dont la cave de 3 500m\u00b2, le jardin aux arbres centenaires, et le \u00ab\u00a0mus\u00e9e des Santons \u00a0\u00bb pr\u00e9sentant 1800 figurines, symbole de Provence.<\/p>\n<p>Le <a href=\"http:\/\/www.chateau-la-clapiere.com\/fr\/\" target=\"_blank\" rel=\"noopener\">Ch\u00e2teau de la Clapi\u00e8re<\/a>, situ\u00e9 \u00e0 Hy\u00e8res, a \u00e9t\u00e9 restaur\u00e9 dans sa forme d&rsquo;origine, tout comme la reine Victoria l&rsquo;avait vu lors de son s\u00e9jour en 1892. En plus de la visite du domaine, les visiteurs peuvent admirer une collection d&rsquo;objets li\u00e9s \u00e0 son r\u00e8gne .<\/p>\n<p><img loading=\"lazy\" width=\"2048\" height=\"2048\" class=\"alignnone size-full wp-image-4223\" src=\"https:\/\/www.varprovence-cruise.com\/fr\/wp-content\/uploads\/sites\/2\/2020\/05\/chateau-de-la-clapiere-2020-cchateau-de-la-clapiere-8.jpg\" alt=\"\" srcset=\"https:\/\/www.varprovence-cruise.com\/fr\/wp-content\/uploads\/sites\/2\/2020\/05\/chateau-de-la-clapiere-2020-cchateau-de-la-clapiere-8.jpg 2048w, https:\/\/www.varprovence-cruise.com\/fr\/wp-content\/uploads\/sites\/2\/2020\/05\/chateau-de-la-clapiere-2020-cchateau-de-la-clapiere-8-150x150.jpg 150w, https:\/\/www.varprovence-cruise.com\/fr\/wp-content\/uploads\/sites\/2\/2020\/05\/chateau-de-la-clapiere-2020-cchateau-de-la-clapiere-8-300x300.jpg 300w, https:\/\/www.varprovence-cruise.com\/fr\/wp-content\/uploads\/sites\/2\/2020\/05\/chateau-de-la-clapiere-2020-cchateau-de-la-clapiere-8-768x768.jpg 768w, https:\/\/www.varprovence-cruise.com\/fr\/wp-content\/uploads\/sites\/2\/2020\/05\/chateau-de-la-clapiere-2020-cchateau-de-la-clapiere-8-1024x1024.jpg 1024w, https:\/\/www.varprovence-cruise.com\/fr\/wp-content\/uploads\/sites\/2\/2020\/05\/chateau-de-la-clapiere-2020-cchateau-de-la-clapiere-8-767x767.jpg 767w, https:\/\/www.varprovence-cruise.com\/fr\/wp-content\/uploads\/sites\/2\/2020\/05\/chateau-de-la-clapiere-2020-cchateau-de-la-clapiere-8-1023x1023.jpg 1023w, https:\/\/www.varprovence-cruise.com\/fr\/wp-content\/uploads\/sites\/2\/2020\/05\/chateau-de-la-clapiere-2020-cchateau-de-la-clapiere-8-1800x1800.jpg 1800w, https:\/\/www.varprovence-cruise.com\/fr\/wp-content\/uploads\/sites\/2\/2020\/05\/chateau-de-la-clapiere-2020-cchateau-de-la-clapiere-8-180x180.jpg 180w, https:\/\/www.varprovence-cruise.com\/fr\/wp-content\/uploads\/sites\/2\/2020\/05\/chateau-de-la-clapiere-2020-cchateau-de-la-clapiere-8-315x315.jpg 315w, https:\/\/www.varprovence-cruise.com\/fr\/wp-content\/uploads\/sites\/2\/2020\/05\/chateau-de-la-clapiere-2020-cchateau-de-la-clapiere-8-380x380.jpg 380w, https:\/\/www.varprovence-cruise.com\/fr\/wp-content\/uploads\/sites\/2\/2020\/05\/chateau-de-la-clapiere-2020-cchateau-de-la-clapiere-8-44x44.jpg 44w, https:\/\/www.varprovence-cruise.com\/fr\/wp-content\/uploads\/sites\/2\/2020\/05\/chateau-de-la-clapiere-2020-cchateau-de-la-clapiere-8-80x80.jpg 80w, https:\/\/www.varprovence-cruise.com\/fr\/wp-content\/uploads\/sites\/2\/2020\/05\/chateau-de-la-clapiere-2020-cchateau-de-la-clapiere-8-83x83.jpg 83w, https:\/\/www.varprovence-cruise.com\/fr\/wp-content\/uploads\/sites\/2\/2020\/05\/chateau-de-la-clapiere-2020-cchateau-de-la-clapiere-8-165x165.jpg 165w, https:\/\/www.varprovence-cruise.com\/fr\/wp-content\/uploads\/sites\/2\/2020\/05\/chateau-de-la-clapiere-2020-cchateau-de-la-clapiere-8-30x30.jpg 30w, https:\/\/www.varprovence-cruise.com\/fr\/wp-content\/uploads\/sites\/2\/2020\/05\/chateau-de-la-clapiere-2020-cchateau-de-la-clapiere-8-60x60.jpg 60w, https:\/\/www.varprovence-cruise.com\/fr\/wp-content\/uploads\/sites\/2\/2020\/05\/chateau-de-la-clapiere-2020-cchateau-de-la-clapiere-8-86x86.jpg 86w\" sizes=\"(max-width: 2048px) 100vw, 2048px\" \/><\/p>\n","protected":false},"excerpt":{"rendered":"<p>Domaines viticoles insolites La Maison des Vins Fabre compte 7 domaines viticoles r\u00e9partis sur 550 hectares autour de la ville de Hy\u00e8res. Le Ch\u00e2teau de l&rsquo;Aum\u00e9rade (\u00e0 Pierrefeu-du-Var) est ouvert au public et propose des visites dont la cave de 3 500m\u00b2, le jardin aux arbres centenaires, et le \u00ab\u00a0mus\u00e9e des Santons \u00a0\u00bb pr\u00e9sentant 1800 [&hellip;]<\/p>\n","protected":false},"author":1,"featured_media":4218,"parent":147,"menu_order":0,"comment_status":"closed","ping_status":"closed","template":"","meta":[],"_links":{"self":[{"href":"https:\/\/www.varprovence-cruise.com\/fr\/wp-json\/wp\/v2\/pages\/2084"}],"collection":[{"href":"https:\/\/www.varprovence-cruise.com\/fr\/wp-json\/wp\/v2\/pages"}],"about":[{"href":"https:\/\/www.varprovence-cruise.com\/fr\/wp-json\/wp\/v2\/types\/page"}],"author":[{"embeddable":true,"href":"https:\/\/www.varprovence-cruise.com\/fr\/wp-json\/wp\/v2\/users\/1"}],"replies":[{"embeddable":true,"href":"https:\/\/www.varprovence-cruise.com\/fr\/wp-json\/wp\/v2\/comments?post=2084"}],"version-history":[{"count":12,"href":"https:\/\/www.varprovence-cruise.com\/fr\/wp-json\/wp\/v2\/pages\/2084\/revisions"}],"predecessor-version":[{"id":17679,"href":"https:\/\/www.varprovence-cruise.com\/fr\/wp-json\/wp\/v2\/pages\/2084\/revisions\/17679"}],"up":[{"embeddable":true,"href":"https:\/\/www.varprovence-cruise.com\/fr\/wp-json\/wp\/v2\/pages\/147"}],"wp:featuredmedia":[{"embeddable":true,"href":"https:\/\/www.varprovence-cruise.com\/fr\/wp-json\/wp\/v2\/media\/4218"}],"wp:attachment":[{"href":"https:\/\/www.varprovence-cruise.com\/fr\/wp-json\/wp\/v2\/media?parent=2084"}],"curies":[{"name":"wp","href":"https:\/\/api.w.org\/{rel}","templated":true}]}}