{"id":2080,"date":"2021-06-15T07:26:59","date_gmt":"2021-06-15T06:26:59","guid":{"rendered":"https:\/\/www.varprovence-cruise.com\/fr\/route-des-vins-de-provence-incontournable-en-var-provence"},"modified":"2022-10-06T12:47:48","modified_gmt":"2022-10-06T10:47:48","slug":"route-des-vins-de-provence-incontournable-de-la-provence-varoise","status":"publish","type":"page","link":"https:\/\/www.varprovence-cruise.com\/fr\/experience-var-provence\/idees-dexcursions\/route-des-vins-de-provence-incontournable-de-la-provence-varoise\/","title":{"rendered":"Route des vins de Provence : Incontournable de la Provence varoise"},"content":{"rendered":"<h2>Route des vins de Provence<\/h2>\n<p>La Route des vins de Provence est la repr\u00e9sentante officielle de l&rsquo;\u0153notourisme de la Provence varoise. Gr\u00e2ce \u00e0 son r\u00e9seau de 448 partenaires, elle propose plusieurs routes des vins qui correspondent parfaitement aux int\u00e9r\u00eats et aux pr\u00e9f\u00e9rences des visiteurs : \u00ab Balade \u00e0 cheval dans les vignes, \u00ab Art &amp; Culture \u00bb, \u00ab Route des vins bio \u00bb\u2026<\/p>\n<p><a href=\"https:\/\/www.varprovence-cruise.com\/fr\/wp-content\/uploads\/sites\/2\/2022\/10\/domaine-des-escaravatiers-cherve-fabre-routedesvinsdeprovence.com_-scaled.jpg\"><img loading=\"lazy\" class=\"wp-image-18689 aligncenter\" src=\"https:\/\/www.varprovence-cruise.com\/fr\/wp-content\/uploads\/sites\/2\/2022\/10\/domaine-des-escaravatiers-cherve-fabre-routedesvinsdeprovence.com_-scaled.jpg\" alt=\"\" width=\"353\" height=\"235\" srcset=\"https:\/\/www.varprovence-cruise.com\/fr\/wp-content\/uploads\/sites\/2\/2022\/10\/domaine-des-escaravatiers-cherve-fabre-routedesvinsdeprovence.com_-scaled.jpg 2560w, https:\/\/www.varprovence-cruise.com\/fr\/wp-content\/uploads\/sites\/2\/2022\/10\/domaine-des-escaravatiers-cherve-fabre-routedesvinsdeprovence.com_-300x200.jpg 300w, https:\/\/www.varprovence-cruise.com\/fr\/wp-content\/uploads\/sites\/2\/2022\/10\/domaine-des-escaravatiers-cherve-fabre-routedesvinsdeprovence.com_-1024x683.jpg 1024w, https:\/\/www.varprovence-cruise.com\/fr\/wp-content\/uploads\/sites\/2\/2022\/10\/domaine-des-escaravatiers-cherve-fabre-routedesvinsdeprovence.com_-768x512.jpg 768w, https:\/\/www.varprovence-cruise.com\/fr\/wp-content\/uploads\/sites\/2\/2022\/10\/domaine-des-escaravatiers-cherve-fabre-routedesvinsdeprovence.com_-1536x1024.jpg 1536w, https:\/\/www.varprovence-cruise.com\/fr\/wp-content\/uploads\/sites\/2\/2022\/10\/domaine-des-escaravatiers-cherve-fabre-routedesvinsdeprovence.com_-2048x1365.jpg 2048w, https:\/\/www.varprovence-cruise.com\/fr\/wp-content\/uploads\/sites\/2\/2022\/10\/domaine-des-escaravatiers-cherve-fabre-routedesvinsdeprovence.com_-767x511.jpg 767w, https:\/\/www.varprovence-cruise.com\/fr\/wp-content\/uploads\/sites\/2\/2022\/10\/domaine-des-escaravatiers-cherve-fabre-routedesvinsdeprovence.com_-1023x682.jpg 1023w, https:\/\/www.varprovence-cruise.com\/fr\/wp-content\/uploads\/sites\/2\/2022\/10\/domaine-des-escaravatiers-cherve-fabre-routedesvinsdeprovence.com_-1800x1200.jpg 1800w, https:\/\/www.varprovence-cruise.com\/fr\/wp-content\/uploads\/sites\/2\/2022\/10\/domaine-des-escaravatiers-cherve-fabre-routedesvinsdeprovence.com_-180x120.jpg 180w, https:\/\/www.varprovence-cruise.com\/fr\/wp-content\/uploads\/sites\/2\/2022\/10\/domaine-des-escaravatiers-cherve-fabre-routedesvinsdeprovence.com_-315x210.jpg 315w, https:\/\/www.varprovence-cruise.com\/fr\/wp-content\/uploads\/sites\/2\/2022\/10\/domaine-des-escaravatiers-cherve-fabre-routedesvinsdeprovence.com_-380x253.jpg 380w, https:\/\/www.varprovence-cruise.com\/fr\/wp-content\/uploads\/sites\/2\/2022\/10\/domaine-des-escaravatiers-cherve-fabre-routedesvinsdeprovence.com_-44x29.jpg 44w, https:\/\/www.varprovence-cruise.com\/fr\/wp-content\/uploads\/sites\/2\/2022\/10\/domaine-des-escaravatiers-cherve-fabre-routedesvinsdeprovence.com_-80x53.jpg 80w, https:\/\/www.varprovence-cruise.com\/fr\/wp-content\/uploads\/sites\/2\/2022\/10\/domaine-des-escaravatiers-cherve-fabre-routedesvinsdeprovence.com_-83x55.jpg 83w, https:\/\/www.varprovence-cruise.com\/fr\/wp-content\/uploads\/sites\/2\/2022\/10\/domaine-des-escaravatiers-cherve-fabre-routedesvinsdeprovence.com_-165x110.jpg 165w, https:\/\/www.varprovence-cruise.com\/fr\/wp-content\/uploads\/sites\/2\/2022\/10\/domaine-des-escaravatiers-cherve-fabre-routedesvinsdeprovence.com_-45x30.jpg 45w, https:\/\/www.varprovence-cruise.com\/fr\/wp-content\/uploads\/sites\/2\/2022\/10\/domaine-des-escaravatiers-cherve-fabre-routedesvinsdeprovence.com_-90x60.jpg 90w, https:\/\/www.varprovence-cruise.com\/fr\/wp-content\/uploads\/sites\/2\/2022\/10\/domaine-des-escaravatiers-cherve-fabre-routedesvinsdeprovence.com_-86x57.jpg 86w\" sizes=\"(max-width: 353px) 100vw, 353px\" \/><\/a><\/p>\n<p>\u00c0 la campagne, \u00e0 proximit\u00e9 des Arc-sur-Argens, le <a href=\"http:\/\/www.chateauroubine.com\/fr\/\" target=\"_blank\" rel=\"noopener\">Ch\u00e2teau Roubine<\/a>, le <a href=\"https:\/\/provence-alpes-cotedazur.com\/offres\/chateau-font-du-broc-les-arcs-fr-2857403\/\" target=\"_blank\" rel=\"noopener\">Ch\u00e2teau Font du Broc<\/a>, le <a href=\"https:\/\/www.sainte-roseline.com\/\" target=\"_blank\" rel=\"noopener\">Ch\u00e2teau Sainte-Roseline<\/a> et le <a href=\"https:\/\/www.chateauberne.com\/\" target=\"_blank\" rel=\"noopener\">Ch\u00e2teau de Berne<\/a> font partie des domaines viticoles les plus remarquables.<\/p>\n<p>Le long de la c\u00f4te jusqu&rsquo;\u00e0 La Londe, le <a href=\"https:\/\/www.leoube.com\/\" target=\"_blank\" rel=\"noopener\">Ch\u00e2teau Leoube<\/a> et le <a href=\"https:\/\/www.chateau-de-bregancon.fr\/chateau-de-bregancon-domaine-vin-bio-cru-classe-provence\" target=\"_blank\" rel=\"noopener\">Ch\u00e2teau de Br\u00e9gan\u00e7on<\/a> offrent une vue imprenable sur la mer M\u00e9diterran\u00e9e.<\/p>\n","protected":false},"excerpt":{"rendered":"<p>Route des vins de Provence La Route des vins de Provence est la repr\u00e9sentante officielle de l&rsquo;\u0153notourisme de la Provence varoise. Gr\u00e2ce \u00e0 son r\u00e9seau de 448 partenaires, elle propose plusieurs routes des vins qui correspondent parfaitement aux int\u00e9r\u00eats et aux pr\u00e9f\u00e9rences des visiteurs : \u00ab Balade \u00e0 cheval dans les vignes, \u00ab Art &amp; [&hellip;]<\/p>\n","protected":false},"author":1,"featured_media":18700,"parent":147,"menu_order":0,"comment_status":"closed","ping_status":"closed","template":"","meta":[],"_links":{"self":[{"href":"https:\/\/www.varprovence-cruise.com\/fr\/wp-json\/wp\/v2\/pages\/2080"}],"collection":[{"href":"https:\/\/www.varprovence-cruise.com\/fr\/wp-json\/wp\/v2\/pages"}],"about":[{"href":"https:\/\/www.varprovence-cruise.com\/fr\/wp-json\/wp\/v2\/types\/page"}],"author":[{"embeddable":true,"href":"https:\/\/www.varprovence-cruise.com\/fr\/wp-json\/wp\/v2\/users\/1"}],"replies":[{"embeddable":true,"href":"https:\/\/www.varprovence-cruise.com\/fr\/wp-json\/wp\/v2\/comments?post=2080"}],"version-history":[{"count":13,"href":"https:\/\/www.varprovence-cruise.com\/fr\/wp-json\/wp\/v2\/pages\/2080\/revisions"}],"predecessor-version":[{"id":18706,"href":"https:\/\/www.varprovence-cruise.com\/fr\/wp-json\/wp\/v2\/pages\/2080\/revisions\/18706"}],"up":[{"embeddable":true,"href":"https:\/\/www.varprovence-cruise.com\/fr\/wp-json\/wp\/v2\/pages\/147"}],"wp:featuredmedia":[{"embeddable":true,"href":"https:\/\/www.varprovence-cruise.com\/fr\/wp-json\/wp\/v2\/media\/18700"}],"wp:attachment":[{"href":"https:\/\/www.varprovence-cruise.com\/fr\/wp-json\/wp\/v2\/media?parent=2080"}],"curies":[{"name":"wp","href":"https:\/\/api.w.org\/{rel}","templated":true}]}}