{"id":2069,"date":"2021-06-15T07:26:59","date_gmt":"2021-06-15T06:26:59","guid":{"rendered":"https:\/\/www.varprovence-cruise.com\/fr\/saint-tropez-and-port-grimaud-must-see-in-var-provence"},"modified":"2022-05-04T10:52:18","modified_gmt":"2022-05-04T08:52:18","slug":"saint-tropez-port-grimaud-incontournable-de-la-provence-varoise","status":"publish","type":"page","link":"https:\/\/www.varprovence-cruise.com\/fr\/experience-var-provence\/idees-dexcursions\/saint-tropez-port-grimaud-incontournable-de-la-provence-varoise\/","title":{"rendered":"Saint-Tropez &#038; Port Grimaud : Incontournable de la Provence varoise"},"content":{"rendered":"<h2>Saint-Tropez &amp; Port Grimaud<\/h2>\n<p>No need to introduce Saint-Tropez, the world-renowned village where stars and tourists come to\u00a0get a tan on the idyllic beaches, sip a cocktail on the typical fishing port and go dancing in\u00a0prestigious nightclubs.<\/p>\n<p>Port Grimaud is right next to Saint-Tropez and is worth the journey. Built on a lagoon,\u00a0the village is called the \u201cProven\u00e7al Venise\u201d because of its incredible architecture and canals.<\/p>\n<p>Nul besoin de pr\u00e9senter Saint-Tropez, le village mondialement connu o\u00f9 stars et touristes viennent bronzer sur les plages idylliques, siroter un cocktail sur le typique port de p\u00eache et aller danser dans les prestigieuses discoth\u00e8ques.<\/p>\n<p>Port Grimaud, situ\u00e9 juste \u00e0 c\u00f4t\u00e9 de Saint-Tropez, vaut le d\u00e9placement. Construit sur une lagune, le village est surnomm\u00e9 la \u00ab Venise Proven\u00e7ale \u00bb en raison de son architecture et de ses canaux incroyables.<\/p>\n<p><img loading=\"lazy\" width=\"3872\" height=\"2592\" class=\"alignnone size-full wp-image-4173\" src=\"https:\/\/www.varprovence-cruise.com\/fr\/wp-content\/uploads\/sites\/2\/2020\/05\/cite-lacustre-de-port-grimaud-cvartourisme-jhw.jpg\" alt=\"\" srcset=\"https:\/\/www.varprovence-cruise.com\/fr\/wp-content\/uploads\/sites\/2\/2020\/05\/cite-lacustre-de-port-grimaud-cvartourisme-jhw.jpg 3872w, https:\/\/www.varprovence-cruise.com\/fr\/wp-content\/uploads\/sites\/2\/2020\/05\/cite-lacustre-de-port-grimaud-cvartourisme-jhw-300x201.jpg 300w, https:\/\/www.varprovence-cruise.com\/fr\/wp-content\/uploads\/sites\/2\/2020\/05\/cite-lacustre-de-port-grimaud-cvartourisme-jhw-768x514.jpg 768w, https:\/\/www.varprovence-cruise.com\/fr\/wp-content\/uploads\/sites\/2\/2020\/05\/cite-lacustre-de-port-grimaud-cvartourisme-jhw-1024x685.jpg 1024w, https:\/\/www.varprovence-cruise.com\/fr\/wp-content\/uploads\/sites\/2\/2020\/05\/cite-lacustre-de-port-grimaud-cvartourisme-jhw-767x513.jpg 767w, https:\/\/www.varprovence-cruise.com\/fr\/wp-content\/uploads\/sites\/2\/2020\/05\/cite-lacustre-de-port-grimaud-cvartourisme-jhw-1023x685.jpg 1023w, https:\/\/www.varprovence-cruise.com\/fr\/wp-content\/uploads\/sites\/2\/2020\/05\/cite-lacustre-de-port-grimaud-cvartourisme-jhw-1800x1205.jpg 1800w, https:\/\/www.varprovence-cruise.com\/fr\/wp-content\/uploads\/sites\/2\/2020\/05\/cite-lacustre-de-port-grimaud-cvartourisme-jhw-180x120.jpg 180w, https:\/\/www.varprovence-cruise.com\/fr\/wp-content\/uploads\/sites\/2\/2020\/05\/cite-lacustre-de-port-grimaud-cvartourisme-jhw-315x211.jpg 315w, https:\/\/www.varprovence-cruise.com\/fr\/wp-content\/uploads\/sites\/2\/2020\/05\/cite-lacustre-de-port-grimaud-cvartourisme-jhw-380x254.jpg 380w, https:\/\/www.varprovence-cruise.com\/fr\/wp-content\/uploads\/sites\/2\/2020\/05\/cite-lacustre-de-port-grimaud-cvartourisme-jhw-44x29.jpg 44w, https:\/\/www.varprovence-cruise.com\/fr\/wp-content\/uploads\/sites\/2\/2020\/05\/cite-lacustre-de-port-grimaud-cvartourisme-jhw-80x54.jpg 80w, https:\/\/www.varprovence-cruise.com\/fr\/wp-content\/uploads\/sites\/2\/2020\/05\/cite-lacustre-de-port-grimaud-cvartourisme-jhw-83x56.jpg 83w, https:\/\/www.varprovence-cruise.com\/fr\/wp-content\/uploads\/sites\/2\/2020\/05\/cite-lacustre-de-port-grimaud-cvartourisme-jhw-165x110.jpg 165w, https:\/\/www.varprovence-cruise.com\/fr\/wp-content\/uploads\/sites\/2\/2020\/05\/cite-lacustre-de-port-grimaud-cvartourisme-jhw-45x30.jpg 45w, https:\/\/www.varprovence-cruise.com\/fr\/wp-content\/uploads\/sites\/2\/2020\/05\/cite-lacustre-de-port-grimaud-cvartourisme-jhw-90x60.jpg 90w, https:\/\/www.varprovence-cruise.com\/fr\/wp-content\/uploads\/sites\/2\/2020\/05\/cite-lacustre-de-port-grimaud-cvartourisme-jhw-86x58.jpg 86w\" sizes=\"(max-width: 3872px) 100vw, 3872px\" \/><\/p>\n","protected":false},"excerpt":{"rendered":"<p>Saint-Tropez &amp; Port Grimaud No need to introduce Saint-Tropez, the world-renowned village where stars and tourists come to\u00a0get a tan on the idyllic beaches, sip a cocktail on the typical fishing port and go dancing in\u00a0prestigious nightclubs. Port Grimaud is right next to Saint-Tropez and is worth the journey. Built on a lagoon,\u00a0the village is [&hellip;]<\/p>\n","protected":false},"author":1,"featured_media":1173,"parent":147,"menu_order":0,"comment_status":"closed","ping_status":"closed","template":"","meta":[],"_links":{"self":[{"href":"https:\/\/www.varprovence-cruise.com\/fr\/wp-json\/wp\/v2\/pages\/2069"}],"collection":[{"href":"https:\/\/www.varprovence-cruise.com\/fr\/wp-json\/wp\/v2\/pages"}],"about":[{"href":"https:\/\/www.varprovence-cruise.com\/fr\/wp-json\/wp\/v2\/types\/page"}],"author":[{"embeddable":true,"href":"https:\/\/www.varprovence-cruise.com\/fr\/wp-json\/wp\/v2\/users\/1"}],"replies":[{"embeddable":true,"href":"https:\/\/www.varprovence-cruise.com\/fr\/wp-json\/wp\/v2\/comments?post=2069"}],"version-history":[{"count":11,"href":"https:\/\/www.varprovence-cruise.com\/fr\/wp-json\/wp\/v2\/pages\/2069\/revisions"}],"predecessor-version":[{"id":17730,"href":"https:\/\/www.varprovence-cruise.com\/fr\/wp-json\/wp\/v2\/pages\/2069\/revisions\/17730"}],"up":[{"embeddable":true,"href":"https:\/\/www.varprovence-cruise.com\/fr\/wp-json\/wp\/v2\/pages\/147"}],"wp:featuredmedia":[{"embeddable":true,"href":"https:\/\/www.varprovence-cruise.com\/fr\/wp-json\/wp\/v2\/media\/1173"}],"wp:attachment":[{"href":"https:\/\/www.varprovence-cruise.com\/fr\/wp-json\/wp\/v2\/media?parent=2069"}],"curies":[{"name":"wp","href":"https:\/\/api.w.org\/{rel}","templated":true}]}}