{"id":2040,"date":"2021-06-15T07:26:59","date_gmt":"2021-06-15T06:26:59","guid":{"rendered":"https:\/\/www.varprovence-cruise.com\/fr\/bormes-les-mimosas-must-see-in-var-provence"},"modified":"2022-11-30T10:48:45","modified_gmt":"2022-11-30T09:48:45","slug":"bormes-les-mimosas-incontournable-de-la-provence-varoise","status":"publish","type":"page","link":"https:\/\/www.varprovence-cruise.com\/fr\/experience-var-provence\/idees-dexcursions\/bormes-les-mimosas-incontournable-de-la-provence-varoise\/","title":{"rendered":"Bormes-les-Mimosas : Incontournable de la Provence varoise"},"content":{"rendered":"<h2>D\u00e9couvrez Bormes-les-Mimosas<\/h2>\n<p>Bormes-les-Mimosas est un village perch\u00e9 surnomm\u00e9 le \u00abpetit paradis proven\u00e7al \u00bb. Il est r\u00e9put\u00e9 pour ses magnifiques fleurs jaunes qui s&rsquo;\u00e9panouissent dans le village de janvier \u00e0 mars, et pour ses maisons en vieilles pierres (XII\u1d49 si\u00e8cle). Les visiteurs peuvent fl\u00e2ner le long des ruelles m\u00e9di\u00e9vales, profiter des nombreuses boutiques d&rsquo;artisanat et des restaurants situ\u00e9s dans le village.<\/p>\n<p><a href=\"https:\/\/www.varprovence-cruise.com\/fr\/wp-content\/uploads\/sites\/2\/2020\/04\/bormes-les-mimosas-village-cvartourisme-c.raolison.jpg\"><img loading=\"lazy\" class=\"wp-image-3378 size-full aligncenter\" src=\"https:\/\/www.varprovence-cruise.com\/fr\/wp-content\/uploads\/sites\/2\/2020\/04\/bormes-les-mimosas-village-cvartourisme-c.raolison.jpg\" alt=\"\" width=\"600\" height=\"400\" srcset=\"https:\/\/www.varprovence-cruise.com\/fr\/wp-content\/uploads\/sites\/2\/2020\/04\/bormes-les-mimosas-village-cvartourisme-c.raolison.jpg 600w, https:\/\/www.varprovence-cruise.com\/fr\/wp-content\/uploads\/sites\/2\/2020\/04\/bormes-les-mimosas-village-cvartourisme-c.raolison-300x200.jpg 300w, https:\/\/www.varprovence-cruise.com\/fr\/wp-content\/uploads\/sites\/2\/2020\/04\/bormes-les-mimosas-village-cvartourisme-c.raolison-180x120.jpg 180w, https:\/\/www.varprovence-cruise.com\/fr\/wp-content\/uploads\/sites\/2\/2020\/04\/bormes-les-mimosas-village-cvartourisme-c.raolison-315x210.jpg 315w, https:\/\/www.varprovence-cruise.com\/fr\/wp-content\/uploads\/sites\/2\/2020\/04\/bormes-les-mimosas-village-cvartourisme-c.raolison-380x253.jpg 380w, https:\/\/www.varprovence-cruise.com\/fr\/wp-content\/uploads\/sites\/2\/2020\/04\/bormes-les-mimosas-village-cvartourisme-c.raolison-44x29.jpg 44w, https:\/\/www.varprovence-cruise.com\/fr\/wp-content\/uploads\/sites\/2\/2020\/04\/bormes-les-mimosas-village-cvartourisme-c.raolison-80x53.jpg 80w, https:\/\/www.varprovence-cruise.com\/fr\/wp-content\/uploads\/sites\/2\/2020\/04\/bormes-les-mimosas-village-cvartourisme-c.raolison-83x55.jpg 83w, https:\/\/www.varprovence-cruise.com\/fr\/wp-content\/uploads\/sites\/2\/2020\/04\/bormes-les-mimosas-village-cvartourisme-c.raolison-165x110.jpg 165w, https:\/\/www.varprovence-cruise.com\/fr\/wp-content\/uploads\/sites\/2\/2020\/04\/bormes-les-mimosas-village-cvartourisme-c.raolison-45x30.jpg 45w, https:\/\/www.varprovence-cruise.com\/fr\/wp-content\/uploads\/sites\/2\/2020\/04\/bormes-les-mimosas-village-cvartourisme-c.raolison-90x60.jpg 90w, https:\/\/www.varprovence-cruise.com\/fr\/wp-content\/uploads\/sites\/2\/2020\/04\/bormes-les-mimosas-village-cvartourisme-c.raolison-86x57.jpg 86w\" sizes=\"(max-width: 600px) 100vw, 600px\" \/><\/a><\/p>\n<p>\u00c0 faire : Bormes-les-Mimosas se situe \u00e0 c\u00f4t\u00e9 des plus belles plages de sable du Var, dont la plage de l&rsquo;Estagnol, entour\u00e9e de pin\u00e8de. Un peu plus loin, les visiteurs peuvent trouver de belles plages priv\u00e9es et des restaurants de bord de mer le long de la promenade du Lavandou.<\/p>\n<p>&nbsp;<\/p>\n","protected":false},"excerpt":{"rendered":"<p>D\u00e9couvrez Bormes-les-Mimosas Bormes-les-Mimosas est un village perch\u00e9 surnomm\u00e9 le \u00abpetit paradis proven\u00e7al \u00bb. Il est r\u00e9put\u00e9 pour ses magnifiques fleurs jaunes qui s&rsquo;\u00e9panouissent dans le village de janvier \u00e0 mars, et pour ses maisons en vieilles pierres (XII\u1d49 si\u00e8cle). Les visiteurs peuvent fl\u00e2ner le long des ruelles m\u00e9di\u00e9vales, profiter des nombreuses boutiques d&rsquo;artisanat et des [&hellip;]<\/p>\n","protected":false},"author":1,"featured_media":3324,"parent":147,"menu_order":0,"comment_status":"closed","ping_status":"closed","template":"","meta":[],"_links":{"self":[{"href":"https:\/\/www.varprovence-cruise.com\/fr\/wp-json\/wp\/v2\/pages\/2040"}],"collection":[{"href":"https:\/\/www.varprovence-cruise.com\/fr\/wp-json\/wp\/v2\/pages"}],"about":[{"href":"https:\/\/www.varprovence-cruise.com\/fr\/wp-json\/wp\/v2\/types\/page"}],"author":[{"embeddable":true,"href":"https:\/\/www.varprovence-cruise.com\/fr\/wp-json\/wp\/v2\/users\/1"}],"replies":[{"embeddable":true,"href":"https:\/\/www.varprovence-cruise.com\/fr\/wp-json\/wp\/v2\/comments?post=2040"}],"version-history":[{"count":17,"href":"https:\/\/www.varprovence-cruise.com\/fr\/wp-json\/wp\/v2\/pages\/2040\/revisions"}],"predecessor-version":[{"id":17727,"href":"https:\/\/www.varprovence-cruise.com\/fr\/wp-json\/wp\/v2\/pages\/2040\/revisions\/17727"}],"up":[{"embeddable":true,"href":"https:\/\/www.varprovence-cruise.com\/fr\/wp-json\/wp\/v2\/pages\/147"}],"wp:featuredmedia":[{"embeddable":true,"href":"https:\/\/www.varprovence-cruise.com\/fr\/wp-json\/wp\/v2\/media\/3324"}],"wp:attachment":[{"href":"https:\/\/www.varprovence-cruise.com\/fr\/wp-json\/wp\/v2\/media?parent=2040"}],"curies":[{"name":"wp","href":"https:\/\/api.w.org\/{rel}","templated":true}]}}