{"id":19516,"date":"2022-10-15T12:19:53","date_gmt":"2022-10-15T10:19:53","guid":{"rendered":"https:\/\/www.varprovence-cruise.com\/fr\/?page_id=19516"},"modified":"2023-01-05T12:20:44","modified_gmt":"2023-01-05T11:20:44","slug":"stand-up-paddle-a-six-fours-les-plages","status":"publish","type":"page","link":"https:\/\/www.varprovence-cruise.com\/fr\/experience-var-provence\/idees-dexcursions\/stand-up-paddle-a-six-fours-les-plages\/","title":{"rendered":"Stand up Paddle \u00e0 Six-Fours-les-Plages"},"content":{"rendered":"<h2 style=\"text-align: center;\">D\u00e9couvrir la beaut\u00e9 de la c\u00f4te autrement<\/h2>\n<p style=\"text-align: left;\">\u00c0 quelques minutes en voiture de La Seyne-sur-Mer, le stand up paddle est un moyen facile et accessible de d\u00e9couvrir toute la beaut\u00e9 du littoral !<\/p>\n<p>Apr\u00e8s les consignes de s\u00e9curit\u00e9, partez de la base nautique sur votre paddle pour une visite \u00e0 la fois ludique et active !<\/p>\n<p>Votre moniteur dipl\u00f4m\u00e9 vous accompagnera pendant que vous pagayerez sur les eaux cristallines du lagon du Brusc. Lorsque vous atteindrez l&rsquo;\u00eele des Embiez (une des fameuses \u00eeles Paul Ricard), arr\u00eatez-vous pour quelques rafra\u00eechissements. Vous retournerez ensuite en paddle \u00e0 la base nautique.<\/p>\n<p>Cette activit\u00e9 peut \u00eatre combin\u00e9e \u00e0 une visite culturelle ou suivie d&rsquo;une visite \u0153nologique ou d&rsquo;une exp\u00e9rience gastronomique. Plusieurs autres <strong>activit\u00e9s et circuits nature<\/strong> sont propos\u00e9s dans les <strong>environs de La Seyne-sur-Mer<\/strong> : sortie p\u00eache \u00e0 bord d&rsquo;un pointu traditionnel, randonn\u00e9e sur les sentiers du Cap Sici\u00e9 et bien plus encore ! (La dur\u00e9e d\u00e9pend de la formule choisie).<\/p>\n<p>Veuillez noter que cette activit\u00e9 est <strong>soumise aux conditions m\u00e9t\u00e9orologiques<\/strong> et que vous devez <strong>savoir nager<\/strong>. La <strong>taille du groupe est limit\u00e9e<\/strong>.<\/p>\n","protected":false},"excerpt":{"rendered":"<p>D\u00e9couvrir la beaut\u00e9 de la c\u00f4te autrement \u00c0 quelques minutes en voiture de La Seyne-sur-Mer, le stand up paddle est un moyen facile et accessible de d\u00e9couvrir toute la beaut\u00e9 du littoral ! Apr\u00e8s les consignes de s\u00e9curit\u00e9, partez de la base nautique sur votre paddle pour une visite \u00e0 la fois ludique et active [&hellip;]<\/p>\n","protected":false},"author":2,"featured_media":19565,"parent":147,"menu_order":0,"comment_status":"closed","ping_status":"closed","template":"","meta":[],"_links":{"self":[{"href":"https:\/\/www.varprovence-cruise.com\/fr\/wp-json\/wp\/v2\/pages\/19516"}],"collection":[{"href":"https:\/\/www.varprovence-cruise.com\/fr\/wp-json\/wp\/v2\/pages"}],"about":[{"href":"https:\/\/www.varprovence-cruise.com\/fr\/wp-json\/wp\/v2\/types\/page"}],"author":[{"embeddable":true,"href":"https:\/\/www.varprovence-cruise.com\/fr\/wp-json\/wp\/v2\/users\/2"}],"replies":[{"embeddable":true,"href":"https:\/\/www.varprovence-cruise.com\/fr\/wp-json\/wp\/v2\/comments?post=19516"}],"version-history":[{"count":2,"href":"https:\/\/www.varprovence-cruise.com\/fr\/wp-json\/wp\/v2\/pages\/19516\/revisions"}],"predecessor-version":[{"id":19566,"href":"https:\/\/www.varprovence-cruise.com\/fr\/wp-json\/wp\/v2\/pages\/19516\/revisions\/19566"}],"up":[{"embeddable":true,"href":"https:\/\/www.varprovence-cruise.com\/fr\/wp-json\/wp\/v2\/pages\/147"}],"wp:featuredmedia":[{"embeddable":true,"href":"https:\/\/www.varprovence-cruise.com\/fr\/wp-json\/wp\/v2\/media\/19565"}],"wp:attachment":[{"href":"https:\/\/www.varprovence-cruise.com\/fr\/wp-json\/wp\/v2\/media?parent=19516"}],"curies":[{"name":"wp","href":"https:\/\/api.w.org\/{rel}","templated":true}]}}