{"id":19490,"date":"2022-09-28T08:51:46","date_gmt":"2022-09-28T06:51:46","guid":{"rendered":"https:\/\/www.varprovence-cruise.com\/fr\/?page_id=19490"},"modified":"2022-12-01T08:55:30","modified_gmt":"2022-12-01T07:55:30","slug":"la-font-des-peres","status":"publish","type":"page","link":"https:\/\/www.varprovence-cruise.com\/fr\/experience-var-provence\/idees-dexcursions\/la-font-des-peres\/","title":{"rendered":"La Font des P\u00e8res"},"content":{"rendered":"<h2>Des cultures m\u00e9di\u00e9vales au vignoble AOC Bandol<\/h2>\n<p>Le <strong>domaine \u00ab La Font des P\u00e8res \u00bb<\/strong> doit son nom \u00e0 une source et \u00e0 l&rsquo;implantation au XIII\u00e8me si\u00e8cle d&rsquo;une communaut\u00e9 religieuse. Les moines y faisaient pousser \u00e0 la fois la <strong>vigne et les cultures vivri\u00e8res<\/strong>. Aujourd&rsquo;hui, La Font des P\u00e8res cultive pr\u00e8s de 15 hectares de parcelles de vignes en terrasses donnant sur une campagne vallonn\u00e9e et pittoresque.<\/p>\n<p>Les vignobles sont enti\u00e8rement <strong>d\u00e9di\u00e9s \u00e0 la production d&rsquo;AOC Vins de Bandol<\/strong> (Appellation d&rsquo;Origine Contr\u00f4l\u00e9e) issus majoritairement des c\u00e9pages Mourv\u00e8dre, Clairette &amp; Grenache. Un lieu rafra\u00eechi par le vent, \u00e0 la fois sec et ensoleill\u00e9 tout en \u00e9tant \u00e0 proximit\u00e9 de la mer : les conditions sont id\u00e9ales au d\u00e9veloppement d&rsquo;un c\u00e9page de qualit\u00e9 tel que le mourv\u00e8dre. Les rouges sont produits sur les parcelles sup\u00e9rieures en terrasses, les blancs et les ros\u00e9s sont \u00e9labor\u00e9s sur les terrasses inf\u00e9rieures o\u00f9 le sol est plus riche.<\/p>\n<p><a href=\"https:\/\/www.varprovence-cruise.com\/fr\/wp-content\/uploads\/sites\/2\/2022\/11\/tarte-sucree-ferme-auberge-la-font-des-peres.jpg\"><img loading=\"lazy\" class=\"wp-image-19504 aligncenter\" src=\"https:\/\/www.varprovence-cruise.com\/fr\/wp-content\/uploads\/sites\/2\/2022\/11\/tarte-sucree-ferme-auberge-la-font-des-peres.jpg\" alt=\"\" width=\"394\" height=\"263\" srcset=\"https:\/\/www.varprovence-cruise.com\/fr\/wp-content\/uploads\/sites\/2\/2022\/11\/tarte-sucree-ferme-auberge-la-font-des-peres.jpg 996w, https:\/\/www.varprovence-cruise.com\/fr\/wp-content\/uploads\/sites\/2\/2022\/11\/tarte-sucree-ferme-auberge-la-font-des-peres-300x200.jpg 300w, https:\/\/www.varprovence-cruise.com\/fr\/wp-content\/uploads\/sites\/2\/2022\/11\/tarte-sucree-ferme-auberge-la-font-des-peres-768x512.jpg 768w, https:\/\/www.varprovence-cruise.com\/fr\/wp-content\/uploads\/sites\/2\/2022\/11\/tarte-sucree-ferme-auberge-la-font-des-peres-767x511.jpg 767w, https:\/\/www.varprovence-cruise.com\/fr\/wp-content\/uploads\/sites\/2\/2022\/11\/tarte-sucree-ferme-auberge-la-font-des-peres-180x120.jpg 180w, https:\/\/www.varprovence-cruise.com\/fr\/wp-content\/uploads\/sites\/2\/2022\/11\/tarte-sucree-ferme-auberge-la-font-des-peres-315x210.jpg 315w, https:\/\/www.varprovence-cruise.com\/fr\/wp-content\/uploads\/sites\/2\/2022\/11\/tarte-sucree-ferme-auberge-la-font-des-peres-380x253.jpg 380w, https:\/\/www.varprovence-cruise.com\/fr\/wp-content\/uploads\/sites\/2\/2022\/11\/tarte-sucree-ferme-auberge-la-font-des-peres-44x29.jpg 44w, https:\/\/www.varprovence-cruise.com\/fr\/wp-content\/uploads\/sites\/2\/2022\/11\/tarte-sucree-ferme-auberge-la-font-des-peres-80x53.jpg 80w, https:\/\/www.varprovence-cruise.com\/fr\/wp-content\/uploads\/sites\/2\/2022\/11\/tarte-sucree-ferme-auberge-la-font-des-peres-83x55.jpg 83w, https:\/\/www.varprovence-cruise.com\/fr\/wp-content\/uploads\/sites\/2\/2022\/11\/tarte-sucree-ferme-auberge-la-font-des-peres-165x110.jpg 165w, https:\/\/www.varprovence-cruise.com\/fr\/wp-content\/uploads\/sites\/2\/2022\/11\/tarte-sucree-ferme-auberge-la-font-des-peres-45x30.jpg 45w, https:\/\/www.varprovence-cruise.com\/fr\/wp-content\/uploads\/sites\/2\/2022\/11\/tarte-sucree-ferme-auberge-la-font-des-peres-90x60.jpg 90w, https:\/\/www.varprovence-cruise.com\/fr\/wp-content\/uploads\/sites\/2\/2022\/11\/tarte-sucree-ferme-auberge-la-font-des-peres-86x57.jpg 86w\" sizes=\"(max-width: 394px) 100vw, 394px\" \/><\/a><\/p>\n<p>La <strong>cueillette manuelle des raisins et les processus de vinification soigneusement con\u00e7us<\/strong> aboutissent aux vins que vous pourrez d\u00e9guster sur la propri\u00e9t\u00e9. La d\u00e9gustation de caviar compl\u00e9tera cette exp\u00e9rience m\u00e9morable.<\/p>\n<p>En plus de l&rsquo;incontournable cave, le domaine dispose d&rsquo;un restaurant o\u00f9 les visiteurs peuvent \u00e9galement savourer un d\u00e9licieux d\u00e9jeuner tout en profitant de la vue sur la magnifique campagne environnante. Apr\u00e8s l&rsquo;heure du d\u00e9jeuner, <strong>les convives pourront participer \u00e0 une partie de p\u00e9tanque !<\/strong><\/p>\n<p>En pr\u00e9vision d&rsquo;un s\u00e9jour plus long ou lors d&rsquo;une extension de croisi\u00e8re, l&rsquo;\u00e9tablissement propose \u00e9galement un h\u00e9bergement en formule B&amp;B.<\/p>\n<p><iframe loading=\"lazy\" title=\"YouTube video player\" src=\"https:\/\/www.youtube.com\/embed\/1TPfQS7JpAM\" width=\"560\" height=\"315\" frameborder=\"0\" allowfullscreen=\"allowfullscreen\"><\/iframe><\/p>\n<h3>Que faire:<\/h3>\n<p><strong>Visite guid\u00e9e dans le domaine <br \/>\n<\/strong><\/p>\n<ul>\n<li>Visite d&rsquo;une parcelle de vigne<\/li>\n<li>Visite de la cave avec une d\u00e9gustation de 3 vins &amp; caviar<\/li>\n<li>D\u00e9jeuner au domaine suivi d&rsquo;une partie de p\u00e9tanque<\/li>\n<\/ul>\n<p><em>Dur\u00e9e environ 3 h<\/em><\/p>\n<p><strong>Pour aller plus loin :<\/strong><\/p>\n<p>Une excursion dans les villages du Castellet ou de La Cadi\u00e8re d\u2019Azur, \u00e0 seulement 15 minutes en voiture, peut compl\u00e9ter la visite de La Font des P\u00e8res.<\/p>\n","protected":false},"excerpt":{"rendered":"<p>Des cultures m\u00e9di\u00e9vales au vignoble AOC Bandol Le domaine \u00ab La Font des P\u00e8res \u00bb doit son nom \u00e0 une source et \u00e0 l&rsquo;implantation au XIII\u00e8me si\u00e8cle d&rsquo;une communaut\u00e9 religieuse. Les moines y faisaient pousser \u00e0 la fois la vigne et les cultures vivri\u00e8res. Aujourd&rsquo;hui, La Font des P\u00e8res cultive pr\u00e8s de 15 hectares de [&hellip;]<\/p>\n","protected":false},"author":2,"featured_media":19493,"parent":147,"menu_order":0,"comment_status":"closed","ping_status":"closed","template":"","meta":[],"_links":{"self":[{"href":"https:\/\/www.varprovence-cruise.com\/fr\/wp-json\/wp\/v2\/pages\/19490"}],"collection":[{"href":"https:\/\/www.varprovence-cruise.com\/fr\/wp-json\/wp\/v2\/pages"}],"about":[{"href":"https:\/\/www.varprovence-cruise.com\/fr\/wp-json\/wp\/v2\/types\/page"}],"author":[{"embeddable":true,"href":"https:\/\/www.varprovence-cruise.com\/fr\/wp-json\/wp\/v2\/users\/2"}],"replies":[{"embeddable":true,"href":"https:\/\/www.varprovence-cruise.com\/fr\/wp-json\/wp\/v2\/comments?post=19490"}],"version-history":[{"count":5,"href":"https:\/\/www.varprovence-cruise.com\/fr\/wp-json\/wp\/v2\/pages\/19490\/revisions"}],"predecessor-version":[{"id":19514,"href":"https:\/\/www.varprovence-cruise.com\/fr\/wp-json\/wp\/v2\/pages\/19490\/revisions\/19514"}],"up":[{"embeddable":true,"href":"https:\/\/www.varprovence-cruise.com\/fr\/wp-json\/wp\/v2\/pages\/147"}],"wp:featuredmedia":[{"embeddable":true,"href":"https:\/\/www.varprovence-cruise.com\/fr\/wp-json\/wp\/v2\/media\/19493"}],"wp:attachment":[{"href":"https:\/\/www.varprovence-cruise.com\/fr\/wp-json\/wp\/v2\/media?parent=19490"}],"curies":[{"name":"wp","href":"https:\/\/api.w.org\/{rel}","templated":true}]}}