{"id":19468,"date":"2022-09-29T13:15:53","date_gmt":"2022-09-29T11:15:53","guid":{"rendered":"https:\/\/www.varprovence-cruise.com\/fr\/?page_id=19468"},"modified":"2022-11-29T13:25:41","modified_gmt":"2022-11-29T12:25:41","slug":"visite-de-la-reserve-ornithologique-et-des-salins-hyeres-les-palmiers","status":"publish","type":"page","link":"https:\/\/www.varprovence-cruise.com\/fr\/experience-var-provence\/idees-dexcursions\/visite-de-la-reserve-ornithologique-et-des-salins-hyeres-les-palmiers\/","title":{"rendered":"Visite de la r\u00e9serve ornithologique et des salins, Hy\u00e8res-les-Palmiers"},"content":{"rendered":"<h2>Des anciens salins comme sanctuaire pour les oiseaux<\/h2>\n<p>Imaginez une terre o\u00f9 les <strong>populations d&rsquo;oiseaux<\/strong> ont conquis un territoire d\u00e9di\u00e9 &#8211; jusqu&rsquo;\u00e0 r\u00e9cemment &#8211; \u00e0 la <strong>production de sel<\/strong> sur une terre \u00e0 quelques minutes d&rsquo;Hy\u00e8res, ville d&rsquo;Art &amp; d&rsquo;Histoire. <strong>Bienvenue aux Salins !<\/strong><\/p>\n<p>Les marais salants, d&rsquo;o\u00f9 la production de sel, \u00e9taient probablement connues \u00e0 Hy\u00e8res avant m\u00eame l&rsquo;<strong>ancienne colonie grecque d&rsquo;Olbia<\/strong>. Pourtant, en 1995, la production de sel prend fin, laissant les marais pr\u00eats pour une <strong>nouvelle vie<\/strong>.<\/p>\n<p>Malgr\u00e9 les habitations \u00e0 proximit\u00e9, cette zone prot\u00e9g\u00e9e abrite aujourd&rsquo;hui des esp\u00e8ces d&rsquo;oiseaux, de petits mammif\u00e8res, d&rsquo;amphibiens, de papillons et de libellules, qui ont trouv\u00e9 un endroit propice pour se d\u00e9velopper, nicher ou simplement se reposer avant leur migration. Votre balade de deux heures vous fera d\u00e9couvrir la faune de ces anciens marais salants. Flamants roses, aigrettes, h\u00e9rons et avocettes peuplent les \u00e9tangs d&rsquo;un lieu o\u00f9 se rencontrent eau de mer &amp; eau douce ; alors que certains oiseaux viennent ici pendant une p\u00e9riode donn\u00e9e lors de la migration, certains ont d\u00e9finitivement \u00e9lu domicile dans ces salins durant toute l&rsquo;ann\u00e9e.<\/p>\n<p><a href=\"https:\/\/www.varprovence-cruise.com\/fr\/wp-content\/uploads\/sites\/2\/2022\/11\/birdssanctuary-salt-ponds-tour3.jpg\"><img loading=\"lazy\" class=\"wp-image-19472 aligncenter\" src=\"https:\/\/www.varprovence-cruise.com\/fr\/wp-content\/uploads\/sites\/2\/2022\/11\/birdssanctuary-salt-ponds-tour3.jpg\" alt=\"\" width=\"335\" height=\"243\" srcset=\"https:\/\/www.varprovence-cruise.com\/fr\/wp-content\/uploads\/sites\/2\/2022\/11\/birdssanctuary-salt-ponds-tour3.jpg 708w, https:\/\/www.varprovence-cruise.com\/fr\/wp-content\/uploads\/sites\/2\/2022\/11\/birdssanctuary-salt-ponds-tour3-300x217.jpg 300w, https:\/\/www.varprovence-cruise.com\/fr\/wp-content\/uploads\/sites\/2\/2022\/11\/birdssanctuary-salt-ponds-tour3-180x130.jpg 180w, https:\/\/www.varprovence-cruise.com\/fr\/wp-content\/uploads\/sites\/2\/2022\/11\/birdssanctuary-salt-ponds-tour3-315x228.jpg 315w, https:\/\/www.varprovence-cruise.com\/fr\/wp-content\/uploads\/sites\/2\/2022\/11\/birdssanctuary-salt-ponds-tour3-380x275.jpg 380w, https:\/\/www.varprovence-cruise.com\/fr\/wp-content\/uploads\/sites\/2\/2022\/11\/birdssanctuary-salt-ponds-tour3-44x32.jpg 44w, https:\/\/www.varprovence-cruise.com\/fr\/wp-content\/uploads\/sites\/2\/2022\/11\/birdssanctuary-salt-ponds-tour3-80x58.jpg 80w, https:\/\/www.varprovence-cruise.com\/fr\/wp-content\/uploads\/sites\/2\/2022\/11\/birdssanctuary-salt-ponds-tour3-83x60.jpg 83w, https:\/\/www.varprovence-cruise.com\/fr\/wp-content\/uploads\/sites\/2\/2022\/11\/birdssanctuary-salt-ponds-tour3-165x119.jpg 165w, https:\/\/www.varprovence-cruise.com\/fr\/wp-content\/uploads\/sites\/2\/2022\/11\/birdssanctuary-salt-ponds-tour3-41x30.jpg 41w, https:\/\/www.varprovence-cruise.com\/fr\/wp-content\/uploads\/sites\/2\/2022\/11\/birdssanctuary-salt-ponds-tour3-86x62.jpg 86w\" sizes=\"(max-width: 335px) 100vw, 335px\" \/><\/a><\/p>\n<p>Il faut aussi porter attention \u00e0 la flore car certaines vari\u00e9t\u00e9s n\u00e9cessitent des besoins particuliers comme le n\u00e9nuphar (plante prot\u00e9g\u00e9e &amp; tr\u00e8s rare) ou encore certaines orchid\u00e9es ; parmi ces plantes certaines fleuriront sur une courte p\u00e9riode tr\u00e8s limit\u00e9e, comme par exemple le crocus : la Romul\u00e9e de Rolli.<\/p>\n<h3>Que faire :<\/h3>\n<p><strong>La visite de la r\u00e9serve ornithologique des Salins \u00e0 Hy\u00e8res, accompagn\u00e9 de votre guide naturaliste<\/strong><\/p>\n<ul>\n<li><strong>Suivi d&rsquo;une visite de l&rsquo;ancienne colonie grecque d&rsquo;Olbia<\/strong> et maintenant du site arch\u00e9ologique au bord de la mer, \u00e0 quelques minutes en voiture de la zone des salins<\/li>\n<\/ul>\n<p><strong>Pour aller plus loin :<\/strong><\/p>\n<ul>\n<li>D\u00e9jeuner en bord de mer \u00e0 Hy\u00e8res et apr\u00e8s-midi libre sur la plage de l&rsquo;Almanarre<\/li>\n<li>OU effectuer une s\u00e9ance de sports nautiques (paddle, kayak de mer, kite surf)<\/li>\n<li>OU faire une balade \u00e0 Porquerolles.<\/li>\n<\/ul>\n<p><em>Dur\u00e9e : entre 2 et 6 heures<\/em><\/p>\n","protected":false},"excerpt":{"rendered":"<p>Des anciens salins comme sanctuaire pour les oiseaux Imaginez une terre o\u00f9 les populations d&rsquo;oiseaux ont conquis un territoire d\u00e9di\u00e9 &#8211; jusqu&rsquo;\u00e0 r\u00e9cemment &#8211; \u00e0 la production de sel sur une terre \u00e0 quelques minutes d&rsquo;Hy\u00e8res, ville d&rsquo;Art &amp; d&rsquo;Histoire. Bienvenue aux Salins ! Les marais salants, d&rsquo;o\u00f9 la production de sel, \u00e9taient probablement connues [&hellip;]<\/p>\n","protected":false},"author":2,"featured_media":19470,"parent":147,"menu_order":0,"comment_status":"closed","ping_status":"closed","template":"","meta":[],"_links":{"self":[{"href":"https:\/\/www.varprovence-cruise.com\/fr\/wp-json\/wp\/v2\/pages\/19468"}],"collection":[{"href":"https:\/\/www.varprovence-cruise.com\/fr\/wp-json\/wp\/v2\/pages"}],"about":[{"href":"https:\/\/www.varprovence-cruise.com\/fr\/wp-json\/wp\/v2\/types\/page"}],"author":[{"embeddable":true,"href":"https:\/\/www.varprovence-cruise.com\/fr\/wp-json\/wp\/v2\/users\/2"}],"replies":[{"embeddable":true,"href":"https:\/\/www.varprovence-cruise.com\/fr\/wp-json\/wp\/v2\/comments?post=19468"}],"version-history":[{"count":7,"href":"https:\/\/www.varprovence-cruise.com\/fr\/wp-json\/wp\/v2\/pages\/19468\/revisions"}],"predecessor-version":[{"id":19481,"href":"https:\/\/www.varprovence-cruise.com\/fr\/wp-json\/wp\/v2\/pages\/19468\/revisions\/19481"}],"up":[{"embeddable":true,"href":"https:\/\/www.varprovence-cruise.com\/fr\/wp-json\/wp\/v2\/pages\/147"}],"wp:featuredmedia":[{"embeddable":true,"href":"https:\/\/www.varprovence-cruise.com\/fr\/wp-json\/wp\/v2\/media\/19470"}],"wp:attachment":[{"href":"https:\/\/www.varprovence-cruise.com\/fr\/wp-json\/wp\/v2\/media?parent=19468"}],"curies":[{"name":"wp","href":"https:\/\/api.w.org\/{rel}","templated":true}]}}