{"id":19461,"date":"2022-09-29T12:35:41","date_gmt":"2022-09-29T10:35:41","guid":{"rendered":"https:\/\/www.varprovence-cruise.com\/fr\/?page_id=19461"},"modified":"2022-11-29T12:54:48","modified_gmt":"2022-11-29T11:54:48","slug":"rencontrez-un-producteur-de-chataignes-collobrieres","status":"publish","type":"page","link":"https:\/\/www.varprovence-cruise.com\/fr\/experience-var-provence\/idees-dexcursions\/rencontrez-un-producteur-de-chataignes-collobrieres\/","title":{"rendered":"Rencontrez un producteur de ch\u00e2taignes, Collobri\u00e8res"},"content":{"rendered":"<h2>Une tradition ancestrale<\/h2>\n<p>Nich\u00e9e au c\u0153ur du massif vallonn\u00e9 et bois\u00e9 des Maures, Collobri\u00e8res est le point de d\u00e9part de nombreux itin\u00e9raires de randonn\u00e9e. \u00ab\u00a0Capitale de la ch\u00e2taigne\u00a0\u00bb, le village exploite 2 220 hectares de ch\u00e2taigneraies pour une production annuelle de plusieurs centaines de tonnes de ch\u00e2taignes. Ce village paisible et typique de la Provence varoise, offre un riche patrimoine local et un caract\u00e8re authentique par son paysage naturel impressionnant.<\/p>\n<p><a href=\"https:\/\/www.varprovence-cruise.com\/fr\/wp-content\/uploads\/sites\/2\/2022\/11\/fete-des-chataignes-scaled.jpg\"><img loading=\"lazy\" class=\"wp-image-19358 alignleft\" src=\"https:\/\/www.varprovence-cruise.com\/fr\/wp-content\/uploads\/sites\/2\/2022\/11\/fete-des-chataignes-scaled.jpg\" alt=\"\" width=\"192\" height=\"275\" srcset=\"https:\/\/www.varprovence-cruise.com\/fr\/wp-content\/uploads\/sites\/2\/2022\/11\/fete-des-chataignes-scaled.jpg 1789w, https:\/\/www.varprovence-cruise.com\/fr\/wp-content\/uploads\/sites\/2\/2022\/11\/fete-des-chataignes-210x300.jpg 210w, https:\/\/www.varprovence-cruise.com\/fr\/wp-content\/uploads\/sites\/2\/2022\/11\/fete-des-chataignes-716x1024.jpg 716w, https:\/\/www.varprovence-cruise.com\/fr\/wp-content\/uploads\/sites\/2\/2022\/11\/fete-des-chataignes-768x1099.jpg 768w, https:\/\/www.varprovence-cruise.com\/fr\/wp-content\/uploads\/sites\/2\/2022\/11\/fete-des-chataignes-1074x1536.jpg 1074w, https:\/\/www.varprovence-cruise.com\/fr\/wp-content\/uploads\/sites\/2\/2022\/11\/fete-des-chataignes-1432x2048.jpg 1432w, https:\/\/www.varprovence-cruise.com\/fr\/wp-content\/uploads\/sites\/2\/2022\/11\/fete-des-chataignes-767x1097.jpg 767w, https:\/\/www.varprovence-cruise.com\/fr\/wp-content\/uploads\/sites\/2\/2022\/11\/fete-des-chataignes-1023x1464.jpg 1023w, https:\/\/www.varprovence-cruise.com\/fr\/wp-content\/uploads\/sites\/2\/2022\/11\/fete-des-chataignes-1800x2575.jpg 1800w, https:\/\/www.varprovence-cruise.com\/fr\/wp-content\/uploads\/sites\/2\/2022\/11\/fete-des-chataignes-180x258.jpg 180w, https:\/\/www.varprovence-cruise.com\/fr\/wp-content\/uploads\/sites\/2\/2022\/11\/fete-des-chataignes-315x451.jpg 315w, https:\/\/www.varprovence-cruise.com\/fr\/wp-content\/uploads\/sites\/2\/2022\/11\/fete-des-chataignes-380x544.jpg 380w, https:\/\/www.varprovence-cruise.com\/fr\/wp-content\/uploads\/sites\/2\/2022\/11\/fete-des-chataignes-44x63.jpg 44w, https:\/\/www.varprovence-cruise.com\/fr\/wp-content\/uploads\/sites\/2\/2022\/11\/fete-des-chataignes-80x114.jpg 80w, https:\/\/www.varprovence-cruise.com\/fr\/wp-content\/uploads\/sites\/2\/2022\/11\/fete-des-chataignes-83x119.jpg 83w, https:\/\/www.varprovence-cruise.com\/fr\/wp-content\/uploads\/sites\/2\/2022\/11\/fete-des-chataignes-165x236.jpg 165w, https:\/\/www.varprovence-cruise.com\/fr\/wp-content\/uploads\/sites\/2\/2022\/11\/fete-des-chataignes-21x30.jpg 21w, https:\/\/www.varprovence-cruise.com\/fr\/wp-content\/uploads\/sites\/2\/2022\/11\/fete-des-chataignes-42x60.jpg 42w, https:\/\/www.varprovence-cruise.com\/fr\/wp-content\/uploads\/sites\/2\/2022\/11\/fete-des-chataignes-86x123.jpg 86w\" sizes=\"(max-width: 192px) 100vw, 192px\" \/><\/a>\u00c0 l&rsquo;arriv\u00e9e dans le village, vous pourrez visiter une ch\u00e2taigneraie accompagn\u00e9e par le propri\u00e9taire local, votre guide du jour ; il partagera avec vous sa connaissance de cette tradition s\u00e9culaire qui faisait et continue de soutenir l&rsquo;\u00e9conomie locale. La production fruiti\u00e8re est limit\u00e9e au territoire des Maures o\u00f9 l&rsquo;absence d&rsquo;enclos nous ram\u00e8ne dans le temps, lorsque de puissants seigneurs ou des communaut\u00e9s religieuses r\u00e9gnaient sur la r\u00e9gion.<\/p>\n<p>&nbsp;<\/p>\n<p><strong>Ch\u00e2taigne : un monde de saveurs !<\/strong><br \/>\nConfiture de ch\u00e2taigne, cr\u00e8me, biscuits, bi\u00e8re \u00e0 base de ch\u00e2taigne ou cr\u00e8me glac\u00e9es, vous aurez peut-\u00eatre la chance d&rsquo;en go\u00fbter\u00a0 lors de votre passage au village \u00e0 l&rsquo;automne lors de la p\u00e9riode de la r\u00e9colte.<br \/>\n\u00c0 cette \u00e9poque, chaque ann\u00e9e, la ch\u00e2taigne est c\u00e9l\u00e9br\u00e9e les trois derniers week-ends d&rsquo;octobre&#8230; Ne manquez pas sa saveur toute particuli\u00e8re lorsqu&rsquo;elle est simplement grill\u00e9e&#8230;<\/p>\n<p><a href=\"https:\/\/www.varprovence-cruise.com\/fr\/wp-content\/uploads\/sites\/2\/2022\/11\/exploitation-de-la-chataigne.jpg\"><img loading=\"lazy\" class=\"wp-image-19354 aligncenter\" src=\"https:\/\/www.varprovence-cruise.com\/fr\/wp-content\/uploads\/sites\/2\/2022\/11\/exploitation-de-la-chataigne.jpg\" alt=\"\" width=\"475\" height=\"269\" srcset=\"https:\/\/www.varprovence-cruise.com\/fr\/wp-content\/uploads\/sites\/2\/2022\/11\/exploitation-de-la-chataigne.jpg 1195w, https:\/\/www.varprovence-cruise.com\/fr\/wp-content\/uploads\/sites\/2\/2022\/11\/exploitation-de-la-chataigne-300x170.jpg 300w, https:\/\/www.varprovence-cruise.com\/fr\/wp-content\/uploads\/sites\/2\/2022\/11\/exploitation-de-la-chataigne-1024x579.jpg 1024w, https:\/\/www.varprovence-cruise.com\/fr\/wp-content\/uploads\/sites\/2\/2022\/11\/exploitation-de-la-chataigne-768x434.jpg 768w, https:\/\/www.varprovence-cruise.com\/fr\/wp-content\/uploads\/sites\/2\/2022\/11\/exploitation-de-la-chataigne-767x434.jpg 767w, https:\/\/www.varprovence-cruise.com\/fr\/wp-content\/uploads\/sites\/2\/2022\/11\/exploitation-de-la-chataigne-1023x579.jpg 1023w, https:\/\/www.varprovence-cruise.com\/fr\/wp-content\/uploads\/sites\/2\/2022\/11\/exploitation-de-la-chataigne-180x102.jpg 180w, https:\/\/www.varprovence-cruise.com\/fr\/wp-content\/uploads\/sites\/2\/2022\/11\/exploitation-de-la-chataigne-315x178.jpg 315w, https:\/\/www.varprovence-cruise.com\/fr\/wp-content\/uploads\/sites\/2\/2022\/11\/exploitation-de-la-chataigne-380x215.jpg 380w, https:\/\/www.varprovence-cruise.com\/fr\/wp-content\/uploads\/sites\/2\/2022\/11\/exploitation-de-la-chataigne-44x25.jpg 44w, https:\/\/www.varprovence-cruise.com\/fr\/wp-content\/uploads\/sites\/2\/2022\/11\/exploitation-de-la-chataigne-80x45.jpg 80w, https:\/\/www.varprovence-cruise.com\/fr\/wp-content\/uploads\/sites\/2\/2022\/11\/exploitation-de-la-chataigne-83x47.jpg 83w, https:\/\/www.varprovence-cruise.com\/fr\/wp-content\/uploads\/sites\/2\/2022\/11\/exploitation-de-la-chataigne-165x93.jpg 165w, https:\/\/www.varprovence-cruise.com\/fr\/wp-content\/uploads\/sites\/2\/2022\/11\/exploitation-de-la-chataigne-53x30.jpg 53w, https:\/\/www.varprovence-cruise.com\/fr\/wp-content\/uploads\/sites\/2\/2022\/11\/exploitation-de-la-chataigne-106x60.jpg 106w, https:\/\/www.varprovence-cruise.com\/fr\/wp-content\/uploads\/sites\/2\/2022\/11\/exploitation-de-la-chataigne-86x49.jpg 86w, https:\/\/www.varprovence-cruise.com\/fr\/wp-content\/uploads\/sites\/2\/2022\/11\/exploitation-de-la-chataigne-72x42.jpg 72w\" sizes=\"(max-width: 475px) 100vw, 475px\" \/><\/a><\/p>\n<h3>Que faire:<\/h3>\n<p><strong>Une tourn\u00e9e Art de vivre<\/strong><\/p>\n<ul>\n<li><strong>Visite accompagn\u00e9e d&rsquo;une ch\u00e2taigneraie<br \/>\n<\/strong>Cette visite peut \u00eatre effectu\u00e9e pendant la p\u00e9riode de r\u00e9colte.<\/li>\n<\/ul>\n<p>Vous aimerez :<\/p>\n<ul>\n<li>La <strong>rencontre <\/strong>avec des producteurs de <strong>ch\u00e2taignes<\/strong><\/li>\n<li><strong>Essayer de nouvelles saveurs<\/strong> : marrons glac\u00e9s ou cr\u00e8me de marrons<\/li>\n<li>La <strong>route panoramique<\/strong> dans un d\u00e9cor forestier, la vue des menhirs dans la campagne rurale.<\/li>\n<\/ul>\n<p><strong>Pour aller plus loin<\/strong> : Vous allez adorer l&rsquo;histoire de Collobri\u00e8res village authentique et rural qui doit son nom au grand nombre de couleuvres que l&rsquo;on trouvait autrefois au bord de sa rivi\u00e8re.<\/p>\n<p>La possibilit\u00e9 de combiner la visite avec :<\/p>\n<ul>\n<li><strong>Visite de la Confiserie Azur\u00e9enne &amp; Mus\u00e9e de la ch\u00e2taigne avec d\u00e9gustation de ch\u00e2taignes<\/strong><\/li>\n<li>Une <strong>d\u00e9monstration de fabrication de panier<\/strong><\/li>\n<li><strong>Visite de la Chartreuse de La Verne<\/strong> (attention la longueur maximale du bus pour acc\u00e9der au monast\u00e8re est de 8m)<\/li>\n<li><strong>Visite d&rsquo;un atelier de figurines en argile<\/strong><\/li>\n<\/ul>\n<p><em>Dur\u00e9e : environ 1h<\/em><\/p>\n","protected":false},"excerpt":{"rendered":"<p>Une tradition ancestrale Nich\u00e9e au c\u0153ur du massif vallonn\u00e9 et bois\u00e9 des Maures, Collobri\u00e8res est le point de d\u00e9part de nombreux itin\u00e9raires de randonn\u00e9e. \u00ab\u00a0Capitale de la ch\u00e2taigne\u00a0\u00bb, le village exploite 2 220 hectares de ch\u00e2taigneraies pour une production annuelle de plusieurs centaines de tonnes de ch\u00e2taignes. Ce village paisible et typique de la Provence [&hellip;]<\/p>\n","protected":false},"author":2,"featured_media":19359,"parent":147,"menu_order":0,"comment_status":"closed","ping_status":"closed","template":"","meta":[],"_links":{"self":[{"href":"https:\/\/www.varprovence-cruise.com\/fr\/wp-json\/wp\/v2\/pages\/19461"}],"collection":[{"href":"https:\/\/www.varprovence-cruise.com\/fr\/wp-json\/wp\/v2\/pages"}],"about":[{"href":"https:\/\/www.varprovence-cruise.com\/fr\/wp-json\/wp\/v2\/types\/page"}],"author":[{"embeddable":true,"href":"https:\/\/www.varprovence-cruise.com\/fr\/wp-json\/wp\/v2\/users\/2"}],"replies":[{"embeddable":true,"href":"https:\/\/www.varprovence-cruise.com\/fr\/wp-json\/wp\/v2\/comments?post=19461"}],"version-history":[{"count":6,"href":"https:\/\/www.varprovence-cruise.com\/fr\/wp-json\/wp\/v2\/pages\/19461\/revisions"}],"predecessor-version":[{"id":19467,"href":"https:\/\/www.varprovence-cruise.com\/fr\/wp-json\/wp\/v2\/pages\/19461\/revisions\/19467"}],"up":[{"embeddable":true,"href":"https:\/\/www.varprovence-cruise.com\/fr\/wp-json\/wp\/v2\/pages\/147"}],"wp:featuredmedia":[{"embeddable":true,"href":"https:\/\/www.varprovence-cruise.com\/fr\/wp-json\/wp\/v2\/media\/19359"}],"wp:attachment":[{"href":"https:\/\/www.varprovence-cruise.com\/fr\/wp-json\/wp\/v2\/media?parent=19461"}],"curies":[{"name":"wp","href":"https:\/\/api.w.org\/{rel}","templated":true}]}}