{"id":19404,"date":"2022-10-14T14:40:52","date_gmt":"2022-10-14T12:40:52","guid":{"rendered":"https:\/\/www.varprovence-cruise.com\/fr\/?page_id=19404"},"modified":"2022-11-28T16:54:34","modified_gmt":"2022-11-28T15:54:34","slug":"experiences-ecotours-sur-les-roches-rouges-de-lesterel","status":"publish","type":"page","link":"https:\/\/www.varprovence-cruise.com\/fr\/experience-var-provence\/idees-dexcursions\/experiences-ecotours-sur-les-roches-rouges-de-lesterel\/","title":{"rendered":"Exp\u00e9riences Ecotours sur les Roches Rouges de l\u2019Est\u00e9rel"},"content":{"rendered":"<h2>Des circuits \u00e9coresponsables pour tous !<\/h2>\n<p>Depuis Saint-Rapha\u00ebl ou le port de Fr\u00e9jus, d\u00e9couvrez le massif de l&rsquo;Est\u00e9rel et ses paysages d&rsquo;exception gr\u00e2ce \u00e0 une multitude d&rsquo;activit\u00e9s z\u00e9ro \u00e9mission!<\/p>\n<p>Montez \u00e0 bord de votre <strong>embl\u00e9matique M\u00e9hari<\/strong> (v\u00e9hicule \u00e9lectrique) et rendez-vous le long des pentes c\u00f4ti\u00e8res de la cha\u00eene aux roches rouges de l&rsquo;Est\u00e9rel. Des pauses r\u00e9guli\u00e8res seront effectu\u00e9es durant l&rsquo;escapade sur la \u00ab Corniche d&rsquo;Or \u00bb\u00a0 afin de profiter des panoramas ; en \u00e9t\u00e9, une pause baignade peut \u00eatre organis\u00e9e. En plus de votre guide\/chauffeur, le v\u00e9hicule peut accueillir jusqu&rsquo;\u00e0 4 personnes. Une fa\u00e7on ludique et \u00e9coresponsable d&rsquo;explorer un peu plus la destination de votre port d&rsquo;escale.<\/p>\n<p>Vous aurez \u00e9galement la possibilit\u00e9 d&#8217;embarquer \u00e0 bord d&rsquo;un <strong>Nosmoke<\/strong>, un v\u00e9hicule \u00e9lectrique et \u00e9cologique au look chic &amp; r\u00e9tro. Accompagn\u00e9 d&rsquo;un moniteur passionn\u00e9, vous surplomberez la <strong>mer M\u00e9diterran\u00e9e<\/strong> pour une balade insolite. De la crique sauvage typique \u00e0 la pause baignade en famille ou entre amis, vous pourrez appr\u00e9cier <strong>tout le charme de la c\u00f4te proven\u00e7ale<\/strong> lors de cette excursion d\u00e9tente.<\/p>\n<p><a href=\"https:\/\/www.varprovence-cruise.com\/fr\/wp-content\/uploads\/sites\/2\/2022\/11\/activite-balade_nosmoke-saint_raphael-loisirsteamactive.jpg\"><img loading=\"lazy\" class=\"wp-image-19446 aligncenter\" src=\"https:\/\/www.varprovence-cruise.com\/fr\/wp-content\/uploads\/sites\/2\/2022\/11\/activite-balade_nosmoke-saint_raphael-loisirsteamactive.jpg\" alt=\"\" width=\"295\" height=\"169\" srcset=\"https:\/\/www.varprovence-cruise.com\/fr\/wp-content\/uploads\/sites\/2\/2022\/11\/activite-balade_nosmoke-saint_raphael-loisirsteamactive.jpg 1000w, https:\/\/www.varprovence-cruise.com\/fr\/wp-content\/uploads\/sites\/2\/2022\/11\/activite-balade_nosmoke-saint_raphael-loisirsteamactive-300x172.jpg 300w, https:\/\/www.varprovence-cruise.com\/fr\/wp-content\/uploads\/sites\/2\/2022\/11\/activite-balade_nosmoke-saint_raphael-loisirsteamactive-768x439.jpg 768w, https:\/\/www.varprovence-cruise.com\/fr\/wp-content\/uploads\/sites\/2\/2022\/11\/activite-balade_nosmoke-saint_raphael-loisirsteamactive-767x439.jpg 767w, https:\/\/www.varprovence-cruise.com\/fr\/wp-content\/uploads\/sites\/2\/2022\/11\/activite-balade_nosmoke-saint_raphael-loisirsteamactive-180x103.jpg 180w, https:\/\/www.varprovence-cruise.com\/fr\/wp-content\/uploads\/sites\/2\/2022\/11\/activite-balade_nosmoke-saint_raphael-loisirsteamactive-315x180.jpg 315w, https:\/\/www.varprovence-cruise.com\/fr\/wp-content\/uploads\/sites\/2\/2022\/11\/activite-balade_nosmoke-saint_raphael-loisirsteamactive-380x217.jpg 380w, https:\/\/www.varprovence-cruise.com\/fr\/wp-content\/uploads\/sites\/2\/2022\/11\/activite-balade_nosmoke-saint_raphael-loisirsteamactive-44x25.jpg 44w, https:\/\/www.varprovence-cruise.com\/fr\/wp-content\/uploads\/sites\/2\/2022\/11\/activite-balade_nosmoke-saint_raphael-loisirsteamactive-80x46.jpg 80w, https:\/\/www.varprovence-cruise.com\/fr\/wp-content\/uploads\/sites\/2\/2022\/11\/activite-balade_nosmoke-saint_raphael-loisirsteamactive-83x47.jpg 83w, https:\/\/www.varprovence-cruise.com\/fr\/wp-content\/uploads\/sites\/2\/2022\/11\/activite-balade_nosmoke-saint_raphael-loisirsteamactive-165x94.jpg 165w, https:\/\/www.varprovence-cruise.com\/fr\/wp-content\/uploads\/sites\/2\/2022\/11\/activite-balade_nosmoke-saint_raphael-loisirsteamactive-52x30.jpg 52w, https:\/\/www.varprovence-cruise.com\/fr\/wp-content\/uploads\/sites\/2\/2022\/11\/activite-balade_nosmoke-saint_raphael-loisirsteamactive-105x60.jpg 105w, https:\/\/www.varprovence-cruise.com\/fr\/wp-content\/uploads\/sites\/2\/2022\/11\/activite-balade_nosmoke-saint_raphael-loisirsteamactive-86x49.jpg 86w, https:\/\/www.varprovence-cruise.com\/fr\/wp-content\/uploads\/sites\/2\/2022\/11\/activite-balade_nosmoke-saint_raphael-loisirsteamactive-72x42.jpg 72w\" sizes=\"(max-width: 295px) 100vw, 295px\" \/><\/a><\/p>\n<p>Vous pourrez \u00e9galement parcourir les reliefs escarp\u00e9s du Massif de l&rsquo;Est\u00e9rel \u00e0 bord d&rsquo;un <strong>Buggy<\/strong>. Petit v\u00e9hicule \u00e9lectrique \u00e0 mi-chemin entre le quad et le 4\u00d74 et homologu\u00e9 pour la circulation tout terrain et sur route, cet engin vous permettra de franchir tous les obstacles de notre parcours en for\u00eat et de profiter de la magnifique route de la <strong>Corniche d&rsquo;Or<\/strong> avec ses roches rouges pour une sortie nature comme vous n&rsquo;en avez jamais eue.<\/p>\n<p>Envie de sensations fortes ? Partez \u00e0 l&rsquo;aventure et d\u00e9couvrez comment conduire un v\u00e9hicule \u00e9lectrique nouvelle g\u00e9n\u00e9ration : le <strong>swincar<\/strong> ! Proche du 4&#215;4 et du buggy, le swincar est u<strong>n v\u00e9hicule \u00e9lectrique original et tr\u00e8s pratique<\/strong> ! Id\u00e9al pour une balade <strong>tout terrain<\/strong> avec ses 4 roues motrices et directrices, ce quadricycle peut \u00e9voluer sur des chemins de terre recouverts de racines, typiques de la garrigue proven\u00e7ale. Bosses ou pentes douces&#8230; vous go\u00fbterez <strong>aux plaisirs de la conduite tout-terrain et explorerez les sentiers du massif de l&rsquo;Est\u00e9rel<\/strong> ! Le pilotage est \u00e9galement accessible aux personnes \u00e0 mobilit\u00e9 r\u00e9duite.<\/p>\n<p><a href=\"https:\/\/www.varprovence-cruise.com\/fr\/wp-content\/uploads\/sites\/2\/2022\/11\/10747803-diaporama.jpg\"><img loading=\"lazy\" class=\"wp-image-19444 aligncenter\" src=\"https:\/\/www.varprovence-cruise.com\/fr\/wp-content\/uploads\/sites\/2\/2022\/11\/10747803-diaporama.jpg\" alt=\"\" width=\"268\" height=\"179\" srcset=\"https:\/\/www.varprovence-cruise.com\/fr\/wp-content\/uploads\/sites\/2\/2022\/11\/10747803-diaporama.jpg 2000w, https:\/\/www.varprovence-cruise.com\/fr\/wp-content\/uploads\/sites\/2\/2022\/11\/10747803-diaporama-300x200.jpg 300w, https:\/\/www.varprovence-cruise.com\/fr\/wp-content\/uploads\/sites\/2\/2022\/11\/10747803-diaporama-1024x682.jpg 1024w, https:\/\/www.varprovence-cruise.com\/fr\/wp-content\/uploads\/sites\/2\/2022\/11\/10747803-diaporama-768x512.jpg 768w, https:\/\/www.varprovence-cruise.com\/fr\/wp-content\/uploads\/sites\/2\/2022\/11\/10747803-diaporama-1536x1024.jpg 1536w, https:\/\/www.varprovence-cruise.com\/fr\/wp-content\/uploads\/sites\/2\/2022\/11\/10747803-diaporama-767x511.jpg 767w, https:\/\/www.varprovence-cruise.com\/fr\/wp-content\/uploads\/sites\/2\/2022\/11\/10747803-diaporama-1023x682.jpg 1023w, https:\/\/www.varprovence-cruise.com\/fr\/wp-content\/uploads\/sites\/2\/2022\/11\/10747803-diaporama-1800x1200.jpg 1800w, https:\/\/www.varprovence-cruise.com\/fr\/wp-content\/uploads\/sites\/2\/2022\/11\/10747803-diaporama-180x120.jpg 180w, https:\/\/www.varprovence-cruise.com\/fr\/wp-content\/uploads\/sites\/2\/2022\/11\/10747803-diaporama-315x210.jpg 315w, https:\/\/www.varprovence-cruise.com\/fr\/wp-content\/uploads\/sites\/2\/2022\/11\/10747803-diaporama-380x253.jpg 380w, https:\/\/www.varprovence-cruise.com\/fr\/wp-content\/uploads\/sites\/2\/2022\/11\/10747803-diaporama-44x29.jpg 44w, https:\/\/www.varprovence-cruise.com\/fr\/wp-content\/uploads\/sites\/2\/2022\/11\/10747803-diaporama-80x53.jpg 80w, https:\/\/www.varprovence-cruise.com\/fr\/wp-content\/uploads\/sites\/2\/2022\/11\/10747803-diaporama-83x55.jpg 83w, https:\/\/www.varprovence-cruise.com\/fr\/wp-content\/uploads\/sites\/2\/2022\/11\/10747803-diaporama-165x110.jpg 165w, https:\/\/www.varprovence-cruise.com\/fr\/wp-content\/uploads\/sites\/2\/2022\/11\/10747803-diaporama-45x30.jpg 45w, https:\/\/www.varprovence-cruise.com\/fr\/wp-content\/uploads\/sites\/2\/2022\/11\/10747803-diaporama-90x60.jpg 90w, https:\/\/www.varprovence-cruise.com\/fr\/wp-content\/uploads\/sites\/2\/2022\/11\/10747803-diaporama-86x57.jpg 86w\" sizes=\"(max-width: 268px) 100vw, 268px\" \/><\/a><\/p>\n<p>Pour une activit\u00e9 familiale id\u00e9ale en petit groupe, d\u00e9couvrez le plaisir de conduire un engin insolite, \u00e9lectrique et \u00e9cologique, <strong>le Segway<\/strong> ! Travaillant avec l&rsquo;\u00e9quilibre du corps, vous pourrez d\u00e9couvrir des panoramas imprenables sur le massif de l&rsquo;Est\u00e9rel et les eaux turquoises de la mer M\u00e9diterran\u00e9e.<\/p>\n<p>Pour les grandes familles, vous pouvez \u00e9galement explorer l&rsquo;Est\u00e9rel dans votre <strong>van 8 personnes<\/strong>. Votre guide vous emm\u00e8nera dans cette excursion d&rsquo;une demi-journ\u00e9e. Au cours du trajet et de la promenade dans les sentiers forestiers, plusieurs possibilit\u00e9s de pauses pittoresques sont pr\u00e9vues pour admirer cet environnement pr\u00e9serv\u00e9. Cette sortie comment\u00e9e vous donnera un aper\u00e7u de la flore, de la faune et de la g\u00e9ologie des lieux\u2026 sans oublier les nombreux mythes autour de ces roches rouge\u00e2tres.<\/p>\n<h3>Que faire:<\/h3>\n<p><em>\u00a0<\/em><\/p>\n<ul>\n<li>Un <strong>trajet comment\u00e9 \u00e0 bord d&rsquo;une M\u00e9hari ou d&rsquo;un van 8 places<\/strong> (capacit\u00e9 maximale de 24 personnes) pour une exp\u00e9rience de conduite ludique ou plus confortable.<\/li>\n<li>Ou une balade comment\u00e9e \u00e0 bord <strong>d&rsquo;un Nosmoke, d&rsquo;un swincar, d&rsquo;un buggy ou d&rsquo;un Segway<\/strong> pour une exp\u00e9rience nature unique et durable<\/li>\n<\/ul>\n<p><em>Dur\u00e9e : environ 4 heures selon la formule<\/em><\/p>\n<p>&nbsp;<\/p>\n<ul>\n<li>Une <strong>balade en bateau semi-rigide gonflable pour une croisi\u00e8re ludique<\/strong> dans les criques rocheuses creus\u00e9es dans la fa\u00e7ade littorale de l&rsquo;Est\u00e9rel avec possibilit\u00e9 de baignade. La d\u00e9couverte de criques isol\u00e9es et surtout le spectacle unique du contraste saisissant offert par la roche rouge de l&rsquo;Est\u00e9rel &amp; le bleu profond de la M\u00e9diterran\u00e9e.<\/li>\n<li>Ou une<strong> activit\u00e9 \u00e9coresponsable<\/strong> l&rsquo;apr\u00e8s-midi : paddle ou kayak<\/li>\n<li>Ou un <strong>circuit Saint-Rapha\u00ebl Belle \u00c9poque<\/strong> d&rsquo;1h30 anim\u00e9 par votre guide professionnel au d\u00e9part du centre-ville. De 1880 \u00e0 1915, de riches particuliers se sont \u00e9tablis \u00e0 Saint-Rapha\u00ebl et des villas et h\u00f4tels ont fleuri du centre-ville \u00e0 la p\u00e9riph\u00e9rie de la ville pour contribuer \u00e0 l&rsquo;\u00e9dification d&rsquo;une station baln\u00e9aire au go\u00fbt du jour.<\/li>\n<li>Ou un<strong> tour de Fr\u00e9jus<\/strong> d&rsquo;1h30 pour une visite culturelle. Des sites romains tels que les Ar\u00e8nes ou l&rsquo;Aqueduc aux vestiges de l&rsquo;\u00e9poque m\u00e9di\u00e9vale et du d\u00e9but du christianisme, fl\u00e2nez et d\u00e9couvrez Fr\u00e9jus, la ville aux 2000 ans d&rsquo;Histoire.<\/li>\n<\/ul>\n<p><em>Dur\u00e9e : 4 h et plus, jusqu&rsquo;\u00e0 une journ\u00e9e compl\u00e8te (selon la formule)<\/em><\/p>\n","protected":false},"excerpt":{"rendered":"<p>Des circuits \u00e9coresponsables pour tous ! Depuis Saint-Rapha\u00ebl ou le port de Fr\u00e9jus, d\u00e9couvrez le massif de l&rsquo;Est\u00e9rel et ses paysages d&rsquo;exception gr\u00e2ce \u00e0 une multitude d&rsquo;activit\u00e9s z\u00e9ro \u00e9mission! Montez \u00e0 bord de votre embl\u00e9matique M\u00e9hari (v\u00e9hicule \u00e9lectrique) et rendez-vous le long des pentes c\u00f4ti\u00e8res de la cha\u00eene aux roches rouges de l&rsquo;Est\u00e9rel. Des pauses [&hellip;]<\/p>\n","protected":false},"author":2,"featured_media":17046,"parent":147,"menu_order":0,"comment_status":"closed","ping_status":"closed","template":"","meta":[],"_links":{"self":[{"href":"https:\/\/www.varprovence-cruise.com\/fr\/wp-json\/wp\/v2\/pages\/19404"}],"collection":[{"href":"https:\/\/www.varprovence-cruise.com\/fr\/wp-json\/wp\/v2\/pages"}],"about":[{"href":"https:\/\/www.varprovence-cruise.com\/fr\/wp-json\/wp\/v2\/types\/page"}],"author":[{"embeddable":true,"href":"https:\/\/www.varprovence-cruise.com\/fr\/wp-json\/wp\/v2\/users\/2"}],"replies":[{"embeddable":true,"href":"https:\/\/www.varprovence-cruise.com\/fr\/wp-json\/wp\/v2\/comments?post=19404"}],"version-history":[{"count":4,"href":"https:\/\/www.varprovence-cruise.com\/fr\/wp-json\/wp\/v2\/pages\/19404\/revisions"}],"predecessor-version":[{"id":19451,"href":"https:\/\/www.varprovence-cruise.com\/fr\/wp-json\/wp\/v2\/pages\/19404\/revisions\/19451"}],"up":[{"embeddable":true,"href":"https:\/\/www.varprovence-cruise.com\/fr\/wp-json\/wp\/v2\/pages\/147"}],"wp:featuredmedia":[{"embeddable":true,"href":"https:\/\/www.varprovence-cruise.com\/fr\/wp-json\/wp\/v2\/media\/17046"}],"wp:attachment":[{"href":"https:\/\/www.varprovence-cruise.com\/fr\/wp-json\/wp\/v2\/media?parent=19404"}],"curies":[{"name":"wp","href":"https:\/\/api.w.org\/{rel}","templated":true}]}}