{"id":19390,"date":"2022-11-17T11:23:33","date_gmt":"2022-11-17T10:23:33","guid":{"rendered":"https:\/\/www.varprovence-cruise.com\/fr\/?page_id=19390"},"modified":"2022-11-17T11:34:56","modified_gmt":"2022-11-17T10:34:56","slug":"cotignac-village-provencal-et-authentique","status":"publish","type":"page","link":"https:\/\/www.varprovence-cruise.com\/fr\/experience-var-provence\/idees-dexcursions\/cotignac-village-provencal-et-authentique\/","title":{"rendered":"Cotignac, Village proven\u00e7al et authentique"},"content":{"rendered":"<h2>D\u00e9couvrez Cotignac\u2026<\/h2>\n<p>Cotignac pittoresque est un petit village proven\u00e7al situ\u00e9 au pied d&rsquo;une impressionnante falaise de tuf abritant des grottes troglodytes principalement utilis\u00e9es comme lieu d&rsquo;h\u00e9bergement pendant les p\u00e9riodes difficiles. Du haut du promontoire rocheux, on domine une splendide campagne recouverte d&rsquo;une v\u00e9g\u00e9tation dense d&rsquo;oliviers, de cypr\u00e8s, de pins et de ch\u00eanes. On peut \u00e9galement se rendre \u00e0 Notre-Dame de Gr\u00e2ce, sanctuaire et lieu de p\u00e8lerinage actif du 16e si\u00e8cle et visit\u00e9 plus tard par Louis XIV. Gr\u00e2ce \u00e0 son patrimoine historique bien pr\u00e9serv\u00e9 ainsi que de son environnement naturel prot\u00e9g\u00e9 , la ville est reconnue comme \u00ab\u00a0Village de Caract\u00e8re\u00a0\u00bb, une reconnaissance de son int\u00e9r\u00eat culturel et paysager remarquable.<\/p>\n<p>\u00c0 quelques minutes du village, entour\u00e9 de ch\u00eanes et de pins, le vignoble que vous visiterez ensuite produit des vins sous l&rsquo;appellation \u00ab AOP C\u00f4tes de Provence \u00bb. Vendanges manuelles, climat ensoleill\u00e9 et sol adapt\u00e9, contribuent \u00e0 cr\u00e9er un produit de qualit\u00e9, un vin authentique et \u00e9quilibr\u00e9 \u00e0 l&rsquo;image de son terroir d&rsquo;origine. Avant la fin de la visite du vignoble, vous serez invit\u00e9 \u00e0 une d\u00e9gustation de vins.<\/p>\n<p><a href=\"https:\/\/www.varprovence-cruise.com\/fr\/wp-content\/uploads\/sites\/2\/2022\/11\/cotignac-village-beer-workshop1.jpg\"><img loading=\"lazy\" class=\"wp-image-19392 aligncenter\" src=\"https:\/\/www.varprovence-cruise.com\/fr\/wp-content\/uploads\/sites\/2\/2022\/11\/cotignac-village-beer-workshop1.jpg\" alt=\"\" width=\"294\" height=\"220\" srcset=\"https:\/\/www.varprovence-cruise.com\/fr\/wp-content\/uploads\/sites\/2\/2022\/11\/cotignac-village-beer-workshop1.jpg 480w, https:\/\/www.varprovence-cruise.com\/fr\/wp-content\/uploads\/sites\/2\/2022\/11\/cotignac-village-beer-workshop1-300x225.jpg 300w, https:\/\/www.varprovence-cruise.com\/fr\/wp-content\/uploads\/sites\/2\/2022\/11\/cotignac-village-beer-workshop1-180x135.jpg 180w, https:\/\/www.varprovence-cruise.com\/fr\/wp-content\/uploads\/sites\/2\/2022\/11\/cotignac-village-beer-workshop1-315x236.jpg 315w, https:\/\/www.varprovence-cruise.com\/fr\/wp-content\/uploads\/sites\/2\/2022\/11\/cotignac-village-beer-workshop1-380x285.jpg 380w, https:\/\/www.varprovence-cruise.com\/fr\/wp-content\/uploads\/sites\/2\/2022\/11\/cotignac-village-beer-workshop1-44x33.jpg 44w, https:\/\/www.varprovence-cruise.com\/fr\/wp-content\/uploads\/sites\/2\/2022\/11\/cotignac-village-beer-workshop1-80x60.jpg 80w, https:\/\/www.varprovence-cruise.com\/fr\/wp-content\/uploads\/sites\/2\/2022\/11\/cotignac-village-beer-workshop1-83x62.jpg 83w, https:\/\/www.varprovence-cruise.com\/fr\/wp-content\/uploads\/sites\/2\/2022\/11\/cotignac-village-beer-workshop1-165x124.jpg 165w, https:\/\/www.varprovence-cruise.com\/fr\/wp-content\/uploads\/sites\/2\/2022\/11\/cotignac-village-beer-workshop1-40x30.jpg 40w, https:\/\/www.varprovence-cruise.com\/fr\/wp-content\/uploads\/sites\/2\/2022\/11\/cotignac-village-beer-workshop1-86x65.jpg 86w\" sizes=\"(max-width: 294px) 100vw, 294px\" \/><\/a><\/p>\n<h3>Que faire :<\/h3>\n<ul>\n<li>Une <strong>visite guid\u00e9e du village m\u00e9di\u00e9val et proven\u00e7al<\/strong> ainsi que de sa <strong>falaise (grottes &amp; sanctuaire)<\/strong><\/li>\n<li><strong>Visite d&rsquo;un vignoble<\/strong> et d\u00e9gustation de 3 vins<\/li>\n<li><strong>Visite des artisans<\/strong><\/li>\n<\/ul>\n<p><strong>Pour aller plus loin :<\/strong><br \/>\nD\u00e9jeuner \u00e0 Cotignac ou dans ses environs avec un atelier sur la bi\u00e8re \u00e0 la <strong>micro-brasserie de Cotignac<\/strong> o\u00f9 vous pourrez d\u00e9guster la bi\u00e8re Mimosa ! ou encore, effectuer une visite chez un producteur de miel local\u2026<\/p>\n<p><em>Dur\u00e9e : environ 3h<\/em><\/p>\n","protected":false},"excerpt":{"rendered":"<p>D\u00e9couvrez Cotignac\u2026 Cotignac pittoresque est un petit village proven\u00e7al situ\u00e9 au pied d&rsquo;une impressionnante falaise de tuf abritant des grottes troglodytes principalement utilis\u00e9es comme lieu d&rsquo;h\u00e9bergement pendant les p\u00e9riodes difficiles. Du haut du promontoire rocheux, on domine une splendide campagne recouverte d&rsquo;une v\u00e9g\u00e9tation dense d&rsquo;oliviers, de cypr\u00e8s, de pins et de ch\u00eanes. On peut \u00e9galement [&hellip;]<\/p>\n","protected":false},"author":2,"featured_media":19391,"parent":147,"menu_order":0,"comment_status":"closed","ping_status":"closed","template":"","meta":[],"_links":{"self":[{"href":"https:\/\/www.varprovence-cruise.com\/fr\/wp-json\/wp\/v2\/pages\/19390"}],"collection":[{"href":"https:\/\/www.varprovence-cruise.com\/fr\/wp-json\/wp\/v2\/pages"}],"about":[{"href":"https:\/\/www.varprovence-cruise.com\/fr\/wp-json\/wp\/v2\/types\/page"}],"author":[{"embeddable":true,"href":"https:\/\/www.varprovence-cruise.com\/fr\/wp-json\/wp\/v2\/users\/2"}],"replies":[{"embeddable":true,"href":"https:\/\/www.varprovence-cruise.com\/fr\/wp-json\/wp\/v2\/comments?post=19390"}],"version-history":[{"count":7,"href":"https:\/\/www.varprovence-cruise.com\/fr\/wp-json\/wp\/v2\/pages\/19390\/revisions"}],"predecessor-version":[{"id":19403,"href":"https:\/\/www.varprovence-cruise.com\/fr\/wp-json\/wp\/v2\/pages\/19390\/revisions\/19403"}],"up":[{"embeddable":true,"href":"https:\/\/www.varprovence-cruise.com\/fr\/wp-json\/wp\/v2\/pages\/147"}],"wp:featuredmedia":[{"embeddable":true,"href":"https:\/\/www.varprovence-cruise.com\/fr\/wp-json\/wp\/v2\/media\/19391"}],"wp:attachment":[{"href":"https:\/\/www.varprovence-cruise.com\/fr\/wp-json\/wp\/v2\/media?parent=19390"}],"curies":[{"name":"wp","href":"https:\/\/api.w.org\/{rel}","templated":true}]}}