{"id":19374,"date":"2022-10-14T15:09:19","date_gmt":"2022-10-14T13:09:19","guid":{"rendered":"https:\/\/www.varprovence-cruise.com\/fr\/?page_id=19374"},"modified":"2022-11-14T15:11:53","modified_gmt":"2022-11-14T14:11:53","slug":"excursions-en-bateau-experiences-inedites-autour-de-la-seyne-sur-mer","status":"publish","type":"page","link":"https:\/\/www.varprovence-cruise.com\/fr\/experience-var-provence\/idees-dexcursions\/excursions-en-bateau-experiences-inedites-autour-de-la-seyne-sur-mer\/","title":{"rendered":"Excursions en Bateau &#038; Exp\u00e9riences in\u00e9dites autour de La Seyne-sur-Mer"},"content":{"rendered":"<h2>Des exp\u00e9riences uniques en bateau<\/h2>\n<p>Situ\u00e9 \u00e0 quelques minutes en voiture de La Seyne, Bandol est reconnue comme capitale des vins et pour son joli port de p\u00eache. Quoi de mieux qu&rsquo;un tour en bateau sur la M\u00e9diterran\u00e9e pour comprendre le mode de vie des locaux ou d\u00e9couvrir, sans la d\u00e9ranger, la nature environnante.<\/p>\n<p>Les<strong> options d&rsquo;excursions en bateau sont nombreuses<\/strong>. Durant ces derni\u00e8res ann\u00e9es, des investissements consid\u00e9rables ont \u00e9t\u00e9 r\u00e9alis\u00e9s au profit des catamarans et des bateaux plus respectueux de l&rsquo;environnement.<\/p>\n<p>Depuis le port, vous aurez le choix d&#8217;embarquer \u00e0 bord d&rsquo;un<strong> \u00ab\u00a0pointu\u00a0\u00bb, bateau de p\u00eache traditionnel, <\/strong>pour une <strong>exp\u00e9rience de p\u00eache ou d&rsquo;une croisi\u00e8re-promenade<\/strong> le long de la c\u00f4te et d\u00e9guster un savoureux pique-nique \u00e0 base de produits locaux. Des catamarans pouvant accueillir entre 70 \u00e0 90 passagers proposent \u00e9galement des excursions le long des <strong>baies naturelles aux eaux cristallines<\/strong>. Certains de ces bateaux fonctionnent \u00e0 propulsion hybride pour minimiser l&rsquo;impact sur l&rsquo;environnement tout en offrant le confort \u00e0 bord pendant toute la dur\u00e9e de votre voyage (pont principal couvert, toilettes, bar, acc\u00e8s facilit\u00e9 aux personnes \u00e0 mobilit\u00e9 r\u00e9duite, \u00e9chelle d&rsquo;acc\u00e8s \u00e0 la mer pour les sorties r\u00e9cr\u00e9atives, etc.). Certaines sorties \u00e0 bord de canots pneumatiques, peuvent permettre aux visiteurs de partir<strong> \u00e0 la recherche de mammif\u00e8res marins<\/strong> sous la supervision du capitaine qui s&rsquo;assurera que le bateau reste \u00e0 distance recommand\u00e9e afin d&rsquo;\u00e9viter de g\u00eaner les c\u00e9tac\u00e9s.<\/p>\n<p><a href=\"https:\/\/www.varprovence-cruise.com\/fr\/wp-content\/uploads\/sites\/2\/2022\/11\/boat-tours-experiences1.jpg\"><img loading=\"lazy\" class=\"wp-image-19376 aligncenter\" src=\"https:\/\/www.varprovence-cruise.com\/fr\/wp-content\/uploads\/sites\/2\/2022\/11\/boat-tours-experiences1.jpg\" alt=\"\" width=\"340\" height=\"272\" srcset=\"https:\/\/www.varprovence-cruise.com\/fr\/wp-content\/uploads\/sites\/2\/2022\/11\/boat-tours-experiences1.jpg 707w, https:\/\/www.varprovence-cruise.com\/fr\/wp-content\/uploads\/sites\/2\/2022\/11\/boat-tours-experiences1-300x240.jpg 300w, https:\/\/www.varprovence-cruise.com\/fr\/wp-content\/uploads\/sites\/2\/2022\/11\/boat-tours-experiences1-180x144.jpg 180w, https:\/\/www.varprovence-cruise.com\/fr\/wp-content\/uploads\/sites\/2\/2022\/11\/boat-tours-experiences1-315x252.jpg 315w, https:\/\/www.varprovence-cruise.com\/fr\/wp-content\/uploads\/sites\/2\/2022\/11\/boat-tours-experiences1-380x304.jpg 380w, https:\/\/www.varprovence-cruise.com\/fr\/wp-content\/uploads\/sites\/2\/2022\/11\/boat-tours-experiences1-44x35.jpg 44w, https:\/\/www.varprovence-cruise.com\/fr\/wp-content\/uploads\/sites\/2\/2022\/11\/boat-tours-experiences1-80x64.jpg 80w, https:\/\/www.varprovence-cruise.com\/fr\/wp-content\/uploads\/sites\/2\/2022\/11\/boat-tours-experiences1-83x66.jpg 83w, https:\/\/www.varprovence-cruise.com\/fr\/wp-content\/uploads\/sites\/2\/2022\/11\/boat-tours-experiences1-165x132.jpg 165w, https:\/\/www.varprovence-cruise.com\/fr\/wp-content\/uploads\/sites\/2\/2022\/11\/boat-tours-experiences1-37x30.jpg 37w, https:\/\/www.varprovence-cruise.com\/fr\/wp-content\/uploads\/sites\/2\/2022\/11\/boat-tours-experiences1-75x60.jpg 75w, https:\/\/www.varprovence-cruise.com\/fr\/wp-content\/uploads\/sites\/2\/2022\/11\/boat-tours-experiences1-86x69.jpg 86w\" sizes=\"(max-width: 340px) 100vw, 340px\" \/><\/a><\/p>\n<h3>Que faire:<\/h3>\n<ul>\n<li>Une croisi\u00e8re comment\u00e9e le long de la c\u00f4te et des baies \u00e0 bord d&rsquo;un catamaran<\/li>\n<li>Ou Une exp\u00e9rience de p\u00eache \u00e0 bord d&rsquo;un pointu traditionnel<\/li>\n<li>Ou Une croisi\u00e8re-promenade avec pique-nique \u00e0 bord d&rsquo;un \u00ab pointu \u00bb<\/li>\n<\/ul>\n<p><em>Dur\u00e9e : environ 3 \u00e0 4 heures selon la formule<\/em><\/p>\n<ul>\n<li>Une bonne demi-journ\u00e9e de croisi\u00e8re \u00e0 la recherche des c\u00e9tac\u00e9s<\/li>\n<li>D\u00e9jeuner dans un restaurant local<\/li>\n<li>Excursion r\u00e9cr\u00e9ative en bateau l&rsquo;apr\u00e8s-midi avec baignade et plong\u00e9e avec tuba dans l&rsquo;une des baies<\/li>\n<li>Ou un apr\u00e8s-midi actif et \u00e9co-responsable : paddle, \u00ab longe-c\u00f4te \u00bb ou kayak<\/li>\n<li>Ou un apr\u00e8s-midi visite d&rsquo;un vignoble de l&rsquo;AOC Bandol + d\u00e9gustation<\/li>\n<\/ul>\n<p><em>Dur\u00e9e : 4 h et plus jusqu&rsquo;\u00e0 une journ\u00e9e compl\u00e8te (selon la formule)<\/em><\/p>\n","protected":false},"excerpt":{"rendered":"<p>Des exp\u00e9riences uniques en bateau Situ\u00e9 \u00e0 quelques minutes en voiture de La Seyne, Bandol est reconnue comme capitale des vins et pour son joli port de p\u00eache. Quoi de mieux qu&rsquo;un tour en bateau sur la M\u00e9diterran\u00e9e pour comprendre le mode de vie des locaux ou d\u00e9couvrir, sans la d\u00e9ranger, la nature environnante. Les [&hellip;]<\/p>\n","protected":false},"author":2,"featured_media":19377,"parent":147,"menu_order":0,"comment_status":"closed","ping_status":"closed","template":"","meta":[],"_links":{"self":[{"href":"https:\/\/www.varprovence-cruise.com\/fr\/wp-json\/wp\/v2\/pages\/19374"}],"collection":[{"href":"https:\/\/www.varprovence-cruise.com\/fr\/wp-json\/wp\/v2\/pages"}],"about":[{"href":"https:\/\/www.varprovence-cruise.com\/fr\/wp-json\/wp\/v2\/types\/page"}],"author":[{"embeddable":true,"href":"https:\/\/www.varprovence-cruise.com\/fr\/wp-json\/wp\/v2\/users\/2"}],"replies":[{"embeddable":true,"href":"https:\/\/www.varprovence-cruise.com\/fr\/wp-json\/wp\/v2\/comments?post=19374"}],"version-history":[{"count":7,"href":"https:\/\/www.varprovence-cruise.com\/fr\/wp-json\/wp\/v2\/pages\/19374\/revisions"}],"predecessor-version":[{"id":19385,"href":"https:\/\/www.varprovence-cruise.com\/fr\/wp-json\/wp\/v2\/pages\/19374\/revisions\/19385"}],"up":[{"embeddable":true,"href":"https:\/\/www.varprovence-cruise.com\/fr\/wp-json\/wp\/v2\/pages\/147"}],"wp:featuredmedia":[{"embeddable":true,"href":"https:\/\/www.varprovence-cruise.com\/fr\/wp-json\/wp\/v2\/media\/19377"}],"wp:attachment":[{"href":"https:\/\/www.varprovence-cruise.com\/fr\/wp-json\/wp\/v2\/media?parent=19374"}],"curies":[{"name":"wp","href":"https:\/\/api.w.org\/{rel}","templated":true}]}}