{"id":19353,"date":"2022-10-09T15:53:51","date_gmt":"2022-10-09T13:53:51","guid":{"rendered":"https:\/\/www.varprovence-cruise.com\/fr\/?page_id=19353"},"modified":"2022-11-09T16:00:06","modified_gmt":"2022-11-09T15:00:06","slug":"collobrieres-capitale-de-la-chataigne","status":"publish","type":"page","link":"https:\/\/www.varprovence-cruise.com\/fr\/experience-var-provence\/idees-dexcursions\/collobrieres-capitale-de-la-chataigne\/","title":{"rendered":"Collobri\u00e8res, Capitale de la Ch\u00e2taigne"},"content":{"rendered":"<h2>D\u00e9couvrez Collobri\u00e8res\u2026<\/h2>\n<p>Nich\u00e9e au c\u0153ur du massif vallonn\u00e9 et bois\u00e9 des Maures, Collobri\u00e8res est le point de d\u00e9part de nombreux itin\u00e9raires de randonn\u00e9e. \u00ab\u00a0Capitale de la ch\u00e2taigne\u00a0\u00bb, le village exploite 2 220 hectares de ch\u00e2taigneraies pour une production annuelle de plusieurs centaines de tonnes de ch\u00e2taignes.<\/p>\n<p><a href=\"https:\/\/www.varprovence-cruise.com\/fr\/wp-content\/uploads\/sites\/2\/2022\/11\/fete-des-chataignes2.jpg\"><img loading=\"lazy\" class=\"wp-image-19359 alignleft\" src=\"https:\/\/www.varprovence-cruise.com\/fr\/wp-content\/uploads\/sites\/2\/2022\/11\/fete-des-chataignes2.jpg\" alt=\"\" width=\"187\" height=\"290\" srcset=\"https:\/\/www.varprovence-cruise.com\/fr\/wp-content\/uploads\/sites\/2\/2022\/11\/fete-des-chataignes2.jpg 594w, https:\/\/www.varprovence-cruise.com\/fr\/wp-content\/uploads\/sites\/2\/2022\/11\/fete-des-chataignes2-193x300.jpg 193w, https:\/\/www.varprovence-cruise.com\/fr\/wp-content\/uploads\/sites\/2\/2022\/11\/fete-des-chataignes2-180x279.jpg 180w, https:\/\/www.varprovence-cruise.com\/fr\/wp-content\/uploads\/sites\/2\/2022\/11\/fete-des-chataignes2-315x489.jpg 315w, https:\/\/www.varprovence-cruise.com\/fr\/wp-content\/uploads\/sites\/2\/2022\/11\/fete-des-chataignes2-380x590.jpg 380w, https:\/\/www.varprovence-cruise.com\/fr\/wp-content\/uploads\/sites\/2\/2022\/11\/fete-des-chataignes2-44x68.jpg 44w, https:\/\/www.varprovence-cruise.com\/fr\/wp-content\/uploads\/sites\/2\/2022\/11\/fete-des-chataignes2-80x124.jpg 80w, https:\/\/www.varprovence-cruise.com\/fr\/wp-content\/uploads\/sites\/2\/2022\/11\/fete-des-chataignes2-83x129.jpg 83w, https:\/\/www.varprovence-cruise.com\/fr\/wp-content\/uploads\/sites\/2\/2022\/11\/fete-des-chataignes2-165x256.jpg 165w, https:\/\/www.varprovence-cruise.com\/fr\/wp-content\/uploads\/sites\/2\/2022\/11\/fete-des-chataignes2-19x30.jpg 19w, https:\/\/www.varprovence-cruise.com\/fr\/wp-content\/uploads\/sites\/2\/2022\/11\/fete-des-chataignes2-39x60.jpg 39w, https:\/\/www.varprovence-cruise.com\/fr\/wp-content\/uploads\/sites\/2\/2022\/11\/fete-des-chataignes2-86x133.jpg 86w\" sizes=\"(max-width: 187px) 100vw, 187px\" \/><\/a>Ce village paisible et typique de la Provence varoise, offre un riche patrimoine local et un caract\u00e8re authentique par son paysage naturel impressionnant.<\/p>\n<p>\u00c0 l&rsquo;arriv\u00e9e dans le village, vous pourrez visiter une ch\u00e2taigneraie accompagn\u00e9e par le propri\u00e9taire local. Rendez-vous ensuite \u00e0 la Confiserie Azur\u00e9enne, une fabrique qui renoue depuis un demi-si\u00e8cle avec la r\u00e9colte et la transformation ancestrales de la ch\u00e2taigne. C&rsquo;est la plus grande usine de fabrication de ce genre dans la r\u00e9gion.<\/p>\n<p>Le mus\u00e9e pr\u00e9sente des outils et des machines d&rsquo;\u00e9poque li\u00e9s au travail de la ch\u00e2taigne. Vous apprendrez que les moines ont \u00e9t\u00e9 parmi les premiers \u00e0 introduire la production de ch\u00e2taignes dans ces terres foresti\u00e8res \u00e9pargn\u00e9es par les invasions c\u00f4ti\u00e8res.<\/p>\n<p><strong>Un monde de saveurs et de foi\u2026<\/strong><\/p>\n<p>La ch\u00e2taigne est c\u00e9l\u00e9br\u00e9e chaque ann\u00e9e lors de la r\u00e9colte durant les trois derniers week-ends d&rsquo;octobre&#8230; On peut alors go\u00fbter aux produits de la ch\u00e2taigne comme le font les visiteurs lors de leur visite \u00e0 la confiserie : cr\u00e8me de marrons, confitures, marrons glac\u00e9s etc&#8230; Une d\u00e9monstration de fabrication de panier cl\u00f4turera votre visite sur place. Vous vous dirigerez vers la Chartreuse de la Verne par une route sinueuse o\u00fa vous pourrez visiter le monast\u00e8re. L&rsquo;\u00e9glise romane du XIIe si\u00e8cle est toujours pr\u00e9sente tandis que les autres b\u00e2timents religieux ont \u00e9t\u00e9 reconstruits ainsi qu&rsquo;un mur d\u00e9fensif qui soutenait les unit\u00e9s d&rsquo;habitation.<\/p>\n<p><a href=\"https:\/\/www.varprovence-cruise.com\/fr\/wp-content\/uploads\/sites\/2\/2022\/11\/chartreuse-de-la-verne-scaled.jpg\"><img loading=\"lazy\" class=\"wp-image-19357 aligncenter\" src=\"https:\/\/www.varprovence-cruise.com\/fr\/wp-content\/uploads\/sites\/2\/2022\/11\/chartreuse-de-la-verne-scaled.jpg\" alt=\"\" width=\"395\" height=\"297\" srcset=\"https:\/\/www.varprovence-cruise.com\/fr\/wp-content\/uploads\/sites\/2\/2022\/11\/chartreuse-de-la-verne-scaled.jpg 2560w, https:\/\/www.varprovence-cruise.com\/fr\/wp-content\/uploads\/sites\/2\/2022\/11\/chartreuse-de-la-verne-300x225.jpg 300w, https:\/\/www.varprovence-cruise.com\/fr\/wp-content\/uploads\/sites\/2\/2022\/11\/chartreuse-de-la-verne-1024x768.jpg 1024w, https:\/\/www.varprovence-cruise.com\/fr\/wp-content\/uploads\/sites\/2\/2022\/11\/chartreuse-de-la-verne-768x576.jpg 768w, https:\/\/www.varprovence-cruise.com\/fr\/wp-content\/uploads\/sites\/2\/2022\/11\/chartreuse-de-la-verne-1536x1152.jpg 1536w, https:\/\/www.varprovence-cruise.com\/fr\/wp-content\/uploads\/sites\/2\/2022\/11\/chartreuse-de-la-verne-2048x1536.jpg 2048w, https:\/\/www.varprovence-cruise.com\/fr\/wp-content\/uploads\/sites\/2\/2022\/11\/chartreuse-de-la-verne-767x575.jpg 767w, https:\/\/www.varprovence-cruise.com\/fr\/wp-content\/uploads\/sites\/2\/2022\/11\/chartreuse-de-la-verne-1023x767.jpg 1023w, https:\/\/www.varprovence-cruise.com\/fr\/wp-content\/uploads\/sites\/2\/2022\/11\/chartreuse-de-la-verne-1800x1350.jpg 1800w, https:\/\/www.varprovence-cruise.com\/fr\/wp-content\/uploads\/sites\/2\/2022\/11\/chartreuse-de-la-verne-180x135.jpg 180w, https:\/\/www.varprovence-cruise.com\/fr\/wp-content\/uploads\/sites\/2\/2022\/11\/chartreuse-de-la-verne-315x236.jpg 315w, https:\/\/www.varprovence-cruise.com\/fr\/wp-content\/uploads\/sites\/2\/2022\/11\/chartreuse-de-la-verne-380x285.jpg 380w, https:\/\/www.varprovence-cruise.com\/fr\/wp-content\/uploads\/sites\/2\/2022\/11\/chartreuse-de-la-verne-44x33.jpg 44w, https:\/\/www.varprovence-cruise.com\/fr\/wp-content\/uploads\/sites\/2\/2022\/11\/chartreuse-de-la-verne-80x60.jpg 80w, https:\/\/www.varprovence-cruise.com\/fr\/wp-content\/uploads\/sites\/2\/2022\/11\/chartreuse-de-la-verne-83x62.jpg 83w, https:\/\/www.varprovence-cruise.com\/fr\/wp-content\/uploads\/sites\/2\/2022\/11\/chartreuse-de-la-verne-165x124.jpg 165w, https:\/\/www.varprovence-cruise.com\/fr\/wp-content\/uploads\/sites\/2\/2022\/11\/chartreuse-de-la-verne-40x30.jpg 40w, https:\/\/www.varprovence-cruise.com\/fr\/wp-content\/uploads\/sites\/2\/2022\/11\/chartreuse-de-la-verne-86x65.jpg 86w\" sizes=\"(max-width: 395px) 100vw, 395px\" \/><\/a><\/p>\n<h3>Que faire:<\/h3>\n<p><strong>Une tourn\u00e9e Art de vivre<br \/>\n<\/strong><\/p>\n<ul>\n<li><strong>Visite accompagn\u00e9e d&rsquo;une ch\u00e2taigneraie<\/strong><\/li>\n<li><strong>Visite de la Confiserie Azur\u00e9enne &amp; mus\u00e9e de la ch\u00e2taigne avec d\u00e9gustation de ch\u00e2taignes<\/strong><\/li>\n<li>Une <strong>d\u00e9monstration de fabrication de panier<\/strong><\/li>\n<li><strong>Visite de la Chartreuse de La Verne<\/strong> (attention la longueur maximale du bus pour acc\u00e9der au monast\u00e8re est de 8m)<\/li>\n<\/ul>\n<p>Ce circuit est mieux adapt\u00e9 pendant la p\u00e9riode des r\u00e9coltes en raison de la visite de la ch\u00e2taigneraie, bien qu&rsquo;il puisse \u00eatre propos\u00e9 durant la hors-saison de la ch\u00e2taigne.<\/p>\n<p><strong>Pour aller plus loin<\/strong> : Vous allez adorer l&rsquo;histoire de Collobri\u00e8res village authentique et rural qui doit son nom au grand nombre de couleuvres que l&rsquo;on trouvait autrefois au bord de sa rivi\u00e8re.<\/p>\n<p><strong>Vous aimerez:<\/strong><\/p>\n<ul>\n<li><strong>Essayer de nouvelles saveurs<\/strong> : marrons glac\u00e9s ou cr\u00e8me de marrons<\/li>\n<li>La <strong>rencontre <\/strong>avec des producteurs de <strong>ch\u00e2taignes<\/strong><\/li>\n<li>La <strong>route panoramique<\/strong> dans un d\u00e9cor forestier, la vue des menhirs dans la campagne rurale<\/li>\n<li>La possibilit\u00e9 de visiter un atelier de figurines en argile<\/li>\n<li>Le <strong>mode de vie authentique<\/strong> reposant encore sur des activit\u00e9s s\u00e9culaires (production de ch\u00e2taignier et de ch\u00eane li\u00e8ge)<\/li>\n<\/ul>\n<p><em>Dur\u00e9e : environ 4h<\/em><\/p>\n","protected":false},"excerpt":{"rendered":"<p>D\u00e9couvrez Collobri\u00e8res\u2026 Nich\u00e9e au c\u0153ur du massif vallonn\u00e9 et bois\u00e9 des Maures, Collobri\u00e8res est le point de d\u00e9part de nombreux itin\u00e9raires de randonn\u00e9e. \u00ab\u00a0Capitale de la ch\u00e2taigne\u00a0\u00bb, le village exploite 2 220 hectares de ch\u00e2taigneraies pour une production annuelle de plusieurs centaines de tonnes de ch\u00e2taignes. Ce village paisible et typique de la Provence varoise, [&hellip;]<\/p>\n","protected":false},"author":2,"featured_media":19355,"parent":147,"menu_order":0,"comment_status":"closed","ping_status":"closed","template":"","meta":[],"_links":{"self":[{"href":"https:\/\/www.varprovence-cruise.com\/fr\/wp-json\/wp\/v2\/pages\/19353"}],"collection":[{"href":"https:\/\/www.varprovence-cruise.com\/fr\/wp-json\/wp\/v2\/pages"}],"about":[{"href":"https:\/\/www.varprovence-cruise.com\/fr\/wp-json\/wp\/v2\/types\/page"}],"author":[{"embeddable":true,"href":"https:\/\/www.varprovence-cruise.com\/fr\/wp-json\/wp\/v2\/users\/2"}],"replies":[{"embeddable":true,"href":"https:\/\/www.varprovence-cruise.com\/fr\/wp-json\/wp\/v2\/comments?post=19353"}],"version-history":[{"count":9,"href":"https:\/\/www.varprovence-cruise.com\/fr\/wp-json\/wp\/v2\/pages\/19353\/revisions"}],"predecessor-version":[{"id":19367,"href":"https:\/\/www.varprovence-cruise.com\/fr\/wp-json\/wp\/v2\/pages\/19353\/revisions\/19367"}],"up":[{"embeddable":true,"href":"https:\/\/www.varprovence-cruise.com\/fr\/wp-json\/wp\/v2\/pages\/147"}],"wp:featuredmedia":[{"embeddable":true,"href":"https:\/\/www.varprovence-cruise.com\/fr\/wp-json\/wp\/v2\/media\/19355"}],"wp:attachment":[{"href":"https:\/\/www.varprovence-cruise.com\/fr\/wp-json\/wp\/v2\/media?parent=19353"}],"curies":[{"name":"wp","href":"https:\/\/api.w.org\/{rel}","templated":true}]}}