{"id":19076,"date":"2022-10-16T13:19:36","date_gmt":"2022-10-16T11:19:36","guid":{"rendered":"https:\/\/www.varprovence-cruise.com\/fr\/?page_id=19076"},"modified":"2023-03-26T14:56:12","modified_gmt":"2023-03-26T12:56:12","slug":"experience-gourmande-si-la-france-pouvait-etre-une-bouteille-ou-une-assiette","status":"publish","type":"page","link":"https:\/\/www.varprovence-cruise.com\/fr\/experience-var-provence\/idees-dexcursions\/experience-gourmande-si-la-france-pouvait-etre-une-bouteille-ou-une-assiette\/","title":{"rendered":"Exp\u00e9rience gourmande  : Si la France pouvait \u00eatre une bouteille ou une assiette"},"content":{"rendered":"<h2>Exp\u00e9rience Gourmande :<br \/>\n\u00a0Si la France pouvait tenir dans une bouteille ou dans une assiette<\/h2>\n<p>Vous avez certainement d\u00e9j\u00e0 particip\u00e9 \u00e0 des dizaines de d\u00e9gustations de vins et fromages mais ici, vous d\u00e9couvrirez une exp\u00e9rience gastronomique unique en son genre.<\/p>\n<p>Une fois arriv\u00e9 \u00e0 la Cadi\u00e8re d&rsquo;Azur, retrouvez votre h\u00f4te dans sa cave centenaire transform\u00e9e en espace d&rsquo;accueil cosy, isol\u00e9 et inattendu et peut accueillir de petits groupes. Installez-vous confortablement et pr\u00e9parez-vous non pas \u00e0 une d\u00e9gustation formelle mais plut\u00f4t \u00e0 partager des moments inoubliables avec ce jeune \u00ab chasseur de tr\u00e9sors \u00bb.<\/p>\n<p>Alors qu&rsquo;il s&rsquo;approvisionne en personne chaque semaine en fromages de\u00a0 qualit\u00e9 au lait cru dans toutes les r\u00e9gions de France pour les restaurants haut de gamme de Provence et de la C\u00f4te d&rsquo;Azur, Olivier a d\u00e9cid\u00e9 de partager son int\u00e9r\u00eat et sa connaissance exceptionnelle des fromages et des vins fran\u00e7ais. Tel un collectionneur, il d\u00e9niche \u00e9galement les vins biodynamiques &amp; bio. Et c&rsquo;est la s\u00e9lection qu&rsquo;il vous a sp\u00e9cialement pr\u00e9par\u00e9e que vous allez d\u00e9guster !<\/p>\n<h3>QUE FAIRE:<\/h3>\n<p>Vous aimerez :<\/p>\n<ul>\n<li>L&rsquo;intimit\u00e9 du lieu<\/li>\n<li>L&rsquo;accord vins &amp; fromages avec un h\u00f4te chaleureux<\/li>\n<li>La possibilit\u00e9 d&rsquo;ajouter la visite \u00e0 pied de la Cadi\u00e8re ou la visite d&rsquo;un vignoble voisin.<\/li>\n<\/ul>\n<p><em>Dur\u00e9e : environ 2-3 h<\/em><\/p>\n","protected":false},"excerpt":{"rendered":"<p>Exp\u00e9rience Gourmande : \u00a0Si la France pouvait tenir dans une bouteille ou dans une assiette Vous avez certainement d\u00e9j\u00e0 particip\u00e9 \u00e0 des dizaines de d\u00e9gustations de vins et fromages mais ici, vous d\u00e9couvrirez une exp\u00e9rience gastronomique unique en son genre. Une fois arriv\u00e9 \u00e0 la Cadi\u00e8re d&rsquo;Azur, retrouvez votre h\u00f4te dans sa cave centenaire transform\u00e9e [&hellip;]<\/p>\n","protected":false},"author":2,"featured_media":19387,"parent":147,"menu_order":0,"comment_status":"closed","ping_status":"closed","template":"","meta":[],"_links":{"self":[{"href":"https:\/\/www.varprovence-cruise.com\/fr\/wp-json\/wp\/v2\/pages\/19076"}],"collection":[{"href":"https:\/\/www.varprovence-cruise.com\/fr\/wp-json\/wp\/v2\/pages"}],"about":[{"href":"https:\/\/www.varprovence-cruise.com\/fr\/wp-json\/wp\/v2\/types\/page"}],"author":[{"embeddable":true,"href":"https:\/\/www.varprovence-cruise.com\/fr\/wp-json\/wp\/v2\/users\/2"}],"replies":[{"embeddable":true,"href":"https:\/\/www.varprovence-cruise.com\/fr\/wp-json\/wp\/v2\/comments?post=19076"}],"version-history":[{"count":3,"href":"https:\/\/www.varprovence-cruise.com\/fr\/wp-json\/wp\/v2\/pages\/19076\/revisions"}],"predecessor-version":[{"id":19860,"href":"https:\/\/www.varprovence-cruise.com\/fr\/wp-json\/wp\/v2\/pages\/19076\/revisions\/19860"}],"up":[{"embeddable":true,"href":"https:\/\/www.varprovence-cruise.com\/fr\/wp-json\/wp\/v2\/pages\/147"}],"wp:featuredmedia":[{"embeddable":true,"href":"https:\/\/www.varprovence-cruise.com\/fr\/wp-json\/wp\/v2\/media\/19387"}],"wp:attachment":[{"href":"https:\/\/www.varprovence-cruise.com\/fr\/wp-json\/wp\/v2\/media?parent=19076"}],"curies":[{"name":"wp","href":"https:\/\/api.w.org\/{rel}","templated":true}]}}