{"id":19060,"date":"2022-10-28T13:48:55","date_gmt":"2022-10-28T11:48:55","guid":{"rendered":"https:\/\/www.varprovence-cruise.com\/fr\/?page_id=19060"},"modified":"2022-10-28T14:19:48","modified_gmt":"2022-10-28T12:19:48","slug":"bendor-lautre-ile-de-paul-ricard","status":"publish","type":"page","link":"https:\/\/www.varprovence-cruise.com\/fr\/experience-var-provence\/idees-dexcursions\/bendor-lautre-ile-de-paul-ricard\/","title":{"rendered":"Bendor, l&rsquo;autre \u00eele de Paul Ricard"},"content":{"rendered":"<h2>Bendor, l&rsquo;escapade secr\u00e8te\u2026<\/h2>\n<p>Situ\u00e9e au large de Bandol, l<strong>&lsquo;\u00eele priv\u00e9e de Bendor<\/strong> est un tr\u00e9sor cach\u00e9 de la Provence varoise avec un acc\u00e8s facile toute l&rsquo;ann\u00e9e.<\/p>\n<p>Les invit\u00e9s partiront du quai de Bandol \u00e0 bord d&rsquo;un<strong> traditionnel \u00ab\u00a0Pointu\u00a0\u00bb,<\/strong> <strong>bateau de p\u00eache ancestral en bois<\/strong> qui doit son nom \u00e0 la proue et \u00e0 la poupe sym\u00e9triquement pointues ; fait \u00e0 la main, chacun est unique.<\/p>\n<p><a href=\"https:\/\/www.varprovence-cruise.com\/fr\/wp-content\/uploads\/sites\/2\/2022\/10\/bp-bendor-exterieur-061-2-scaled.jpg\"><img loading=\"lazy\" class=\"wp-image-19066 aligncenter\" src=\"https:\/\/www.varprovence-cruise.com\/fr\/wp-content\/uploads\/sites\/2\/2022\/10\/bp-bendor-exterieur-061-2-scaled.jpg\" alt=\"\" width=\"300\" height=\"200\" srcset=\"https:\/\/www.varprovence-cruise.com\/fr\/wp-content\/uploads\/sites\/2\/2022\/10\/bp-bendor-exterieur-061-2-scaled.jpg 2560w, https:\/\/www.varprovence-cruise.com\/fr\/wp-content\/uploads\/sites\/2\/2022\/10\/bp-bendor-exterieur-061-2-300x200.jpg 300w, https:\/\/www.varprovence-cruise.com\/fr\/wp-content\/uploads\/sites\/2\/2022\/10\/bp-bendor-exterieur-061-2-1024x683.jpg 1024w, https:\/\/www.varprovence-cruise.com\/fr\/wp-content\/uploads\/sites\/2\/2022\/10\/bp-bendor-exterieur-061-2-768x512.jpg 768w, https:\/\/www.varprovence-cruise.com\/fr\/wp-content\/uploads\/sites\/2\/2022\/10\/bp-bendor-exterieur-061-2-1536x1024.jpg 1536w, https:\/\/www.varprovence-cruise.com\/fr\/wp-content\/uploads\/sites\/2\/2022\/10\/bp-bendor-exterieur-061-2-2048x1365.jpg 2048w, https:\/\/www.varprovence-cruise.com\/fr\/wp-content\/uploads\/sites\/2\/2022\/10\/bp-bendor-exterieur-061-2-767x511.jpg 767w, https:\/\/www.varprovence-cruise.com\/fr\/wp-content\/uploads\/sites\/2\/2022\/10\/bp-bendor-exterieur-061-2-1023x682.jpg 1023w, https:\/\/www.varprovence-cruise.com\/fr\/wp-content\/uploads\/sites\/2\/2022\/10\/bp-bendor-exterieur-061-2-1800x1200.jpg 1800w, https:\/\/www.varprovence-cruise.com\/fr\/wp-content\/uploads\/sites\/2\/2022\/10\/bp-bendor-exterieur-061-2-180x120.jpg 180w, https:\/\/www.varprovence-cruise.com\/fr\/wp-content\/uploads\/sites\/2\/2022\/10\/bp-bendor-exterieur-061-2-315x210.jpg 315w, https:\/\/www.varprovence-cruise.com\/fr\/wp-content\/uploads\/sites\/2\/2022\/10\/bp-bendor-exterieur-061-2-380x253.jpg 380w, https:\/\/www.varprovence-cruise.com\/fr\/wp-content\/uploads\/sites\/2\/2022\/10\/bp-bendor-exterieur-061-2-44x29.jpg 44w, https:\/\/www.varprovence-cruise.com\/fr\/wp-content\/uploads\/sites\/2\/2022\/10\/bp-bendor-exterieur-061-2-80x53.jpg 80w, https:\/\/www.varprovence-cruise.com\/fr\/wp-content\/uploads\/sites\/2\/2022\/10\/bp-bendor-exterieur-061-2-83x55.jpg 83w, https:\/\/www.varprovence-cruise.com\/fr\/wp-content\/uploads\/sites\/2\/2022\/10\/bp-bendor-exterieur-061-2-165x110.jpg 165w, https:\/\/www.varprovence-cruise.com\/fr\/wp-content\/uploads\/sites\/2\/2022\/10\/bp-bendor-exterieur-061-2-45x30.jpg 45w, https:\/\/www.varprovence-cruise.com\/fr\/wp-content\/uploads\/sites\/2\/2022\/10\/bp-bendor-exterieur-061-2-90x60.jpg 90w, https:\/\/www.varprovence-cruise.com\/fr\/wp-content\/uploads\/sites\/2\/2022\/10\/bp-bendor-exterieur-061-2-86x57.jpg 86w\" sizes=\"(max-width: 300px) 100vw, 300px\" \/><\/a><\/p>\n<p>R\u00eav\u00e9e et cr\u00e9\u00e9e pour et par<strong> l&rsquo;industriel Paul Ricard<\/strong> dans les ann\u00e9es 1950, l&rsquo;\u00eele se d\u00e9couvre <strong>\u00e0 pied ou en petit train touristique<\/strong>.<\/p>\n<p>Pendant l&rsquo;\u00e9t\u00e9, vous pourrez visiter une exposition temporaire comprenant une impressionnante collection de 8 000 bouteilles de vin. La visite pourra \u00eatre coupl\u00e9e \u00e0 une exposition de peintures dont certaines r\u00e9alis\u00e9es de la main de Paul Ricard lui-m\u00eame. Vous d\u00e9couvrirez la cr\u00e9ation de l&rsquo;\u00eele ainsi que la vie et la famille de cet industriel. Figure \u00e0 succ\u00e8s dans l&rsquo;industrie, Paul Ricard \u00e9tait aussi un artiste et un philanthrope. Des galeries d&rsquo;art et des boutiques d&rsquo;artisanat aux h\u00f4tels et restaurants, les visiteurs trouveront toutes les commodit\u00e9s sur place.<\/p>\n<p><strong><a href=\"https:\/\/www.varprovence-cruise.com\/fr\/wp-content\/uploads\/sites\/2\/2022\/10\/thalazur-bandol-copyright.jpg\"><img loading=\"lazy\" class=\" wp-image-19069 alignleft\" src=\"https:\/\/www.varprovence-cruise.com\/fr\/wp-content\/uploads\/sites\/2\/2022\/10\/thalazur-bandol-copyright.jpg\" alt=\"\" width=\"231\" height=\"157\" srcset=\"https:\/\/www.varprovence-cruise.com\/fr\/wp-content\/uploads\/sites\/2\/2022\/10\/thalazur-bandol-copyright.jpg 840w, https:\/\/www.varprovence-cruise.com\/fr\/wp-content\/uploads\/sites\/2\/2022\/10\/thalazur-bandol-copyright-300x204.jpg 300w, https:\/\/www.varprovence-cruise.com\/fr\/wp-content\/uploads\/sites\/2\/2022\/10\/thalazur-bandol-copyright-768x521.jpg 768w, https:\/\/www.varprovence-cruise.com\/fr\/wp-content\/uploads\/sites\/2\/2022\/10\/thalazur-bandol-copyright-767x520.jpg 767w, https:\/\/www.varprovence-cruise.com\/fr\/wp-content\/uploads\/sites\/2\/2022\/10\/thalazur-bandol-copyright-180x122.jpg 180w, https:\/\/www.varprovence-cruise.com\/fr\/wp-content\/uploads\/sites\/2\/2022\/10\/thalazur-bandol-copyright-315x214.jpg 315w, https:\/\/www.varprovence-cruise.com\/fr\/wp-content\/uploads\/sites\/2\/2022\/10\/thalazur-bandol-copyright-380x258.jpg 380w, https:\/\/www.varprovence-cruise.com\/fr\/wp-content\/uploads\/sites\/2\/2022\/10\/thalazur-bandol-copyright-44x30.jpg 44w, https:\/\/www.varprovence-cruise.com\/fr\/wp-content\/uploads\/sites\/2\/2022\/10\/thalazur-bandol-copyright-80x54.jpg 80w, https:\/\/www.varprovence-cruise.com\/fr\/wp-content\/uploads\/sites\/2\/2022\/10\/thalazur-bandol-copyright-83x56.jpg 83w, https:\/\/www.varprovence-cruise.com\/fr\/wp-content\/uploads\/sites\/2\/2022\/10\/thalazur-bandol-copyright-165x112.jpg 165w, https:\/\/www.varprovence-cruise.com\/fr\/wp-content\/uploads\/sites\/2\/2022\/10\/thalazur-bandol-copyright-88x60.jpg 88w, https:\/\/www.varprovence-cruise.com\/fr\/wp-content\/uploads\/sites\/2\/2022\/10\/thalazur-bandol-copyright-86x58.jpg 86w\" sizes=\"(max-width: 231px) 100vw, 231px\" \/><\/a>Apr\u00e8s-midi libre \u00e0 Bendor\u2026<\/strong><\/p>\n<p>Ou si vous pr\u00e9f\u00e9rez, vous pouvez opter pour un spa une fois de retour \u00e0 Bandol ; laissez-vous chouchouter : enveloppement aux algues ou \u00e0 la boue, soins du visage, massage ou tout simplement profitez de la piscine au sel du Spa Thalazur de l&rsquo;Ile Rousse.<\/p>\n<h3>Que faire:<\/h3>\n<p><strong>1\/ Visite de l&rsquo;\u00eele<br \/>\n<\/strong><\/p>\n<ul>\n<li>La balade en barque \u00ab pointu \u00bb<\/li>\n<li>La visite exquise de l&rsquo;\u00eele accompagn\u00e9e ou en autonomie<\/li>\n<li>La balade en petit train touristique<\/li>\n<li>Le Village des cr\u00e9ateurs sur l&rsquo;\u00eele<\/li>\n<\/ul>\n<p><strong>Pour plus d&rsquo;informations:<\/strong><br \/>\nD\u00e9jeuner dans l&rsquo;un des restaurants de l&rsquo;\u00eele<br \/>\nUne partie de p\u00e9tanque apr\u00e8s le d\u00e9jeuner<\/p>\n<p><em>Dur\u00e9e : environ 2 \u00e0 3 h selon la formule<\/em><\/p>\n<p>2\/ Un <strong>apr\u00e8s-midi au<\/strong> <strong>Spa Thalazur de l&rsquo;Ile Rousse \u00e0 Bandol\u00a0<\/strong> pour vous d\u00e9tendre de votre visite de 3 heures de l&rsquo;\u00eele de Bendor.<\/p>\n<p><strong>Vous aimerez:<\/strong><\/p>\n<ul>\n<li>L&rsquo;escapade sur l&rsquo;\u00eele<\/li>\n<li>La balade \u00ab pointu \u00bb<\/li>\n<li>Vous faire dorloter au spa<\/li>\n<\/ul>\n<p><em>Dur\u00e9e : environ 5 h (selon la formule)<\/em><\/p>\n","protected":false},"excerpt":{"rendered":"<p>Bendor, l&rsquo;escapade secr\u00e8te\u2026 Situ\u00e9e au large de Bandol, l&lsquo;\u00eele priv\u00e9e de Bendor est un tr\u00e9sor cach\u00e9 de la Provence varoise avec un acc\u00e8s facile toute l&rsquo;ann\u00e9e. Les invit\u00e9s partiront du quai de Bandol \u00e0 bord d&rsquo;un traditionnel \u00ab\u00a0Pointu\u00a0\u00bb, bateau de p\u00eache ancestral en bois qui doit son nom \u00e0 la proue et \u00e0 la poupe [&hellip;]<\/p>\n","protected":false},"author":2,"featured_media":19064,"parent":147,"menu_order":0,"comment_status":"closed","ping_status":"closed","template":"","meta":[],"_links":{"self":[{"href":"https:\/\/www.varprovence-cruise.com\/fr\/wp-json\/wp\/v2\/pages\/19060"}],"collection":[{"href":"https:\/\/www.varprovence-cruise.com\/fr\/wp-json\/wp\/v2\/pages"}],"about":[{"href":"https:\/\/www.varprovence-cruise.com\/fr\/wp-json\/wp\/v2\/types\/page"}],"author":[{"embeddable":true,"href":"https:\/\/www.varprovence-cruise.com\/fr\/wp-json\/wp\/v2\/users\/2"}],"replies":[{"embeddable":true,"href":"https:\/\/www.varprovence-cruise.com\/fr\/wp-json\/wp\/v2\/comments?post=19060"}],"version-history":[{"count":6,"href":"https:\/\/www.varprovence-cruise.com\/fr\/wp-json\/wp\/v2\/pages\/19060\/revisions"}],"predecessor-version":[{"id":19075,"href":"https:\/\/www.varprovence-cruise.com\/fr\/wp-json\/wp\/v2\/pages\/19060\/revisions\/19075"}],"up":[{"embeddable":true,"href":"https:\/\/www.varprovence-cruise.com\/fr\/wp-json\/wp\/v2\/pages\/147"}],"wp:featuredmedia":[{"embeddable":true,"href":"https:\/\/www.varprovence-cruise.com\/fr\/wp-json\/wp\/v2\/media\/19064"}],"wp:attachment":[{"href":"https:\/\/www.varprovence-cruise.com\/fr\/wp-json\/wp\/v2\/media?parent=19060"}],"curies":[{"name":"wp","href":"https:\/\/api.w.org\/{rel}","templated":true}]}}