{"id":19001,"date":"2022-10-21T11:04:10","date_gmt":"2022-10-21T09:04:10","guid":{"rendered":"https:\/\/www.varprovence-cruise.com\/fr\/?page_id=19001"},"modified":"2022-10-21T11:10:27","modified_gmt":"2022-10-21T09:10:27","slug":"activites-au-mont-faron-toulon","status":"publish","type":"page","link":"https:\/\/www.varprovence-cruise.com\/fr\/experience-var-provence\/idees-dexcursions\/activites-au-mont-faron-toulon\/","title":{"rendered":"Activit\u00e9s au Mont Faron, Toulon"},"content":{"rendered":"<h2>Sous l&rsquo;\u0153il attentif du Mont Faron\u2026<\/h2>\n<p>Le Mont Faron n&rsquo;est situ\u00e9 qu&rsquo;\u00e0 quelques minutes de Toulon et de la Seyne-sur-Mer. La colline &#8211; haute de 600 m\u00e8tres &#8211; offre un large \u00e9ventail de randonn\u00e9es (de facile \u00e0 difficile) \u00e0 d\u00e9couvrir \u00e0 pied, en VTT ou \u00e0 cheval. Les tours d\u00e9fensives &#8211; diss\u00e9min\u00e9es sur ses pentes &#8211; rappellent l&rsquo;\u00e9poque o\u00f9 la baie et le port n\u00e9cessitaient une protection contre les assauts potentiels par la mer.<\/p>\n<p>Le t\u00e9l\u00e9ph\u00e9rique rouge qui relie Toulon au \u00ab\u00a0pic du Faron\u00a0\u00bb vous montera en moins de 10 minutes. Depuis les terrasses sup\u00e9rieures, le panorama est \u00e9poustouflant et parle de lui-m\u00eame : vous avez bel et bien fait escale dans la baie la plus s\u00fbre d&rsquo;Europe !<br \/>\nAu sommet, visitez le M\u00e9morial du D\u00e9barquement de Provence de la Seconde Guerre mondiale, h\u00e9berg\u00e9 dans la tour Beaumont, une vieille dame originaire de 1845 qui a connu quelques r\u00e9novations (la derni\u00e8re en 2017) pour accueillir les visiteurs.<\/p>\n<p><strong>Vous recherchez une activit\u00e9 pour compl\u00e9ter votre sortie en t\u00e9l\u00e9ph\u00e9rique et votre visite du M\u00e9morial ?<\/strong><br \/>\nIl existe une courte promenade qui vous m\u00e8nera du M\u00e9morial \u00e0 la \u00ab\u00a0Croix Radieuse\u00a0\u00bb o\u00f9 l&rsquo;on trouve un splendide belv\u00e9d\u00e8re. L&rsquo;\u00e9quitation, le VTT ou la randonn\u00e9e sont d&rsquo;excellentes alternatives \u00e0 l&rsquo;exploration classique. Pendant le circuit, vous profiterez de points de vue pour admirer le panorama exceptionnel et d\u00e9couvrirez la flore m\u00e9diterran\u00e9enne.<\/p>\n<p><a href=\"https:\/\/www.varprovence-cruise.com\/fr\/wp-content\/uploads\/sites\/2\/2020\/04\/cable-car_mont-faron-toulonclaurent-perrier-ville-de-toulon.jpg\"><img loading=\"lazy\" class=\"wp-image-3336 aligncenter\" src=\"https:\/\/www.varprovence-cruise.com\/fr\/wp-content\/uploads\/sites\/2\/2020\/04\/cable-car_mont-faron-toulonclaurent-perrier-ville-de-toulon.jpg\" alt=\"\" width=\"330\" height=\"220\" srcset=\"https:\/\/www.varprovence-cruise.com\/fr\/wp-content\/uploads\/sites\/2\/2020\/04\/cable-car_mont-faron-toulonclaurent-perrier-ville-de-toulon.jpg 2362w, https:\/\/www.varprovence-cruise.com\/fr\/wp-content\/uploads\/sites\/2\/2020\/04\/cable-car_mont-faron-toulonclaurent-perrier-ville-de-toulon-300x200.jpg 300w, https:\/\/www.varprovence-cruise.com\/fr\/wp-content\/uploads\/sites\/2\/2020\/04\/cable-car_mont-faron-toulonclaurent-perrier-ville-de-toulon-768x512.jpg 768w, https:\/\/www.varprovence-cruise.com\/fr\/wp-content\/uploads\/sites\/2\/2020\/04\/cable-car_mont-faron-toulonclaurent-perrier-ville-de-toulon-1024x683.jpg 1024w, https:\/\/www.varprovence-cruise.com\/fr\/wp-content\/uploads\/sites\/2\/2020\/04\/cable-car_mont-faron-toulonclaurent-perrier-ville-de-toulon-767x511.jpg 767w, https:\/\/www.varprovence-cruise.com\/fr\/wp-content\/uploads\/sites\/2\/2020\/04\/cable-car_mont-faron-toulonclaurent-perrier-ville-de-toulon-1023x682.jpg 1023w, https:\/\/www.varprovence-cruise.com\/fr\/wp-content\/uploads\/sites\/2\/2020\/04\/cable-car_mont-faron-toulonclaurent-perrier-ville-de-toulon-1800x1200.jpg 1800w, https:\/\/www.varprovence-cruise.com\/fr\/wp-content\/uploads\/sites\/2\/2020\/04\/cable-car_mont-faron-toulonclaurent-perrier-ville-de-toulon-180x120.jpg 180w, https:\/\/www.varprovence-cruise.com\/fr\/wp-content\/uploads\/sites\/2\/2020\/04\/cable-car_mont-faron-toulonclaurent-perrier-ville-de-toulon-315x210.jpg 315w, https:\/\/www.varprovence-cruise.com\/fr\/wp-content\/uploads\/sites\/2\/2020\/04\/cable-car_mont-faron-toulonclaurent-perrier-ville-de-toulon-380x253.jpg 380w, https:\/\/www.varprovence-cruise.com\/fr\/wp-content\/uploads\/sites\/2\/2020\/04\/cable-car_mont-faron-toulonclaurent-perrier-ville-de-toulon-44x29.jpg 44w, https:\/\/www.varprovence-cruise.com\/fr\/wp-content\/uploads\/sites\/2\/2020\/04\/cable-car_mont-faron-toulonclaurent-perrier-ville-de-toulon-80x53.jpg 80w, https:\/\/www.varprovence-cruise.com\/fr\/wp-content\/uploads\/sites\/2\/2020\/04\/cable-car_mont-faron-toulonclaurent-perrier-ville-de-toulon-83x55.jpg 83w, https:\/\/www.varprovence-cruise.com\/fr\/wp-content\/uploads\/sites\/2\/2020\/04\/cable-car_mont-faron-toulonclaurent-perrier-ville-de-toulon-165x110.jpg 165w, https:\/\/www.varprovence-cruise.com\/fr\/wp-content\/uploads\/sites\/2\/2020\/04\/cable-car_mont-faron-toulonclaurent-perrier-ville-de-toulon-45x30.jpg 45w, https:\/\/www.varprovence-cruise.com\/fr\/wp-content\/uploads\/sites\/2\/2020\/04\/cable-car_mont-faron-toulonclaurent-perrier-ville-de-toulon-90x60.jpg 90w, https:\/\/www.varprovence-cruise.com\/fr\/wp-content\/uploads\/sites\/2\/2020\/04\/cable-car_mont-faron-toulonclaurent-perrier-ville-de-toulon-86x57.jpg 86w\" sizes=\"(max-width: 330px) 100vw, 330px\" \/><\/a><\/p>\n<h3>Que faire:<\/h3>\n<p><strong>Un parcours guid\u00e9 sur le Mont Faron :<\/strong><\/p>\n<ul>\n<li>Un court mais agr\u00e9able trajet en t\u00e9l\u00e9ph\u00e9rique<\/li>\n<li>La visite du Mus\u00e9e du D\u00e9barquement de Provence de la Seconde Guerre mondiale avec les derni\u00e8res technologies et un acc\u00e8s accessible \u00e0 tous pour une exploration ludique<\/li>\n<li>Des circuits actifs que vous aimiez le VTT, l&rsquo;\u00e9quitation ou simplement la randonn\u00e9e ! Tous les niveaux pour s&rsquo;adapter \u00e0 tous.<\/li>\n<\/ul>\n<p>Pour aller plus loin :<br \/>\nD\u00e9jeuner dans un restaurant du centre-ville suivi l&rsquo;apr\u00e8s-midi d&rsquo;une visite d&rsquo;un domaine viticole ou d&rsquo;un moment d\u00e9tente aux Plages du Mourillon.<\/p>\n<p>*Veuillez noter qu&rsquo;en raison des conditions m\u00e9t\u00e9orologiques (les jours de vent fort), le t\u00e9l\u00e9ph\u00e9rique peut \u00eatre ferm\u00e9 au dernier moment.<\/p>\n","protected":false},"excerpt":{"rendered":"<p>Sous l&rsquo;\u0153il attentif du Mont Faron\u2026 Le Mont Faron n&rsquo;est situ\u00e9 qu&rsquo;\u00e0 quelques minutes de Toulon et de la Seyne-sur-Mer. La colline &#8211; haute de 600 m\u00e8tres &#8211; offre un large \u00e9ventail de randonn\u00e9es (de facile \u00e0 difficile) \u00e0 d\u00e9couvrir \u00e0 pied, en VTT ou \u00e0 cheval. Les tours d\u00e9fensives &#8211; diss\u00e9min\u00e9es sur ses pentes [&hellip;]<\/p>\n","protected":false},"author":2,"featured_media":3342,"parent":147,"menu_order":0,"comment_status":"closed","ping_status":"closed","template":"","meta":[],"_links":{"self":[{"href":"https:\/\/www.varprovence-cruise.com\/fr\/wp-json\/wp\/v2\/pages\/19001"}],"collection":[{"href":"https:\/\/www.varprovence-cruise.com\/fr\/wp-json\/wp\/v2\/pages"}],"about":[{"href":"https:\/\/www.varprovence-cruise.com\/fr\/wp-json\/wp\/v2\/types\/page"}],"author":[{"embeddable":true,"href":"https:\/\/www.varprovence-cruise.com\/fr\/wp-json\/wp\/v2\/users\/2"}],"replies":[{"embeddable":true,"href":"https:\/\/www.varprovence-cruise.com\/fr\/wp-json\/wp\/v2\/comments?post=19001"}],"version-history":[{"count":3,"href":"https:\/\/www.varprovence-cruise.com\/fr\/wp-json\/wp\/v2\/pages\/19001\/revisions"}],"predecessor-version":[{"id":19014,"href":"https:\/\/www.varprovence-cruise.com\/fr\/wp-json\/wp\/v2\/pages\/19001\/revisions\/19014"}],"up":[{"embeddable":true,"href":"https:\/\/www.varprovence-cruise.com\/fr\/wp-json\/wp\/v2\/pages\/147"}],"wp:featuredmedia":[{"embeddable":true,"href":"https:\/\/www.varprovence-cruise.com\/fr\/wp-json\/wp\/v2\/media\/3342"}],"wp:attachment":[{"href":"https:\/\/www.varprovence-cruise.com\/fr\/wp-json\/wp\/v2\/media?parent=19001"}],"curies":[{"name":"wp","href":"https:\/\/api.w.org\/{rel}","templated":true}]}}