{"id":18963,"date":"2022-10-20T11:11:53","date_gmt":"2022-10-20T09:11:53","guid":{"rendered":"https:\/\/www.varprovence-cruise.com\/fr\/?page_id=18963"},"modified":"2022-10-21T09:38:33","modified_gmt":"2022-10-21T07:38:33","slug":"lhuile-dolive-a-travers-lhistoire-moulin-de-callas","status":"publish","type":"page","link":"https:\/\/www.varprovence-cruise.com\/fr\/experience-var-provence\/idees-dexcursions\/lhuile-dolive-a-travers-lhistoire-moulin-de-callas\/","title":{"rendered":"L&rsquo;huile d&rsquo;olive \u00e0 travers l&rsquo;histoire: Moulin de Callas"},"content":{"rendered":"<h2>D\u00e9couvrez le processus de fabrication de l&rsquo;huile d&rsquo;olive \u00e0 travers les \u00e2ges<\/h2>\n<p>Le savoir-faire de 4 g\u00e9n\u00e9rations alli\u00e9 aux nouvelles technologies ol\u00e9icoles permet au Moulin Callas de transformer plus de 300 tonnes d&rsquo;olives dans un nouvel atelier parfaitement int\u00e9gr\u00e9 \u00e0 l&rsquo;esprit du lieu.<br \/>\nLe Moulin de Callas produit une huile unique, soigneusement s\u00e9lectionn\u00e9e par le ma\u00eetre meunier et maintes fois prim\u00e9e au Concours G\u00e9n\u00e9ral Agricole de Paris, avec \u00e9galement une large gamme de produits artisanaux.<br \/>\nTerre de pr\u00e9dilection du \u00ab\u00a0Ribier\u00a0\u00bb, petite olive ronde r\u00e9colt\u00e9e en novembre, Callas poss\u00e8de un pass\u00e9 ol\u00e9icole ancestral. Au d\u00e9but du si\u00e8cle, le territoire de Callas \u00e9tait recouvert de for\u00eats d&rsquo;oliviers. Arbre particuli\u00e8rement r\u00e9sistant, il a travers\u00e9 les si\u00e8cles et les gel\u00e9es successives qui ont frapp\u00e9 ce coin de Provence.<\/p>\n<p><strong>L&rsquo;ancien moulin communal :<\/strong><br \/>\nAncien moulin hydraulique pour la production d&rsquo;huile, fond\u00e9 au XVIII\u00e8me si\u00e8cle, il a fonctionn\u00e9 jusqu&rsquo;au grand gel de 1956. Vous apprendrez comment sont cueillies les olives, comment la p\u00e2te d&rsquo;olive est pr\u00e9par\u00e9e et comment elle est press\u00e9e pour en extraire la pr\u00e9cieuse huile.<\/p>\n<p><strong>Moulin de Callas :<\/strong><br \/>\nVous pourrez comparer les m\u00e9thodes de l&rsquo;ancien moulin communal avec ce \u00ab\u00a0nouveau\u00a0\u00bb moulin qui b\u00e9n\u00e9ficie des \u00e9quipements les plus r\u00e9cents. On vous promet que seul le process a \u00e9volu\u00e9 ! Le go\u00fbt authentique de l&rsquo;huile d&rsquo;olive de Provence a r\u00e9sist\u00e9 \u00e0 l&rsquo;\u00e9preuve du temps.<\/p>\n<p><a href=\"https:\/\/www.varprovence-cruise.com\/fr\/wp-content\/uploads\/sites\/2\/2022\/10\/callas.png\"><img loading=\"lazy\" width=\"759\" height=\"201\" class=\"alignnone size-full wp-image-18971\" src=\"https:\/\/www.varprovence-cruise.com\/fr\/wp-content\/uploads\/sites\/2\/2022\/10\/callas.png\" alt=\"\" srcset=\"https:\/\/www.varprovence-cruise.com\/fr\/wp-content\/uploads\/sites\/2\/2022\/10\/callas.png 759w, https:\/\/www.varprovence-cruise.com\/fr\/wp-content\/uploads\/sites\/2\/2022\/10\/callas-300x79.png 300w, https:\/\/www.varprovence-cruise.com\/fr\/wp-content\/uploads\/sites\/2\/2022\/10\/callas-180x48.png 180w, https:\/\/www.varprovence-cruise.com\/fr\/wp-content\/uploads\/sites\/2\/2022\/10\/callas-315x83.png 315w, https:\/\/www.varprovence-cruise.com\/fr\/wp-content\/uploads\/sites\/2\/2022\/10\/callas-380x101.png 380w, https:\/\/www.varprovence-cruise.com\/fr\/wp-content\/uploads\/sites\/2\/2022\/10\/callas-44x12.png 44w, https:\/\/www.varprovence-cruise.com\/fr\/wp-content\/uploads\/sites\/2\/2022\/10\/callas-80x21.png 80w, https:\/\/www.varprovence-cruise.com\/fr\/wp-content\/uploads\/sites\/2\/2022\/10\/callas-83x22.png 83w, https:\/\/www.varprovence-cruise.com\/fr\/wp-content\/uploads\/sites\/2\/2022\/10\/callas-165x44.png 165w, https:\/\/www.varprovence-cruise.com\/fr\/wp-content\/uploads\/sites\/2\/2022\/10\/callas-113x30.png 113w, https:\/\/www.varprovence-cruise.com\/fr\/wp-content\/uploads\/sites\/2\/2022\/10\/callas-227x60.png 227w, https:\/\/www.varprovence-cruise.com\/fr\/wp-content\/uploads\/sites\/2\/2022\/10\/callas-86x23.png 86w\" sizes=\"(max-width: 759px) 100vw, 759px\" \/><\/a><\/p>\n<h3>Que faire:<\/h3>\n<p><strong>\u00c0 la d\u00e9couverte des moulins \u00e0 travers les si\u00e8cles<\/strong><\/p>\n<ul>\n<li>Visite guid\u00e9e de l&rsquo;ancien moulin communal de Callas : 45 minutes<\/li>\n<li>D\u00e9gustation d&rsquo;huile d&rsquo;olive au Moulin B\u00e9renguier \u00e0 Callas : 30 minutes + 15 minutes en boutique au choix<\/li>\n<li>D\u00e9gustation au Domaine du Plan \u00e0 Callas : 30 \u00e0 45 minutes + 15 minutes en boutique au choix<\/li>\n<\/ul>\n<p><em>Dur\u00e9e totale : environ 2h30<br \/>\n<\/em>Offre pour un minimum de 15 personnes<\/p>\n","protected":false},"excerpt":{"rendered":"<p>D\u00e9couvrez le processus de fabrication de l&rsquo;huile d&rsquo;olive \u00e0 travers les \u00e2ges Le savoir-faire de 4 g\u00e9n\u00e9rations alli\u00e9 aux nouvelles technologies ol\u00e9icoles permet au Moulin Callas de transformer plus de 300 tonnes d&rsquo;olives dans un nouvel atelier parfaitement int\u00e9gr\u00e9 \u00e0 l&rsquo;esprit du lieu. Le Moulin de Callas produit une huile unique, soigneusement s\u00e9lectionn\u00e9e par le [&hellip;]<\/p>\n","protected":false},"author":2,"featured_media":18970,"parent":147,"menu_order":0,"comment_status":"closed","ping_status":"closed","template":"","meta":[],"_links":{"self":[{"href":"https:\/\/www.varprovence-cruise.com\/fr\/wp-json\/wp\/v2\/pages\/18963"}],"collection":[{"href":"https:\/\/www.varprovence-cruise.com\/fr\/wp-json\/wp\/v2\/pages"}],"about":[{"href":"https:\/\/www.varprovence-cruise.com\/fr\/wp-json\/wp\/v2\/types\/page"}],"author":[{"embeddable":true,"href":"https:\/\/www.varprovence-cruise.com\/fr\/wp-json\/wp\/v2\/users\/2"}],"replies":[{"embeddable":true,"href":"https:\/\/www.varprovence-cruise.com\/fr\/wp-json\/wp\/v2\/comments?post=18963"}],"version-history":[{"count":4,"href":"https:\/\/www.varprovence-cruise.com\/fr\/wp-json\/wp\/v2\/pages\/18963\/revisions"}],"predecessor-version":[{"id":18976,"href":"https:\/\/www.varprovence-cruise.com\/fr\/wp-json\/wp\/v2\/pages\/18963\/revisions\/18976"}],"up":[{"embeddable":true,"href":"https:\/\/www.varprovence-cruise.com\/fr\/wp-json\/wp\/v2\/pages\/147"}],"wp:featuredmedia":[{"embeddable":true,"href":"https:\/\/www.varprovence-cruise.com\/fr\/wp-json\/wp\/v2\/media\/18970"}],"wp:attachment":[{"href":"https:\/\/www.varprovence-cruise.com\/fr\/wp-json\/wp\/v2\/media?parent=18963"}],"curies":[{"name":"wp","href":"https:\/\/api.w.org\/{rel}","templated":true}]}}