{"id":18951,"date":"2022-10-19T15:36:18","date_gmt":"2022-10-19T13:36:18","guid":{"rendered":"https:\/\/www.varprovence-cruise.com\/fr\/?page_id=18951"},"modified":"2022-10-19T15:45:17","modified_gmt":"2022-10-19T13:45:17","slug":"musee-des-arts-et-traditions-populaires","status":"publish","type":"page","link":"https:\/\/www.varprovence-cruise.com\/fr\/experience-var-provence\/idees-dexcursions\/musee-des-arts-et-traditions-populaires\/","title":{"rendered":"Mus\u00e9e des Arts et Traditions Populaires"},"content":{"rendered":"<h2>D\u00e9couvrez l&rsquo;histoire du Mus\u00e9e<\/h2>\n<p>Un mus\u00e9e ethnologique qui retrace la vie quotidienne des habitants des XIXe et XXe si\u00e8cles. Situ\u00e9 au <span class=\"ILfuVd\" lang=\"fr\"><span class=\"hgKElc\">c\u0153ur<\/span><\/span> de la ville, le Mus\u00e9e a \u00e9t\u00e9 cr\u00e9\u00e9 sous l&rsquo;impulsion de l&rsquo;association de sauvegarde des Arts et Traditions populaires de Moyenne Provence dans les ann\u00e9es 1980. Des guides exp\u00e9riment\u00e9s vous parleront des traditions et savoir-faire agricoles, industriels, religieux et des festivit\u00e9s. Des expositions et des \u00e9v\u00e9nements relient le pass\u00e9 \u00e0 la r\u00e9alit\u00e9 d&rsquo;aujourd&rsquo;hui. Les produits locaux et l&rsquo;artisanat sont disponibles dans la boutique du mus\u00e9e.<\/p>\n<p style=\"text-align: center;\"><a href=\"https:\/\/www.varprovence-cruise.com\/fr\/wp-content\/uploads\/sites\/2\/2022\/10\/musee-des-arts-et-traditions-populaires-camille-moirenc-2.jpg\"><img loading=\"lazy\" class=\"alignnone  wp-image-18954\" src=\"https:\/\/www.varprovence-cruise.com\/fr\/wp-content\/uploads\/sites\/2\/2022\/10\/musee-des-arts-et-traditions-populaires-camille-moirenc-2.jpg\" alt=\"\" width=\"278\" height=\"185\" srcset=\"https:\/\/www.varprovence-cruise.com\/fr\/wp-content\/uploads\/sites\/2\/2022\/10\/musee-des-arts-et-traditions-populaires-camille-moirenc-2.jpg 1280w, https:\/\/www.varprovence-cruise.com\/fr\/wp-content\/uploads\/sites\/2\/2022\/10\/musee-des-arts-et-traditions-populaires-camille-moirenc-2-300x200.jpg 300w, https:\/\/www.varprovence-cruise.com\/fr\/wp-content\/uploads\/sites\/2\/2022\/10\/musee-des-arts-et-traditions-populaires-camille-moirenc-2-1024x682.jpg 1024w, https:\/\/www.varprovence-cruise.com\/fr\/wp-content\/uploads\/sites\/2\/2022\/10\/musee-des-arts-et-traditions-populaires-camille-moirenc-2-768x512.jpg 768w, https:\/\/www.varprovence-cruise.com\/fr\/wp-content\/uploads\/sites\/2\/2022\/10\/musee-des-arts-et-traditions-populaires-camille-moirenc-2-767x511.jpg 767w, https:\/\/www.varprovence-cruise.com\/fr\/wp-content\/uploads\/sites\/2\/2022\/10\/musee-des-arts-et-traditions-populaires-camille-moirenc-2-1023x682.jpg 1023w, https:\/\/www.varprovence-cruise.com\/fr\/wp-content\/uploads\/sites\/2\/2022\/10\/musee-des-arts-et-traditions-populaires-camille-moirenc-2-180x120.jpg 180w, https:\/\/www.varprovence-cruise.com\/fr\/wp-content\/uploads\/sites\/2\/2022\/10\/musee-des-arts-et-traditions-populaires-camille-moirenc-2-315x210.jpg 315w, https:\/\/www.varprovence-cruise.com\/fr\/wp-content\/uploads\/sites\/2\/2022\/10\/musee-des-arts-et-traditions-populaires-camille-moirenc-2-380x253.jpg 380w, https:\/\/www.varprovence-cruise.com\/fr\/wp-content\/uploads\/sites\/2\/2022\/10\/musee-des-arts-et-traditions-populaires-camille-moirenc-2-44x29.jpg 44w, https:\/\/www.varprovence-cruise.com\/fr\/wp-content\/uploads\/sites\/2\/2022\/10\/musee-des-arts-et-traditions-populaires-camille-moirenc-2-80x53.jpg 80w, https:\/\/www.varprovence-cruise.com\/fr\/wp-content\/uploads\/sites\/2\/2022\/10\/musee-des-arts-et-traditions-populaires-camille-moirenc-2-83x55.jpg 83w, https:\/\/www.varprovence-cruise.com\/fr\/wp-content\/uploads\/sites\/2\/2022\/10\/musee-des-arts-et-traditions-populaires-camille-moirenc-2-165x110.jpg 165w, https:\/\/www.varprovence-cruise.com\/fr\/wp-content\/uploads\/sites\/2\/2022\/10\/musee-des-arts-et-traditions-populaires-camille-moirenc-2-45x30.jpg 45w, https:\/\/www.varprovence-cruise.com\/fr\/wp-content\/uploads\/sites\/2\/2022\/10\/musee-des-arts-et-traditions-populaires-camille-moirenc-2-90x60.jpg 90w, https:\/\/www.varprovence-cruise.com\/fr\/wp-content\/uploads\/sites\/2\/2022\/10\/musee-des-arts-et-traditions-populaires-camille-moirenc-2-86x57.jpg 86w\" sizes=\"(max-width: 278px) 100vw, 278px\" \/><\/a><\/p>\n<h3>Que faire:<\/h3>\n<ul>\n<li><strong>\u00c0 la d\u00e9couverte de l&rsquo;art de vivre proven\u00e7al<\/strong><\/li>\n<\/ul>\n<p>Dans ce programme, le Mus\u00e9e vous propose une visite du mus\u00e9e et une d\u00e9gustation de produits locaux. Vous parcourrez les sections de\u00a0 consacr\u00e9es \u00e0 l&rsquo;agriculture, \u00e0 la viticulture, \u00e0 l&rsquo;ol\u00e9iculture, au travail du li\u00e8ge, \u00e0 l&rsquo;apiculture, aux tomette de Salernes, \u00e0 la vie quotidienne et au folklore<\/p>\n<p><em>Dur\u00e9e : 1H30,<\/em><\/p>\n<ul>\n<li><strong>D\u00e9gustation de produits du terroir proven\u00e7al<\/strong><\/li>\n<\/ul>\n<p><em>Dur\u00e9e : 30 minutes<\/em><\/p>\n<p>&nbsp;<\/p>\n","protected":false},"excerpt":{"rendered":"<p>D\u00e9couvrez l&rsquo;histoire du Mus\u00e9e Un mus\u00e9e ethnologique qui retrace la vie quotidienne des habitants des XIXe et XXe si\u00e8cles. Situ\u00e9 au c\u0153ur de la ville, le Mus\u00e9e a \u00e9t\u00e9 cr\u00e9\u00e9 sous l&rsquo;impulsion de l&rsquo;association de sauvegarde des Arts et Traditions populaires de Moyenne Provence dans les ann\u00e9es 1980. Des guides exp\u00e9riment\u00e9s vous parleront des traditions [&hellip;]<\/p>\n","protected":false},"author":2,"featured_media":18956,"parent":147,"menu_order":0,"comment_status":"closed","ping_status":"closed","template":"","meta":[],"_links":{"self":[{"href":"https:\/\/www.varprovence-cruise.com\/fr\/wp-json\/wp\/v2\/pages\/18951"}],"collection":[{"href":"https:\/\/www.varprovence-cruise.com\/fr\/wp-json\/wp\/v2\/pages"}],"about":[{"href":"https:\/\/www.varprovence-cruise.com\/fr\/wp-json\/wp\/v2\/types\/page"}],"author":[{"embeddable":true,"href":"https:\/\/www.varprovence-cruise.com\/fr\/wp-json\/wp\/v2\/users\/2"}],"replies":[{"embeddable":true,"href":"https:\/\/www.varprovence-cruise.com\/fr\/wp-json\/wp\/v2\/comments?post=18951"}],"version-history":[{"count":4,"href":"https:\/\/www.varprovence-cruise.com\/fr\/wp-json\/wp\/v2\/pages\/18951\/revisions"}],"predecessor-version":[{"id":18964,"href":"https:\/\/www.varprovence-cruise.com\/fr\/wp-json\/wp\/v2\/pages\/18951\/revisions\/18964"}],"up":[{"embeddable":true,"href":"https:\/\/www.varprovence-cruise.com\/fr\/wp-json\/wp\/v2\/pages\/147"}],"wp:featuredmedia":[{"embeddable":true,"href":"https:\/\/www.varprovence-cruise.com\/fr\/wp-json\/wp\/v2\/media\/18956"}],"wp:attachment":[{"href":"https:\/\/www.varprovence-cruise.com\/fr\/wp-json\/wp\/v2\/media?parent=18951"}],"curies":[{"name":"wp","href":"https:\/\/api.w.org\/{rel}","templated":true}]}}