{"id":18931,"date":"2022-10-19T12:15:48","date_gmt":"2022-10-19T10:15:48","guid":{"rendered":"https:\/\/www.varprovence-cruise.com\/fr\/?page_id=18931"},"modified":"2022-10-19T14:32:48","modified_gmt":"2022-10-19T12:32:48","slug":"decouverte-dune-pepiniere-varoise-producteur-de-plants-cymbidium-et-fraises","status":"publish","type":"page","link":"https:\/\/www.varprovence-cruise.com\/fr\/experience-var-provence\/idees-dexcursions\/decouverte-dune-pepiniere-varoise-producteur-de-plants-cymbidium-et-fraises\/","title":{"rendered":"D\u00e9couverte d&rsquo;une p\u00e9pini\u00e8re varoise, Producteur de plants, cymbidium et fraises"},"content":{"rendered":"<h2>D\u00e9couvrez une p\u00e9pini\u00e8re varoise et ses plantes m\u00e9diterran\u00e9ennes<\/h2>\n<p>En vous baladant dans les all\u00e9es, vous d\u00e9couvrirez les nombreuses vari\u00e9t\u00e9s de plantes m\u00e9diterran\u00e9ennes, adapt\u00e9es au climat de notre r\u00e9gion.<\/p>\n<p>Des succulentes aux palmiers en passant par l&rsquo;incontournable olivier, nous vous parlerons de la sp\u00e9cificit\u00e9 de chacune de ces vari\u00e9t\u00e9s, de leur besoin de plantation, de leur r\u00e9sistance et des endroits o\u00f9 ces plantes se sentent bien. Beaucoup de nos plantes pourraient \u00e9galement prosp\u00e9rer chez vous ! Vous aurez \u00e9galement acc\u00e8s \u00e0 notre production de l&rsquo;orchid\u00e9e Cymbidium qui pousse entre les mois d&rsquo;octobre et d&rsquo;avril.<\/p>\n<p><strong>Fraises d&rsquo;Hy\u00e8res<\/strong><\/p>\n<p>Selon la p\u00e9riode de votre visite (entre janvier et ao\u00fbt), nous pourrons \u00e9galement vous faire d\u00e9couvrir notre production de fraises. Nous produisons 4 \u00e0 5 vari\u00e9t\u00e9s de fraises chaque ann\u00e9e : charnue, sucr\u00e9e, rouge ou orang\u00e9e, autant de sp\u00e9cificit\u00e9s selon les vari\u00e9t\u00e9s.<\/p>\n<p><a href=\"https:\/\/www.varprovence-cruise.com\/fr\/wp-content\/uploads\/sites\/2\/2022\/10\/pepinierevalbray3.jpg\"><img loading=\"lazy\" class=\"wp-image-18936 aligncenter\" src=\"https:\/\/www.varprovence-cruise.com\/fr\/wp-content\/uploads\/sites\/2\/2022\/10\/pepinierevalbray3.jpg\" alt=\"\" width=\"293\" height=\"230\" srcset=\"https:\/\/www.varprovence-cruise.com\/fr\/wp-content\/uploads\/sites\/2\/2022\/10\/pepinierevalbray3.jpg 598w, https:\/\/www.varprovence-cruise.com\/fr\/wp-content\/uploads\/sites\/2\/2022\/10\/pepinierevalbray3-300x236.jpg 300w, https:\/\/www.varprovence-cruise.com\/fr\/wp-content\/uploads\/sites\/2\/2022\/10\/pepinierevalbray3-180x141.jpg 180w, https:\/\/www.varprovence-cruise.com\/fr\/wp-content\/uploads\/sites\/2\/2022\/10\/pepinierevalbray3-315x248.jpg 315w, https:\/\/www.varprovence-cruise.com\/fr\/wp-content\/uploads\/sites\/2\/2022\/10\/pepinierevalbray3-380x299.jpg 380w, https:\/\/www.varprovence-cruise.com\/fr\/wp-content\/uploads\/sites\/2\/2022\/10\/pepinierevalbray3-44x35.jpg 44w, https:\/\/www.varprovence-cruise.com\/fr\/wp-content\/uploads\/sites\/2\/2022\/10\/pepinierevalbray3-80x63.jpg 80w, https:\/\/www.varprovence-cruise.com\/fr\/wp-content\/uploads\/sites\/2\/2022\/10\/pepinierevalbray3-83x65.jpg 83w, https:\/\/www.varprovence-cruise.com\/fr\/wp-content\/uploads\/sites\/2\/2022\/10\/pepinierevalbray3-165x130.jpg 165w, https:\/\/www.varprovence-cruise.com\/fr\/wp-content\/uploads\/sites\/2\/2022\/10\/pepinierevalbray3-38x30.jpg 38w, https:\/\/www.varprovence-cruise.com\/fr\/wp-content\/uploads\/sites\/2\/2022\/10\/pepinierevalbray3-76x60.jpg 76w, https:\/\/www.varprovence-cruise.com\/fr\/wp-content\/uploads\/sites\/2\/2022\/10\/pepinierevalbray3-86x68.jpg 86w\" sizes=\"(max-width: 293px) 100vw, 293px\" \/><\/a><\/p>\n<h3>Que faire:<\/h3>\n<p><strong>1\/ Visite de la p\u00e9pini\u00e8re et des serres<\/strong><\/p>\n<ul>\n<li>Un guide p\u00e9pini\u00e9riste, vous fera d\u00e9couvrir les plantes et leurs sp\u00e9cificit\u00e9s lors d&rsquo;une visite de la p\u00e9pini\u00e8re<\/li>\n<li>Accompagn\u00e9 d&rsquo;un guide, vous visiterez la serre de cymbidium et d\u00e9couvrirez un climat tropical, condition id\u00e9ale pour cette plante exotique<\/li>\n<li>Vous terminerez votre visite dans la serre des fraises avec une explication sur les diff\u00e9rentes vari\u00e9t\u00e9s<\/li>\n<\/ul>\n<p><em>Dur\u00e9e : 1h<\/em><\/p>\n<p><strong>2\/ Atelier de rempotage<\/strong><\/p>\n<ul>\n<li>Autour d&rsquo;une table de rempotage, nous vous plongerons au <span class=\"ILfuVd\" lang=\"fr\"><span class=\"hgKElc\">c\u0153ur<\/span><\/span> de notre m\u00e9tier horticole.<\/li>\n<li>Les manches retrouss\u00e9es, nous vous montrerons comment bien planter une plante. Nous vous guiderons sur tous les \u00e9l\u00e9ments \u00e0 savoir pour son bien-\u00eatre que ce soit dans son nouveau pot ou en pleine terre et vous inviterons \u00e0 mettre en pratique vos nouvelles connaissances.<\/li>\n<\/ul>\n<p><em>Dur\u00e9e : 2h (visite + atelier rempotage)<\/em><\/p>\n<p>&nbsp;<\/p>\n","protected":false},"excerpt":{"rendered":"<p>D\u00e9couvrez une p\u00e9pini\u00e8re varoise et ses plantes m\u00e9diterran\u00e9ennes En vous baladant dans les all\u00e9es, vous d\u00e9couvrirez les nombreuses vari\u00e9t\u00e9s de plantes m\u00e9diterran\u00e9ennes, adapt\u00e9es au climat de notre r\u00e9gion. Des succulentes aux palmiers en passant par l&rsquo;incontournable olivier, nous vous parlerons de la sp\u00e9cificit\u00e9 de chacune de ces vari\u00e9t\u00e9s, de leur besoin de plantation, de leur [&hellip;]<\/p>\n","protected":false},"author":2,"featured_media":18934,"parent":147,"menu_order":0,"comment_status":"closed","ping_status":"closed","template":"","meta":[],"_links":{"self":[{"href":"https:\/\/www.varprovence-cruise.com\/fr\/wp-json\/wp\/v2\/pages\/18931"}],"collection":[{"href":"https:\/\/www.varprovence-cruise.com\/fr\/wp-json\/wp\/v2\/pages"}],"about":[{"href":"https:\/\/www.varprovence-cruise.com\/fr\/wp-json\/wp\/v2\/types\/page"}],"author":[{"embeddable":true,"href":"https:\/\/www.varprovence-cruise.com\/fr\/wp-json\/wp\/v2\/users\/2"}],"replies":[{"embeddable":true,"href":"https:\/\/www.varprovence-cruise.com\/fr\/wp-json\/wp\/v2\/comments?post=18931"}],"version-history":[{"count":9,"href":"https:\/\/www.varprovence-cruise.com\/fr\/wp-json\/wp\/v2\/pages\/18931\/revisions"}],"predecessor-version":[{"id":18950,"href":"https:\/\/www.varprovence-cruise.com\/fr\/wp-json\/wp\/v2\/pages\/18931\/revisions\/18950"}],"up":[{"embeddable":true,"href":"https:\/\/www.varprovence-cruise.com\/fr\/wp-json\/wp\/v2\/pages\/147"}],"wp:featuredmedia":[{"embeddable":true,"href":"https:\/\/www.varprovence-cruise.com\/fr\/wp-json\/wp\/v2\/media\/18934"}],"wp:attachment":[{"href":"https:\/\/www.varprovence-cruise.com\/fr\/wp-json\/wp\/v2\/media?parent=18931"}],"curies":[{"name":"wp","href":"https:\/\/api.w.org\/{rel}","templated":true}]}}