{"id":18921,"date":"2022-10-19T11:57:04","date_gmt":"2022-10-19T09:57:04","guid":{"rendered":"https:\/\/www.varprovence-cruise.com\/fr\/?page_id=18921"},"modified":"2022-10-19T15:16:17","modified_gmt":"2022-10-19T13:16:17","slug":"randonnee-dans-la-foret-de-janas-2","status":"publish","type":"page","link":"https:\/\/www.varprovence-cruise.com\/fr\/experience-var-provence\/idees-dexcursions\/randonnee-dans-la-foret-de-janas-2\/","title":{"rendered":"Randonn\u00e9e dans la for\u00eat de Janas"},"content":{"rendered":"<h2>Une for\u00eat majestueuse<\/h2>\n<p><strong>Faites escale \u00e0 La Seyne-sur-Mer<\/strong> dans l&rsquo;une des plus belles rades du monde. Du haut du Massif du Cap Sici\u00e9 (altitude 358 m) vous admirerez le panorama unique allant des <strong>Iles d&rsquo;Hy\u00e8res<\/strong> aux <strong>Calanques de Cassis<\/strong>.<\/p>\n<p><a href=\"https:\/\/www.varprovence-cruise.com\/fr\/wp-content\/uploads\/sites\/2\/2022\/10\/20210603_155852-scaled.jpeg\"><img loading=\"lazy\" class=\"wp-image-18927 alignright\" src=\"https:\/\/www.varprovence-cruise.com\/fr\/wp-content\/uploads\/sites\/2\/2022\/10\/20210603_155852-scaled.jpeg\" alt=\"\" width=\"150\" height=\"200\" srcset=\"https:\/\/www.varprovence-cruise.com\/fr\/wp-content\/uploads\/sites\/2\/2022\/10\/20210603_155852-scaled.jpeg 1920w, https:\/\/www.varprovence-cruise.com\/fr\/wp-content\/uploads\/sites\/2\/2022\/10\/20210603_155852-225x300.jpeg 225w, https:\/\/www.varprovence-cruise.com\/fr\/wp-content\/uploads\/sites\/2\/2022\/10\/20210603_155852-768x1024.jpeg 768w, https:\/\/www.varprovence-cruise.com\/fr\/wp-content\/uploads\/sites\/2\/2022\/10\/20210603_155852-1152x1536.jpeg 1152w, https:\/\/www.varprovence-cruise.com\/fr\/wp-content\/uploads\/sites\/2\/2022\/10\/20210603_155852-1536x2048.jpeg 1536w, https:\/\/www.varprovence-cruise.com\/fr\/wp-content\/uploads\/sites\/2\/2022\/10\/20210603_155852-767x1023.jpeg 767w, https:\/\/www.varprovence-cruise.com\/fr\/wp-content\/uploads\/sites\/2\/2022\/10\/20210603_155852-1023x1364.jpeg 1023w, https:\/\/www.varprovence-cruise.com\/fr\/wp-content\/uploads\/sites\/2\/2022\/10\/20210603_155852-1800x2400.jpeg 1800w, https:\/\/www.varprovence-cruise.com\/fr\/wp-content\/uploads\/sites\/2\/2022\/10\/20210603_155852-180x240.jpeg 180w, https:\/\/www.varprovence-cruise.com\/fr\/wp-content\/uploads\/sites\/2\/2022\/10\/20210603_155852-315x420.jpeg 315w, https:\/\/www.varprovence-cruise.com\/fr\/wp-content\/uploads\/sites\/2\/2022\/10\/20210603_155852-380x507.jpeg 380w, https:\/\/www.varprovence-cruise.com\/fr\/wp-content\/uploads\/sites\/2\/2022\/10\/20210603_155852-44x59.jpeg 44w, https:\/\/www.varprovence-cruise.com\/fr\/wp-content\/uploads\/sites\/2\/2022\/10\/20210603_155852-80x107.jpeg 80w, https:\/\/www.varprovence-cruise.com\/fr\/wp-content\/uploads\/sites\/2\/2022\/10\/20210603_155852-83x111.jpeg 83w, https:\/\/www.varprovence-cruise.com\/fr\/wp-content\/uploads\/sites\/2\/2022\/10\/20210603_155852-165x220.jpeg 165w, https:\/\/www.varprovence-cruise.com\/fr\/wp-content\/uploads\/sites\/2\/2022\/10\/20210603_155852-23x30.jpeg 23w, https:\/\/www.varprovence-cruise.com\/fr\/wp-content\/uploads\/sites\/2\/2022\/10\/20210603_155852-45x60.jpeg 45w, https:\/\/www.varprovence-cruise.com\/fr\/wp-content\/uploads\/sites\/2\/2022\/10\/20210603_155852-86x115.jpeg 86w\" sizes=\"(max-width: 150px) 100vw, 150px\" \/><\/a>\u00c0 travers la for\u00eat m\u00e9diterran\u00e9enne, la garrigue et les senteurs proven\u00e7ales, vous atteindrez la <strong>Chapelle Notre Dame du Mai<\/strong>, haut lieu de p\u00e8lerinage local. Des hauteurs, vous pourrez admirer un splendide panorama de falaises abruptes, de criques, de baies et de rivages. Ce massif est riche <strong>en histoire<\/strong> avec ses s\u00e9maphore et batteries dont les vestiges de celle construite sous les ordres du G\u00e9n\u00e9ral Bonaparte (Napol\u00e9on) pour la reconqu\u00eate du port de Toulon (1793).<\/p>\n<p>Vous appr\u00e9cierez cette balade au <span class=\"ILfuVd\" lang=\"fr\"><span class=\"hgKElc\">c\u0153ur<\/span><\/span> de <strong>400 hectares de for\u00eat<\/strong>, qui vous offre la possibilit\u00e9 d&rsquo;\u00eatre toujours \u00e0 l&rsquo;abri du vent.<\/p>\n<h3>Que faire:<\/h3>\n<p><em>Dur\u00e9e : environ 3 heures<\/em><\/p>\n<p><strong>D\u00e9couverte de la flore et des l\u00e9gendes de la for\u00eat et d\u00e9gustation de produits locaux<\/strong><\/p>\n<ul>\n<li>\n<p><strong>Une randonn\u00e9e guid\u00e9e en for\u00eat : <\/strong>Balade comment\u00e9e au cours de laquelle Nicole vous en dira plus sur les plantes et les l\u00e9gendes locales<br \/>\n<em>Dur\u00e9e : 2H30<\/em><\/p>\n<\/li>\n<\/ul>\n<ul>\n<li><strong>D\u00e9gustation de produits locaux et bio au Domaine de Fabregas : <\/strong>Un agriculteur sp\u00e9cialis\u00e9 dans les produits bio, qui vous fera d\u00e9couvrir ses fruits, ses l\u00e9gumes et ses miels<br \/>\n<em>Dur\u00e9e : 30 minutes<\/em><\/li>\n<\/ul>\n","protected":false},"excerpt":{"rendered":"<p>Une for\u00eat majestueuse Faites escale \u00e0 La Seyne-sur-Mer dans l&rsquo;une des plus belles rades du monde. Du haut du Massif du Cap Sici\u00e9 (altitude 358 m) vous admirerez le panorama unique allant des Iles d&rsquo;Hy\u00e8res aux Calanques de Cassis. \u00c0 travers la for\u00eat m\u00e9diterran\u00e9enne, la garrigue et les senteurs proven\u00e7ales, vous atteindrez la Chapelle Notre [&hellip;]<\/p>\n","protected":false},"author":2,"featured_media":18926,"parent":147,"menu_order":0,"comment_status":"closed","ping_status":"closed","template":"","meta":[],"_links":{"self":[{"href":"https:\/\/www.varprovence-cruise.com\/fr\/wp-json\/wp\/v2\/pages\/18921"}],"collection":[{"href":"https:\/\/www.varprovence-cruise.com\/fr\/wp-json\/wp\/v2\/pages"}],"about":[{"href":"https:\/\/www.varprovence-cruise.com\/fr\/wp-json\/wp\/v2\/types\/page"}],"author":[{"embeddable":true,"href":"https:\/\/www.varprovence-cruise.com\/fr\/wp-json\/wp\/v2\/users\/2"}],"replies":[{"embeddable":true,"href":"https:\/\/www.varprovence-cruise.com\/fr\/wp-json\/wp\/v2\/comments?post=18921"}],"version-history":[{"count":5,"href":"https:\/\/www.varprovence-cruise.com\/fr\/wp-json\/wp\/v2\/pages\/18921\/revisions"}],"predecessor-version":[{"id":18952,"href":"https:\/\/www.varprovence-cruise.com\/fr\/wp-json\/wp\/v2\/pages\/18921\/revisions\/18952"}],"up":[{"embeddable":true,"href":"https:\/\/www.varprovence-cruise.com\/fr\/wp-json\/wp\/v2\/pages\/147"}],"wp:featuredmedia":[{"embeddable":true,"href":"https:\/\/www.varprovence-cruise.com\/fr\/wp-json\/wp\/v2\/media\/18926"}],"wp:attachment":[{"href":"https:\/\/www.varprovence-cruise.com\/fr\/wp-json\/wp\/v2\/media?parent=18921"}],"curies":[{"name":"wp","href":"https:\/\/api.w.org\/{rel}","templated":true}]}}