{"id":18896,"date":"2022-10-18T16:53:53","date_gmt":"2022-10-18T14:53:53","guid":{"rendered":"https:\/\/www.varprovence-cruise.com\/fr\/?page_id=18896"},"modified":"2022-10-18T16:53:53","modified_gmt":"2022-10-18T14:53:53","slug":"les-orchidees-de-michel-vacherot","status":"publish","type":"page","link":"https:\/\/www.varprovence-cruise.com\/fr\/experience-var-provence\/idees-dexcursions\/les-orchidees-de-michel-vacherot\/","title":{"rendered":"Les Orchid\u00e9es de Michel Vacherot"},"content":{"rendered":"<h2>Les Orchid\u00e9es de Michel<\/h2>\n<p>Depuis 1886, la famille Vacherot est anim\u00e9e par la passion des orchid\u00e9es tropicales. Cette visite vous m\u00e8nera \u00e0 travers les serres : vous y d\u00e9couvrirez le cycle de vie de la plante et comment faire pousser cette fleur qui peut s&rsquo;av\u00e9rer un peu difficile. L&rsquo;innovation fait \u00e9galement partie int\u00e9grante du lieu : le laboratoire peut cr\u00e9er de nouvelles vari\u00e9t\u00e9s in vitro, et \u0153uvre pour la pr\u00e9servation des esp\u00e8ces v\u00e9g\u00e9tales menac\u00e9es de disparition dans leur milieu naturel !<\/p>\n<p>Selon les saisons, vous admirerez dans la serre diff\u00e9rentes esp\u00e8ces aux couleurs souvent chatoyantes et aux parfums parfois surprenants.<\/p>\n<p><a href=\"https:\/\/www.varprovence-cruise.com\/fr\/wp-content\/uploads\/sites\/2\/2022\/10\/p1030417.jpg\"><img loading=\"lazy\" class=\"wp-image-18914 aligncenter\" src=\"https:\/\/www.varprovence-cruise.com\/fr\/wp-content\/uploads\/sites\/2\/2022\/10\/p1030417.jpg\" alt=\"\" width=\"338\" height=\"254\" srcset=\"https:\/\/www.varprovence-cruise.com\/fr\/wp-content\/uploads\/sites\/2\/2022\/10\/p1030417.jpg 1200w, https:\/\/www.varprovence-cruise.com\/fr\/wp-content\/uploads\/sites\/2\/2022\/10\/p1030417-300x225.jpg 300w, https:\/\/www.varprovence-cruise.com\/fr\/wp-content\/uploads\/sites\/2\/2022\/10\/p1030417-1024x768.jpg 1024w, https:\/\/www.varprovence-cruise.com\/fr\/wp-content\/uploads\/sites\/2\/2022\/10\/p1030417-768x576.jpg 768w, https:\/\/www.varprovence-cruise.com\/fr\/wp-content\/uploads\/sites\/2\/2022\/10\/p1030417-767x575.jpg 767w, https:\/\/www.varprovence-cruise.com\/fr\/wp-content\/uploads\/sites\/2\/2022\/10\/p1030417-1023x767.jpg 1023w, https:\/\/www.varprovence-cruise.com\/fr\/wp-content\/uploads\/sites\/2\/2022\/10\/p1030417-180x135.jpg 180w, https:\/\/www.varprovence-cruise.com\/fr\/wp-content\/uploads\/sites\/2\/2022\/10\/p1030417-315x236.jpg 315w, https:\/\/www.varprovence-cruise.com\/fr\/wp-content\/uploads\/sites\/2\/2022\/10\/p1030417-380x285.jpg 380w, https:\/\/www.varprovence-cruise.com\/fr\/wp-content\/uploads\/sites\/2\/2022\/10\/p1030417-44x33.jpg 44w, https:\/\/www.varprovence-cruise.com\/fr\/wp-content\/uploads\/sites\/2\/2022\/10\/p1030417-80x60.jpg 80w, https:\/\/www.varprovence-cruise.com\/fr\/wp-content\/uploads\/sites\/2\/2022\/10\/p1030417-83x62.jpg 83w, https:\/\/www.varprovence-cruise.com\/fr\/wp-content\/uploads\/sites\/2\/2022\/10\/p1030417-165x124.jpg 165w, https:\/\/www.varprovence-cruise.com\/fr\/wp-content\/uploads\/sites\/2\/2022\/10\/p1030417-40x30.jpg 40w, https:\/\/www.varprovence-cruise.com\/fr\/wp-content\/uploads\/sites\/2\/2022\/10\/p1030417-86x65.jpg 86w\" sizes=\"(max-width: 338px) 100vw, 338px\" \/><\/a><\/p>\n<h3>Que faire ?<\/h3>\n<p class=\"m_-5140785080029398131gmail-msonospacing\">1\/ <strong>Visite d\u00e9couverte d\u2019une serre de production d\u2019<span class=\"il\">orchid<\/span>\u00e9es tropicales<\/strong><\/p>\n<p class=\"m_-5140785080029398131gmail-msonospacing\">Vous pourrez d\u00e9couvrir tous les secrets de la vie d\u2019une <span class=\"il\">orchid<\/span>\u00e9e. Nous vous apprendrons d\u2019o\u00f9 viennent ces plantes incroyables, leur syst\u00e8me de reproduction, la diversit\u00e9 de leurs modes de vie et surtout quelle est la meilleure mani\u00e8re de s\u2019en occuper. Vous pourrez voir comment se pratique un rempotage.<\/p>\n<p><em>Dur\u00e9e de la visite : Environ 1h30<\/em><\/p>\n<p class=\"m_-5140785080029398131gmail-msonospacing\">2\/<strong> D\u00e9couverte pratique des <span class=\"il\">orchid<\/span>\u00e9es chez un producteur de renom.<\/strong><\/p>\n<p class=\"m_-5140785080029398131gmail-msonospacing\">Vous apprendrez comment cultiver des <span class=\"il\">orchid<\/span>\u00e9es \u00e0 la maison de mani\u00e8re \u00e0 obtenir de belles floraisons. Nous vous ferons d\u00e9couvrir tous les secrets de la vie d\u2019une <span class=\"il\">orchid<\/span>\u00e9e. Nous vous apprendrons d\u2019o\u00f9 viennent ces plantes incroyables, leur syst\u00e8me de reproduction, la diversit\u00e9 de leurs modes de vie. Prot\u00e9g\u00e9 par un joli tablier qui vous sera offert, vous pratiquerez vous-m\u00eame un rempotage sous nos conseils avis\u00e9s. Nous vous pr\u00e9senterons selon la saison nos plus beaux sp\u00e9cimens aux couleurs chatoyantes et aux parfums parfois surprenants.<u><\/u><u><\/u><\/p>\n<p class=\"m_-5140785080029398131gmail-msonospacing\"><em>Dur\u00e9e de la visite : Environ 2h30<\/em><\/p>\n<p>\u00c0 l\u2019issue de la visite vous pourrez d\u00e9guster notre ap\u00e9ritif vanill\u00e9 et repartir avec notre recette. Vous pourrez acqu\u00e9rir sur place les ingr\u00e9dients n\u00e9cessaires \u00e0 sa r\u00e9alisation.<\/p>\n","protected":false},"excerpt":{"rendered":"<p>Les Orchid\u00e9es de Michel Depuis 1886, la famille Vacherot est anim\u00e9e par la passion des orchid\u00e9es tropicales. Cette visite vous m\u00e8nera \u00e0 travers les serres : vous y d\u00e9couvrirez le cycle de vie de la plante et comment faire pousser cette fleur qui peut s&rsquo;av\u00e9rer un peu difficile. L&rsquo;innovation fait \u00e9galement partie int\u00e9grante du lieu [&hellip;]<\/p>\n","protected":false},"author":2,"featured_media":18913,"parent":147,"menu_order":0,"comment_status":"closed","ping_status":"closed","template":"","meta":[],"_links":{"self":[{"href":"https:\/\/www.varprovence-cruise.com\/fr\/wp-json\/wp\/v2\/pages\/18896"}],"collection":[{"href":"https:\/\/www.varprovence-cruise.com\/fr\/wp-json\/wp\/v2\/pages"}],"about":[{"href":"https:\/\/www.varprovence-cruise.com\/fr\/wp-json\/wp\/v2\/types\/page"}],"author":[{"embeddable":true,"href":"https:\/\/www.varprovence-cruise.com\/fr\/wp-json\/wp\/v2\/users\/2"}],"replies":[{"embeddable":true,"href":"https:\/\/www.varprovence-cruise.com\/fr\/wp-json\/wp\/v2\/comments?post=18896"}],"version-history":[{"count":4,"href":"https:\/\/www.varprovence-cruise.com\/fr\/wp-json\/wp\/v2\/pages\/18896\/revisions"}],"predecessor-version":[{"id":18920,"href":"https:\/\/www.varprovence-cruise.com\/fr\/wp-json\/wp\/v2\/pages\/18896\/revisions\/18920"}],"up":[{"embeddable":true,"href":"https:\/\/www.varprovence-cruise.com\/fr\/wp-json\/wp\/v2\/pages\/147"}],"wp:featuredmedia":[{"embeddable":true,"href":"https:\/\/www.varprovence-cruise.com\/fr\/wp-json\/wp\/v2\/media\/18913"}],"wp:attachment":[{"href":"https:\/\/www.varprovence-cruise.com\/fr\/wp-json\/wp\/v2\/media?parent=18896"}],"curies":[{"name":"wp","href":"https:\/\/api.w.org\/{rel}","templated":true}]}}