{"id":1799,"date":"2021-06-15T07:26:59","date_gmt":"2021-06-15T06:26:59","guid":{"rendered":"https:\/\/www.varprovence-cruise.com\/fr\/bien-etredetente-nature"},"modified":"2021-08-25T23:16:12","modified_gmt":"2021-08-25T21:16:12","slug":"bien-etredetente-nature","status":"publish","type":"page","link":"https:\/\/www.varprovence-cruise.com\/fr\/bien-etredetente-nature\/","title":{"rendered":"Bien-\u00eatre\/D\u00e9tente &#038; Nature"},"content":{"rendered":"<p>Le Var poss\u00e8de un riche patrimoine naturel. Il est en effet l&rsquo;un des d\u00e9partements fran\u00e7ais comptant le plus d\u2019espaces naturels prot\u00e9g\u00e9s pour le plus grand plaisir des amoureux de la nature. Laissez-vous s\u00e9duire par les nombreux massifs et coteaux bois\u00e9s de pins et de ch\u00eanes, les oliveraies en terrasses, les sentiers \u00e0 travers les vignes mais aussi par les paysages \u00e9poustouflants sur les bords de la mer M\u00e9diterran\u00e9e. Le Var est aussi un lieu de d\u00e9tente avec de nombreux espaces bien-\u00eatre pour se relaxer et profiter paisiblement de son s\u00e9jour.<\/p>\n","protected":false},"excerpt":{"rendered":"<p>Le Var poss\u00e8de un riche patrimoine naturel. Il est en effet l&rsquo;un des d\u00e9partements fran\u00e7ais comptant le plus d\u2019espaces naturels prot\u00e9g\u00e9s pour le plus grand plaisir des amoureux de la nature. Laissez-vous s\u00e9duire par les nombreux massifs et coteaux bois\u00e9s de pins et de ch\u00eanes, les oliveraies en terrasses, les sentiers \u00e0 travers les vignes [&hellip;]<\/p>\n","protected":false},"author":1,"featured_media":1729,"parent":0,"menu_order":0,"comment_status":"closed","ping_status":"closed","template":"page-theme-excursion.php","meta":[],"_links":{"self":[{"href":"https:\/\/www.varprovence-cruise.com\/fr\/wp-json\/wp\/v2\/pages\/1799"}],"collection":[{"href":"https:\/\/www.varprovence-cruise.com\/fr\/wp-json\/wp\/v2\/pages"}],"about":[{"href":"https:\/\/www.varprovence-cruise.com\/fr\/wp-json\/wp\/v2\/types\/page"}],"author":[{"embeddable":true,"href":"https:\/\/www.varprovence-cruise.com\/fr\/wp-json\/wp\/v2\/users\/1"}],"replies":[{"embeddable":true,"href":"https:\/\/www.varprovence-cruise.com\/fr\/wp-json\/wp\/v2\/comments?post=1799"}],"version-history":[{"count":5,"href":"https:\/\/www.varprovence-cruise.com\/fr\/wp-json\/wp\/v2\/pages\/1799\/revisions"}],"predecessor-version":[{"id":13615,"href":"https:\/\/www.varprovence-cruise.com\/fr\/wp-json\/wp\/v2\/pages\/1799\/revisions\/13615"}],"wp:featuredmedia":[{"embeddable":true,"href":"https:\/\/www.varprovence-cruise.com\/fr\/wp-json\/wp\/v2\/media\/1729"}],"wp:attachment":[{"href":"https:\/\/www.varprovence-cruise.com\/fr\/wp-json\/wp\/v2\/media?parent=1799"}],"curies":[{"name":"wp","href":"https:\/\/api.w.org\/{rel}","templated":true}]}}