{"id":1795,"date":"2021-06-15T07:26:59","date_gmt":"2021-06-15T06:26:59","guid":{"rendered":"https:\/\/www.varprovence-cruise.com\/fr\/sports-loisirs"},"modified":"2021-08-24T23:41:05","modified_gmt":"2021-08-24T21:41:05","slug":"sports-loisirs","status":"publish","type":"page","link":"https:\/\/www.varprovence-cruise.com\/fr\/sports-loisirs\/","title":{"rendered":"Sports &#038; Loisirs"},"content":{"rendered":"<p>Avec ses multiples paysages o\u00f9 cohabitent rivi\u00e8res tumultueuses, paisibles lacs, for\u00eats denses, montagnes \u00e0 explorer, nombreux sentiers de randonn\u00e9e sans oublier son magnifique littoral et ses 300 jours de soleil par an, le Var repr\u00e9sente le lieu id\u00e9al pour d\u00e9couvrir toute une gamme d\u2019activit\u00e9s ext\u00e9rieures et int\u00e9rieures pour tous les go\u00fbts et tous les \u00e2ges !<\/p>\n<p>&nbsp;<\/p>\n","protected":false},"excerpt":{"rendered":"<p>Avec ses multiples paysages o\u00f9 cohabitent rivi\u00e8res tumultueuses, paisibles lacs, for\u00eats denses, montagnes \u00e0 explorer, nombreux sentiers de randonn\u00e9e sans oublier son magnifique littoral et ses 300 jours de soleil par an, le Var repr\u00e9sente le lieu id\u00e9al pour d\u00e9couvrir toute une gamme d\u2019activit\u00e9s ext\u00e9rieures et int\u00e9rieures pour tous les go\u00fbts et tous les \u00e2ges [&hellip;]<\/p>\n","protected":false},"author":1,"featured_media":3516,"parent":0,"menu_order":0,"comment_status":"closed","ping_status":"closed","template":"page-theme-excursion.php","meta":[],"_links":{"self":[{"href":"https:\/\/www.varprovence-cruise.com\/fr\/wp-json\/wp\/v2\/pages\/1795"}],"collection":[{"href":"https:\/\/www.varprovence-cruise.com\/fr\/wp-json\/wp\/v2\/pages"}],"about":[{"href":"https:\/\/www.varprovence-cruise.com\/fr\/wp-json\/wp\/v2\/types\/page"}],"author":[{"embeddable":true,"href":"https:\/\/www.varprovence-cruise.com\/fr\/wp-json\/wp\/v2\/users\/1"}],"replies":[{"embeddable":true,"href":"https:\/\/www.varprovence-cruise.com\/fr\/wp-json\/wp\/v2\/comments?post=1795"}],"version-history":[{"count":3,"href":"https:\/\/www.varprovence-cruise.com\/fr\/wp-json\/wp\/v2\/pages\/1795\/revisions"}],"predecessor-version":[{"id":13598,"href":"https:\/\/www.varprovence-cruise.com\/fr\/wp-json\/wp\/v2\/pages\/1795\/revisions\/13598"}],"wp:featuredmedia":[{"embeddable":true,"href":"https:\/\/www.varprovence-cruise.com\/fr\/wp-json\/wp\/v2\/media\/3516"}],"wp:attachment":[{"href":"https:\/\/www.varprovence-cruise.com\/fr\/wp-json\/wp\/v2\/media?parent=1795"}],"curies":[{"name":"wp","href":"https:\/\/api.w.org\/{rel}","templated":true}]}}