{"id":153,"date":"2021-06-15T07:26:58","date_gmt":"2021-06-15T06:26:58","guid":{"rendered":"https:\/\/www.varprovence-cruise.com\/fr\/culture"},"modified":"2021-08-20T12:44:12","modified_gmt":"2021-08-20T10:44:12","slug":"culture","status":"publish","type":"page","link":"https:\/\/www.varprovence-cruise.com\/fr\/culture\/","title":{"rendered":"Culture"},"content":{"rendered":"<p>La Provence varoise, terre d&rsquo;accueil des civilisations et du commerce, offre un patrimoine culturel \u00e9tonnant et regorge de nombreux vestiges, t\u00e9moins de sa riche histoire. Des m\u00e9galithes aux cit\u00e9s romaines, des villages m\u00e9di\u00e9vaux au patrimoine religieux et militaire tel que le M\u00e9morial du d\u00e9barquement de la Seconde Guerre mondiale, le Var d\u00e9voile son riche pass\u00e9 \u00e0 travers ses sites exceptionnels.<\/p>\n","protected":false},"excerpt":{"rendered":"<p>La Provence varoise, terre d&rsquo;accueil des civilisations et du commerce, offre un patrimoine culturel \u00e9tonnant et regorge de nombreux vestiges, t\u00e9moins de sa riche histoire. Des m\u00e9galithes aux cit\u00e9s romaines, des villages m\u00e9di\u00e9vaux au patrimoine religieux et militaire tel que le M\u00e9morial du d\u00e9barquement de la Seconde Guerre mondiale, le Var d\u00e9voile son riche pass\u00e9 [&hellip;]<\/p>\n","protected":false},"author":1,"featured_media":3183,"parent":0,"menu_order":0,"comment_status":"closed","ping_status":"closed","template":"page-theme-excursion.php","meta":[],"_links":{"self":[{"href":"https:\/\/www.varprovence-cruise.com\/fr\/wp-json\/wp\/v2\/pages\/153"}],"collection":[{"href":"https:\/\/www.varprovence-cruise.com\/fr\/wp-json\/wp\/v2\/pages"}],"about":[{"href":"https:\/\/www.varprovence-cruise.com\/fr\/wp-json\/wp\/v2\/types\/page"}],"author":[{"embeddable":true,"href":"https:\/\/www.varprovence-cruise.com\/fr\/wp-json\/wp\/v2\/users\/1"}],"replies":[{"embeddable":true,"href":"https:\/\/www.varprovence-cruise.com\/fr\/wp-json\/wp\/v2\/comments?post=153"}],"version-history":[{"count":2,"href":"https:\/\/www.varprovence-cruise.com\/fr\/wp-json\/wp\/v2\/pages\/153\/revisions"}],"predecessor-version":[{"id":13589,"href":"https:\/\/www.varprovence-cruise.com\/fr\/wp-json\/wp\/v2\/pages\/153\/revisions\/13589"}],"wp:featuredmedia":[{"embeddable":true,"href":"https:\/\/www.varprovence-cruise.com\/fr\/wp-json\/wp\/v2\/media\/3183"}],"wp:attachment":[{"href":"https:\/\/www.varprovence-cruise.com\/fr\/wp-json\/wp\/v2\/media?parent=153"}],"curies":[{"name":"wp","href":"https:\/\/api.w.org\/{rel}","templated":true}]}}