{"id":15048,"date":"2021-12-27T19:33:28","date_gmt":"2021-12-27T18:33:28","guid":{"rendered":"https:\/\/www.varprovence-cruise.com\/fr\/discover-rue-des-arts-the-most-arty-trendy-street-in-toulon"},"modified":"2022-05-02T00:06:52","modified_gmt":"2022-05-01T22:06:52","slug":"decouvrez-la-rue-des-arts-la-rue-la-plus-tendance-de-toulon","status":"publish","type":"page","link":"https:\/\/www.varprovence-cruise.com\/fr\/experience-var-provence\/idees-dexcursions\/decouvrez-la-rue-des-arts-la-rue-la-plus-tendance-de-toulon\/","title":{"rendered":"D\u00e9couvrez la Rue des Arts : La rue la plus tendance de Toulon"},"content":{"rendered":"<h2>Pr\u00e9sentation de la \u201cRue des Arts\u201d<\/h2>\n<p>La \u201cRue des Arts\u201d est une rue situ\u00e9e au c\u0153ur du centre historique de Toulon d\u00e9di\u00e9e \u00e0 l&rsquo;art et \u00e0 l&rsquo;art de vivre. Transform\u00e9e en parcours d\u00e9couverte, la rue Pierre S\u00e9mard est devenue un lieu dynamique o\u00f9 les visiteurs peuvent combler toutes leurs envies : boutiques d&rsquo;artisanat, galeries d&rsquo;art, salles d&rsquo;expositions, boutiques de d\u00e9coration et vintage\u2026 Les artistes ont fait de cette rue et des lieux alentours, un espace festif et ouvert o\u00f9 diff\u00e9rents \u00e9v\u00e9nements sont organis\u00e9s : concerts, vernissages, d\u00e9gustations et bien plus encore !<\/p>\n<p><img loading=\"lazy\" width=\"1024\" height=\"682\" class=\"alignnone size-full wp-image-3875\" src=\"https:\/\/www.varprovence-cruise.com\/fr\/wp-content\/uploads\/sites\/2\/2020\/04\/toulon-art-district-cmarikellahana-o.g.jpg\" alt=\"\" srcset=\"https:\/\/www.varprovence-cruise.com\/fr\/wp-content\/uploads\/sites\/2\/2020\/04\/toulon-art-district-cmarikellahana-o.g.jpg 1024w, https:\/\/www.varprovence-cruise.com\/fr\/wp-content\/uploads\/sites\/2\/2020\/04\/toulon-art-district-cmarikellahana-o.g-300x200.jpg 300w, https:\/\/www.varprovence-cruise.com\/fr\/wp-content\/uploads\/sites\/2\/2020\/04\/toulon-art-district-cmarikellahana-o.g-768x512.jpg 768w, https:\/\/www.varprovence-cruise.com\/fr\/wp-content\/uploads\/sites\/2\/2020\/04\/toulon-art-district-cmarikellahana-o.g-767x511.jpg 767w, https:\/\/www.varprovence-cruise.com\/fr\/wp-content\/uploads\/sites\/2\/2020\/04\/toulon-art-district-cmarikellahana-o.g-1023x681.jpg 1023w, https:\/\/www.varprovence-cruise.com\/fr\/wp-content\/uploads\/sites\/2\/2020\/04\/toulon-art-district-cmarikellahana-o.g-180x120.jpg 180w, https:\/\/www.varprovence-cruise.com\/fr\/wp-content\/uploads\/sites\/2\/2020\/04\/toulon-art-district-cmarikellahana-o.g-315x210.jpg 315w, https:\/\/www.varprovence-cruise.com\/fr\/wp-content\/uploads\/sites\/2\/2020\/04\/toulon-art-district-cmarikellahana-o.g-380x253.jpg 380w, https:\/\/www.varprovence-cruise.com\/fr\/wp-content\/uploads\/sites\/2\/2020\/04\/toulon-art-district-cmarikellahana-o.g-44x29.jpg 44w, https:\/\/www.varprovence-cruise.com\/fr\/wp-content\/uploads\/sites\/2\/2020\/04\/toulon-art-district-cmarikellahana-o.g-80x53.jpg 80w, https:\/\/www.varprovence-cruise.com\/fr\/wp-content\/uploads\/sites\/2\/2020\/04\/toulon-art-district-cmarikellahana-o.g-83x55.jpg 83w, https:\/\/www.varprovence-cruise.com\/fr\/wp-content\/uploads\/sites\/2\/2020\/04\/toulon-art-district-cmarikellahana-o.g-165x110.jpg 165w, https:\/\/www.varprovence-cruise.com\/fr\/wp-content\/uploads\/sites\/2\/2020\/04\/toulon-art-district-cmarikellahana-o.g-45x30.jpg 45w, https:\/\/www.varprovence-cruise.com\/fr\/wp-content\/uploads\/sites\/2\/2020\/04\/toulon-art-district-cmarikellahana-o.g-90x60.jpg 90w, https:\/\/www.varprovence-cruise.com\/fr\/wp-content\/uploads\/sites\/2\/2020\/04\/toulon-art-district-cmarikellahana-o.g-86x57.jpg 86w\" sizes=\"(max-width: 1024px) 100vw, 1024px\" \/><\/p>\n<h3>Rencontrez des artistes locaux et participez \u00e0 leurs ateliers !<\/h3>\n<p>Les artistes et les artisans de cette rue proposent un large \u00e9ventail d&rsquo;ateliers : de la peinture \u00e0 la couture en passant par le modelage et le tissage, tout le monde peut s&rsquo;essayer &#8211; d\u00e9butants, experts et m\u00eame les enfants !\u00a0<\/p>\n<p><em>Il est n\u00e9cessaire de convenir d&rsquo;un rendez-vous au pr\u00e9alable pour chaque atelier.<\/em><\/p>\n<p>&nbsp;<\/p>\n","protected":false},"excerpt":{"rendered":"<p>Pr\u00e9sentation de la \u201cRue des Arts\u201d La \u201cRue des Arts\u201d est une rue situ\u00e9e au c\u0153ur du centre historique de Toulon d\u00e9di\u00e9e \u00e0 l&rsquo;art et \u00e0 l&rsquo;art de vivre. Transform\u00e9e en parcours d\u00e9couverte, la rue Pierre S\u00e9mard est devenue un lieu dynamique o\u00f9 les visiteurs peuvent combler toutes leurs envies : boutiques d&rsquo;artisanat, galeries d&rsquo;art, [&hellip;]<\/p>\n","protected":false},"author":2,"featured_media":3282,"parent":147,"menu_order":0,"comment_status":"closed","ping_status":"closed","template":"","meta":[],"_links":{"self":[{"href":"https:\/\/www.varprovence-cruise.com\/fr\/wp-json\/wp\/v2\/pages\/15048"}],"collection":[{"href":"https:\/\/www.varprovence-cruise.com\/fr\/wp-json\/wp\/v2\/pages"}],"about":[{"href":"https:\/\/www.varprovence-cruise.com\/fr\/wp-json\/wp\/v2\/types\/page"}],"author":[{"embeddable":true,"href":"https:\/\/www.varprovence-cruise.com\/fr\/wp-json\/wp\/v2\/users\/2"}],"replies":[{"embeddable":true,"href":"https:\/\/www.varprovence-cruise.com\/fr\/wp-json\/wp\/v2\/comments?post=15048"}],"version-history":[{"count":10,"href":"https:\/\/www.varprovence-cruise.com\/fr\/wp-json\/wp\/v2\/pages\/15048\/revisions"}],"predecessor-version":[{"id":17395,"href":"https:\/\/www.varprovence-cruise.com\/fr\/wp-json\/wp\/v2\/pages\/15048\/revisions\/17395"}],"up":[{"embeddable":true,"href":"https:\/\/www.varprovence-cruise.com\/fr\/wp-json\/wp\/v2\/pages\/147"}],"wp:featuredmedia":[{"embeddable":true,"href":"https:\/\/www.varprovence-cruise.com\/fr\/wp-json\/wp\/v2\/media\/3282"}],"wp:attachment":[{"href":"https:\/\/www.varprovence-cruise.com\/fr\/wp-json\/wp\/v2\/media?parent=15048"}],"curies":[{"name":"wp","href":"https:\/\/api.w.org\/{rel}","templated":true}]}}