{"id":149,"date":"2021-06-15T07:26:58","date_gmt":"2021-06-15T06:26:58","guid":{"rendered":"https:\/\/www.varprovence-cruise.com\/fr\/golf"},"modified":"2021-09-20T11:06:28","modified_gmt":"2021-09-20T09:06:28","slug":"golf","status":"publish","type":"page","link":"https:\/\/www.varprovence-cruise.com\/fr\/golf\/","title":{"rendered":"Golf"},"content":{"rendered":"<p>Avec ses 22 terrains de golf, le Var est reconnu comme \u00e9tant la capitale du golf de Provence C\u00f4te d&rsquo;Azur. Que vous soyez golfeur d\u00e9butant ou confirm\u00e9, vous trouverez votre bonheur sur les golfs proven\u00e7aux. Situ\u00e9s au c\u0153ur de la campagne proven\u00e7ale ou surplombant les bords de la M\u00e9diterran\u00e9e, venez jouer dans des lieux exceptionnels.<\/p>\n<h2>\u00a0<\/h2>\n<p>&nbsp;<\/p>\n","protected":false},"excerpt":{"rendered":"<p>Avec ses 22 terrains de golf, le Var est reconnu comme \u00e9tant la capitale du golf de Provence C\u00f4te d&rsquo;Azur. Que vous soyez golfeur d\u00e9butant ou confirm\u00e9, vous trouverez votre bonheur sur les golfs proven\u00e7aux. Situ\u00e9s au c\u0153ur de la campagne proven\u00e7ale ou surplombant les bords de la M\u00e9diterran\u00e9e, venez jouer dans des lieux exceptionnels. [&hellip;]<\/p>\n","protected":false},"author":1,"featured_media":4346,"parent":0,"menu_order":0,"comment_status":"closed","ping_status":"closed","template":"page-theme-excursion.php","meta":[],"_links":{"self":[{"href":"https:\/\/www.varprovence-cruise.com\/fr\/wp-json\/wp\/v2\/pages\/149"}],"collection":[{"href":"https:\/\/www.varprovence-cruise.com\/fr\/wp-json\/wp\/v2\/pages"}],"about":[{"href":"https:\/\/www.varprovence-cruise.com\/fr\/wp-json\/wp\/v2\/types\/page"}],"author":[{"embeddable":true,"href":"https:\/\/www.varprovence-cruise.com\/fr\/wp-json\/wp\/v2\/users\/1"}],"replies":[{"embeddable":true,"href":"https:\/\/www.varprovence-cruise.com\/fr\/wp-json\/wp\/v2\/comments?post=149"}],"version-history":[{"count":3,"href":"https:\/\/www.varprovence-cruise.com\/fr\/wp-json\/wp\/v2\/pages\/149\/revisions"}],"predecessor-version":[{"id":13592,"href":"https:\/\/www.varprovence-cruise.com\/fr\/wp-json\/wp\/v2\/pages\/149\/revisions\/13592"}],"wp:featuredmedia":[{"embeddable":true,"href":"https:\/\/www.varprovence-cruise.com\/fr\/wp-json\/wp\/v2\/media\/4346"}],"wp:attachment":[{"href":"https:\/\/www.varprovence-cruise.com\/fr\/wp-json\/wp\/v2\/media?parent=149"}],"curies":[{"name":"wp","href":"https:\/\/api.w.org\/{rel}","templated":true}]}}